{"id":15313,"date":"2020-03-10T11:17:22","date_gmt":"2020-03-10T10:17:22","guid":{"rendered":"https:\/\/skyforce.pl\/?post_type=product&#038;p=15313"},"modified":"2025-04-10T11:16:08","modified_gmt":"2025-04-10T09:16:08","slug":"skok-tandem-4200-premium","status":"publish","type":"product","link":"http:\/\/skyforce.pl\/en\/product\/skok-tandem-4200-premium\/","title":{"rendered":"SKOK TANDEM <\/br> 4200 PREMIUM"},"content":{"rendered":"<h3><strong>Pakiet us\u0142ug dodatkowych<\/strong>\u00a0(niezb\u0119dnych do wykonania skoku):<\/h3>\n<ul>\n<li>ground training before the jump;<\/li>\n<li>jump equipment (goggles and suit);<\/li>\n<li>12 minutes of flight with assault landing aircraft SkyVan SC-7;<\/li>\n<li>Tandem Jump certificate.<\/li>\n<\/ul>\n<h3><span style=\"font-size: 24px; font-weight: bold;\">Wa\u017cne informacje i warunki realizacji skoku:<\/span><\/h3>\n<div id=\"importantinfo\">\n<ul>\n<li>Rezerwacja upowa\u017cnia jedn\u0105 osob\u0119 do\u00a0wykonania<strong>\u00a0zarejestrowanego wcze\u015bniej skoku<\/strong>\u00a0w\u00a0uzgodnionym przez obie strony terminie.<\/li>\n<li><strong>Skoki tandemowe wykonujemy na naszej strefie w weekendy, przez ca\u0142y sezon<\/strong>\u00a0(trwaj\u0105cy od pocz\u0105tku kwietnia, a\u017c do ko\u0144ca\u00a0pa\u017adziernika).<\/li>\n<li>Passenger weight must not exceed\u00a0<strong>110 kg<\/strong>;<\/li>\n<li>To jump in a tandem you should measure\u00a0<strong>min. 140 cm wzrostu<\/strong>;<\/li>\n<li>Do skoku w tandemie nie jest potrzebne ubezpieczenie ani badania lekarskie;<\/li>\n<li>The instructor should be informed of all illnesses and serious injuries;<\/li>\n<li>Osoby niepe\u0142noletnie musz\u0105 posiada\u0107\u00a0<strong>zgod\u0119 obojga rodzic\u00f3w<\/strong>;<\/li>\n<li>Skoki spadochronowe wykonywane s\u0105 tylko przy odpowiednich warunkach atmosferycznych. SkyForce nie ponosi odpowiedzialno\u015bci za brak odpowiedniej pogody i inne sytuacje losowe;<\/li>\n<li>W przypadku braku dobrej pogody, skok tandemowy przek\u0142adany jest na inny, uzgodniony przez obie strony termin.<\/li>\n<\/ul>\n<\/div>","protected":false},"excerpt":{"rendered":"<p><strong>Vouchery wysy\u0142amy do 5 dni roboczych, je\u015bli potrzebujesz szybciej prosimy o kontakt mailowy\u00a0<a href=\"mailto:zapisy@skyforce.pl\">zapisy@skyforce.pl<\/a>!<\/strong><\/p>\n<p><strong>Skok w tandemie z instruktorem z 4200m z\u00a0<\/strong><strong>zestawem dokumentacji skoku (zdj\u0119cia i filmy) z kamery GoPro zewn\u0119trznego skoczka-kamerzysty.<\/strong><\/p>\n<ul>\n<li>ok. 55 sekund swobodnego spadania;<\/li>\n<li>5 minut szybowania z otwartym spadochronem;<\/li>\n<\/ul>\n<p>Tandem to skok z instruktorem, kt\u00f3rego g\u0142\u00f3wnym celem jest \u015bwietna zabawa.<br \/>\nTo w\u0142a\u015bnie instruktor czuwa nad przebiegiem ca\u0142ego\u00a0skoku, dlatego skoki tego typu s\u0105 niezwykle bezpieczne, zapewniaj\u0105c przy tym niezapomniane emocje.<\/p>\n<p><strong>WA\u017bNE! W przypadku wyboru opcji zap\u0142aty &#8222;na miejscu przed skokiem&#8221; oraz &#8222;zaliczki 50%&#8221;,\u00a0 kwota zap\u0142aty wyliczana jest na podstawie aktualnie obowi\u0105zuj\u0105cych w dniu skoku cen za dany wariant skoku. \ud83d\ude42<\/strong><\/p>","protected":false},"featured_media":15475,"comment_status":"open","ping_status":"closed","template":"","meta":[],"product_brand":[],"product_cat":[67],"product_tag":[],"class_list":{"0":"post-15313","1":"product","2":"type-product","3":"status-publish","4":"has-post-thumbnail","6":"product_cat-skoki-tandemowe","8":"first","9":"instock","10":"sale","11":"shipping-taxable","12":"purchasable","13":"product-type-variable"},"yoast_head":"<!-- This site is optimized with the Yoast SEO plugin v26.9 - https:\/\/yoast.com\/product\/yoast-seo-wordpress\/ -->\n<title>SKOK TANDEM  4200 PREMIUM - Skyforce - Skoki spadochronowe Warszawa, \u0141\u00f3d\u017a<\/title>\n<meta name=\"robots\" content=\"index, follow, max-snippet:-1, max-image-preview:large, max-video-preview:-1\" \/>\n<link rel=\"canonical\" href=\"https:\/\/skyforce.pl\/en\/product\/skok-tandem-4200-premium\/\" \/>\n<meta property=\"og:locale\" content=\"en_GB\" \/>\n<meta property=\"og:type\" content=\"article\" \/>\n<meta property=\"og:title\" content=\"SKOK TANDEM  4200 PREMIUM - Skyforce - Skoki spadochronowe Warszawa, \u0141\u00f3d\u017a\" \/>\n<meta property=\"og:description\" content=\"Vouchery wysy\u0142amy do 5 dni roboczych, je\u015bli potrzebujesz szybciej prosimy o kontakt mailowy\u00a0zapisy@skyforce.pl!  Skok w tandemie z instruktorem z 4200m z\u00a0zestawem dokumentacji skoku (zdj\u0119cia i filmy) z kamery GoPro zewn\u0119trznego skoczka-kamerzysty.   ok. 55 sekund swobodnego spadania;  5 minut szybowania z otwartym spadochronem;  Tandem to skok z instruktorem, kt\u00f3rego g\u0142\u00f3wnym celem jest \u015bwietna zabawa. To w\u0142a\u015bnie instruktor czuwa nad przebiegiem ca\u0142ego\u00a0skoku, dlatego skoki tego typu s\u0105 niezwykle bezpieczne, zapewniaj\u0105c przy tym niezapomniane emocje.  WA\u017bNE! W przypadku wyboru opcji zap\u0142aty &quot;na miejscu przed skokiem&quot; oraz &quot;zaliczki 50%&quot;,\u00a0 kwota zap\u0142aty wyliczana jest na podstawie aktualnie obowi\u0105zuj\u0105cych w dniu skoku cen za dany wariant skoku. :-)\" \/>\n<meta property=\"og:url\" content=\"https:\/\/skyforce.pl\/en\/product\/skok-tandem-4200-premium\/\" \/>\n<meta property=\"og:site_name\" content=\"Skyforce - Skoki spadochronowe Warszawa, \u0141\u00f3d\u017a\" \/>\n<meta property=\"article:publisher\" content=\"https:\/\/www.facebook.com\/skyforcepl\/\" \/>\n<meta property=\"article:modified_time\" content=\"2025-04-10T09:16:08+00:00\" \/>\n<meta property=\"og:image\" content=\"https:\/\/skyforce.pl\/wp-content\/uploads\/2020\/03\/skok-premium-randem.jpg\" \/>\n\t<meta property=\"og:image:width\" content=\"1920\" \/>\n\t<meta property=\"og:image:height\" content=\"1279\" \/>\n\t<meta property=\"og:image:type\" content=\"image\/jpeg\" \/>\n<meta name=\"twitter:card\" content=\"summary_large_image\" \/>\n<meta name=\"twitter:label1\" content=\"Estimated reading time\" \/>\n\t<meta name=\"twitter:data1\" content=\"2 minutes\" \/>\n<script type=\"application\/ld+json\" class=\"yoast-schema-graph\">{\"@context\":\"https:\/\/schema.org\",\"@graph\":[{\"@type\":\"WebPage\",\"@id\":\"https:\/\/skyforce.pl\/produkt\/skok-tandem-4200-premium\/\",\"url\":\"https:\/\/skyforce.pl\/produkt\/skok-tandem-4200-premium\/\",\"name\":\"SKOK TANDEM 4200 PREMIUM - Skyforce - Skoki spadochronowe Warszawa, \u0141\u00f3d\u017a\",\"isPartOf\":{\"@id\":\"https:\/\/skyforce.pl\/en\/#website\"},\"primaryImageOfPage\":{\"@id\":\"https:\/\/skyforce.pl\/produkt\/skok-tandem-4200-premium\/#primaryimage\"},\"image\":{\"@id\":\"https:\/\/skyforce.pl\/produkt\/skok-tandem-4200-premium\/#primaryimage\"},\"thumbnailUrl\":\"https:\/\/skyforce.pl\/wp-content\/uploads\/2020\/03\/skok-premium-randem.jpg\",\"datePublished\":\"2020-03-10T10:17:22+00:00\",\"dateModified\":\"2025-04-10T09:16:08+00:00\",\"breadcrumb\":{\"@id\":\"https:\/\/skyforce.pl\/produkt\/skok-tandem-4200-premium\/#breadcrumb\"},\"inLanguage\":\"en-GB\",\"potentialAction\":[{\"@type\":\"ReadAction\",\"target\":[\"https:\/\/skyforce.pl\/produkt\/skok-tandem-4200-premium\/\"]}]},{\"@type\":\"ImageObject\",\"inLanguage\":\"en-GB\",\"@id\":\"https:\/\/skyforce.pl\/produkt\/skok-tandem-4200-premium\/#primaryimage\",\"url\":\"https:\/\/skyforce.pl\/wp-content\/uploads\/2020\/03\/skok-premium-randem.jpg\",\"contentUrl\":\"https:\/\/skyforce.pl\/wp-content\/uploads\/2020\/03\/skok-premium-randem.jpg\",\"width\":1920,\"height\":1279},{\"@type\":\"BreadcrumbList\",\"@id\":\"https:\/\/skyforce.pl\/produkt\/skok-tandem-4200-premium\/#breadcrumb\",\"itemListElement\":[{\"@type\":\"ListItem\",\"position\":1,\"name\":\"Strona g\u0142\u00f3wna\",\"item\":\"https:\/\/skyforce.pl\/en\/\"},{\"@type\":\"ListItem\",\"position\":2,\"name\":\"Sklep\",\"item\":\"https:\/\/skyforce.pl\/sklep\/\"},{\"@type\":\"ListItem\",\"position\":3,\"name\":\"SKOK TANDEM 4200 PREMIUM\"}]},{\"@type\":\"WebSite\",\"@id\":\"https:\/\/skyforce.pl\/en\/#website\",\"url\":\"https:\/\/skyforce.pl\/en\/\",\"name\":\"Skyforce - Skoki spadochronowe Warszawa, \u0141\u00f3d\u017a\",\"description\":\"Oferujemy skoki spadochronowe, skoki w tandemie, szkolenia spadochronowe AFF\",\"potentialAction\":[{\"@type\":\"SearchAction\",\"target\":{\"@type\":\"EntryPoint\",\"urlTemplate\":\"https:\/\/skyforce.pl\/en\/?s={search_term_string}\"},\"query-input\":{\"@type\":\"PropertyValueSpecification\",\"valueRequired\":true,\"valueName\":\"search_term_string\"}}],\"inLanguage\":\"en-GB\"}]}<\/script>\n<!-- \/ Yoast SEO plugin. -->","yoast_head_json":{"title":"SKOK TANDEM  4200 PREMIUM - Skyforce - Skoki spadochronowe Warszawa, \u0141\u00f3d\u017a","robots":{"index":"index","follow":"follow","max-snippet":"max-snippet:-1","max-image-preview":"max-image-preview:large","max-video-preview":"max-video-preview:-1"},"canonical":"https:\/\/skyforce.pl\/en\/product\/skok-tandem-4200-premium\/","og_locale":"en_GB","og_type":"article","og_title":"SKOK TANDEM  4200 PREMIUM - Skyforce - Skoki spadochronowe Warszawa, \u0141\u00f3d\u017a","og_description":"Vouchery wysy\u0142amy do 5 dni roboczych, je\u015bli potrzebujesz szybciej prosimy o kontakt mailowy\u00a0zapisy@skyforce.pl!  Skok w tandemie z instruktorem z 4200m z\u00a0zestawem dokumentacji skoku (zdj\u0119cia i filmy) z kamery GoPro zewn\u0119trznego skoczka-kamerzysty.   ok. 55 sekund swobodnego spadania;  5 minut szybowania z otwartym spadochronem;  Tandem to skok z instruktorem, kt\u00f3rego g\u0142\u00f3wnym celem jest \u015bwietna zabawa. To w\u0142a\u015bnie instruktor czuwa nad przebiegiem ca\u0142ego\u00a0skoku, dlatego skoki tego typu s\u0105 niezwykle bezpieczne, zapewniaj\u0105c przy tym niezapomniane emocje.  WA\u017bNE! W przypadku wyboru opcji zap\u0142aty \"na miejscu przed skokiem\" oraz \"zaliczki 50%\",\u00a0 kwota zap\u0142aty wyliczana jest na podstawie aktualnie obowi\u0105zuj\u0105cych w dniu skoku cen za dany wariant skoku. :-)","og_url":"https:\/\/skyforce.pl\/en\/product\/skok-tandem-4200-premium\/","og_site_name":"Skyforce - Skoki spadochronowe Warszawa, \u0141\u00f3d\u017a","article_publisher":"https:\/\/www.facebook.com\/skyforcepl\/","article_modified_time":"2025-04-10T09:16:08+00:00","og_image":[{"width":1920,"height":1279,"url":"https:\/\/skyforce.pl\/wp-content\/uploads\/2020\/03\/skok-premium-randem.jpg","type":"image\/jpeg"}],"twitter_card":"summary_large_image","twitter_misc":{"Estimated reading time":"2 minutes"},"schema":{"@context":"https:\/\/schema.org","@graph":[{"@type":"WebPage","@id":"https:\/\/skyforce.pl\/produkt\/skok-tandem-4200-premium\/","url":"https:\/\/skyforce.pl\/produkt\/skok-tandem-4200-premium\/","name":"SKOK TANDEM 4200 PREMIUM - Skyforce - Skoki spadochronowe Warszawa, \u0141\u00f3d\u017a","isPartOf":{"@id":"https:\/\/skyforce.pl\/en\/#website"},"primaryImageOfPage":{"@id":"https:\/\/skyforce.pl\/produkt\/skok-tandem-4200-premium\/#primaryimage"},"image":{"@id":"https:\/\/skyforce.pl\/produkt\/skok-tandem-4200-premium\/#primaryimage"},"thumbnailUrl":"https:\/\/skyforce.pl\/wp-content\/uploads\/2020\/03\/skok-premium-randem.jpg","datePublished":"2020-03-10T10:17:22+00:00","dateModified":"2025-04-10T09:16:08+00:00","breadcrumb":{"@id":"https:\/\/skyforce.pl\/produkt\/skok-tandem-4200-premium\/#breadcrumb"},"inLanguage":"en-GB","potentialAction":[{"@type":"ReadAction","target":["https:\/\/skyforce.pl\/produkt\/skok-tandem-4200-premium\/"]}]},{"@type":"ImageObject","inLanguage":"en-GB","@id":"https:\/\/skyforce.pl\/produkt\/skok-tandem-4200-premium\/#primaryimage","url":"https:\/\/skyforce.pl\/wp-content\/uploads\/2020\/03\/skok-premium-randem.jpg","contentUrl":"https:\/\/skyforce.pl\/wp-content\/uploads\/2020\/03\/skok-premium-randem.jpg","width":1920,"height":1279},{"@type":"BreadcrumbList","@id":"https:\/\/skyforce.pl\/produkt\/skok-tandem-4200-premium\/#breadcrumb","itemListElement":[{"@type":"ListItem","position":1,"name":"Strona g\u0142\u00f3wna","item":"https:\/\/skyforce.pl\/en\/"},{"@type":"ListItem","position":2,"name":"Sklep","item":"https:\/\/skyforce.pl\/sklep\/"},{"@type":"ListItem","position":3,"name":"SKOK TANDEM 4200 PREMIUM"}]},{"@type":"WebSite","@id":"https:\/\/skyforce.pl\/en\/#website","url":"https:\/\/skyforce.pl\/en\/","name":"Skyforce - Skoki spadochronowe Warszawa, \u0141\u00f3d\u017a","description":"Oferujemy skoki spadochronowe, skoki w tandemie, szkolenia spadochronowe AFF","potentialAction":[{"@type":"SearchAction","target":{"@type":"EntryPoint","urlTemplate":"https:\/\/skyforce.pl\/en\/?s={search_term_string}"},"query-input":{"@type":"PropertyValueSpecification","valueRequired":true,"valueName":"search_term_string"}}],"inLanguage":"en-GB"}]}},"_links":{"self":[{"href":"http:\/\/skyforce.pl\/en\/wp-json\/wp\/v2\/product\/15313","targetHints":{"allow":["GET"]}}],"collection":[{"href":"http:\/\/skyforce.pl\/en\/wp-json\/wp\/v2\/product"}],"about":[{"href":"http:\/\/skyforce.pl\/en\/wp-json\/wp\/v2\/types\/product"}],"replies":[{"embeddable":true,"href":"http:\/\/skyforce.pl\/en\/wp-json\/wp\/v2\/comments?post=15313"}],"wp:featuredmedia":[{"embeddable":true,"href":"http:\/\/skyforce.pl\/en\/wp-json\/wp\/v2\/media\/15475"}],"wp:attachment":[{"href":"http:\/\/skyforce.pl\/en\/wp-json\/wp\/v2\/media?parent=15313"}],"wp:term":[{"taxonomy":"product_brand","embeddable":true,"href":"http:\/\/skyforce.pl\/en\/wp-json\/wp\/v2\/product_brand?post=15313"},{"taxonomy":"product_cat","embeddable":true,"href":"http:\/\/skyforce.pl\/en\/wp-json\/wp\/v2\/product_cat?post=15313"},{"taxonomy":"product_tag","embeddable":true,"href":"http:\/\/skyforce.pl\/en\/wp-json\/wp\/v2\/product_tag?post=15313"}],"curies":[{"name":"wp","href":"https:\/\/api.w.org\/{rel}","templated":true}]}}