{"id":13079,"date":"2019-02-27T14:45:22","date_gmt":"2019-02-27T13:45:22","guid":{"rendered":"https:\/\/skyforce.pl?page_id=13079"},"modified":"2024-03-21T13:51:28","modified_gmt":"2024-03-21T12:51:28","slug":"skok-w-tandemie","status":"publish","type":"page","link":"https:\/\/skyforce.pl\/en\/skok-w-tandemie\/","title":{"rendered":"Tandem Jump"},"content":{"rendered":"<div class=\"wpb-content-wrapper\"><div class=\"vc_row wpb_row vc_row-fluid\"><div class=\"wpb_column vc_column_container vc_col-sm-12\" id=\"skokitandem\"><div class=\"vc_column-inner\"><div class=\"wpb_wrapper\"><div id=\"1551905114326-aa868474-5742\" class=\"dt-sc-empty-space\"><\/div><div class='dt-sc-icon-box type7 aligncenter without-border no-icon' style='background-color: rgba(0,70,120,1);&lt;br \/&gt;color: #ffffff !important;'><div class=\"icon-content\"><h5>YOUR FIRST STEP INTO THE WORLD OF SKYDIVING<\/h5><h4>TANDEM JUMP<\/h4><div class=\"introduction\">\n<h2>WHAT IS A \"TANDEM JUMP\"?<\/h2>\n<div class=\"introduction\">\n<div class=\"paragraph-right-container\"><\/div>\n<div class=\"text columns-1\">\n<p class=\"p1\"><span class=\"s1\">Tandem is an instructor jump, which main purpose is fun. It is the instructor who watches over the course of the entire jump, so jumps of this type are extremely safe, while ensuring unforgettable emotions.\u00a0<\/span>Tandem jumps are performed in our zone during weekends, throughout the season (lasting from early April until the end of October).<\/p>\n<\/div>\n<h2>UNIQUE GIFT FOR ADRENALINE HUNTERS!<\/h2>\n<div class=\"paragraph-right-container\"><\/div>\n<div class=\"text columns-1\">\n<p><strong>Each of the tandem jump packages can be ordered as a printed, personalized voucher in a decorative package!\u00a0<\/strong>This is a unique gift idea for those close to you with a slapstick! Ideal for birthdays, women's day, or bachelor party.<\/p>\n<\/div>\n<h2>YOUR JUMP IN 4 STEPS!<\/h2>\n<div class=\"paragraph-right-container\"><\/div>\n<div class=\"text columns-1\">\n<ol>\n<li><strong>BUY A TANDEM VOUCHER:<\/strong>\u00a0First step to jump in a tandem is to buy a tandem jump voucher or sign up for the jump and show up on your chosen date, at our airport in Piotrk\u00f3w Trybunalski.<\/li>\n<li><strong>ARRIVAL AND PREPARATION:\u00a0<\/strong>After completing the necessary documents, meeting with the instructor will occur. He selects the right suit and goggles and carries out a short 15 minute training course that explains the elements of the jump, answers questions, and dispels all doubts.<\/li>\n<li><strong>LOT SKYVANEM NA WYSOKO\u015a\u0106 4200 m:<\/strong> Po ubraniu w specjaln\u0105 uprz\u0105\u017c, udajemy si\u0119 z instruktorem do samolotu ? nasz SkyVan SC-7 jest szybki i niezwykle komfortowy. 12 minut sp\u0119dzamy na jego pok\u0142adzie, \u017ceby po up\u0142ywie tego czasu, na wysoko\u015bci 4200 metr\u00f3w, z niego wyskoczy\u0107.<\/li>\n<li><strong>JUMP &amp; FLIGHT WITH A PARACHUTE:\u00a0<\/strong> Another 55 seconds is probably going to be one of the best 55 seconds in our live.Thats when we fly, we fall freely, at a speed of about 200 km\/h - and we have a great time :). At an altitude of 1800 m, the parachute is opened. Then there's another fun run - control of the canopy, cornering and a few minutes later soft, safe landing.<\/li>\n<\/ol>\n<\/div>\n<h2>MOVIE DOCUMENTATION<\/h2>\n<div class=\"paragraph-right-container\"><\/div>\n<div class=\"text columns-1\">\n<p class=\"p1\"><span class=\"s1\">As jumpers we know there is nothing more beautiful than a photo pack and a movie documenting our first jump. They allow us to relive it again and again, as many times as we like, and it reminds us of the moments of the jump that they could have (because of these amazing emotions) simply escaped us.Such a package of pictures and film is a beautiful souvenir, also useful to prove this feat to all the unbelievers.<\/span><\/p>\n<p class=\"p1\"><strong>In our drop zone we offer two types of filming:<\/strong><\/p>\n<ul>\n<li><strong>HANDYCAM: camera for the instructor recording from close range:<\/strong>\u00a0it captures all the emotions on the face, it also \"stays\" with you when you open the parachute and records your turns during flight on the open canopy, thats when you can say something to the camera, wave, share your emotions - while still a few hundred meters above the ground.<\/li>\n<li><strong>CAMERAMAN: The second jumper shoots your jump from a wider perspective<\/strong>\u00a0when jumping. He records you against the background of the entire plane, it's camera shoots views, horizon, clouds. He extends the experience of your jump by flying up to you, smiling, can make aturn with you, hit \"high five\", etc. Also, he is a reference point in the sky - we see someone flying next to us, which makes an amazing impression.<\/li>\n<\/ul>\n<p><strong><span class=\"s1\">Which method of film registration should you choose:from an instructor's hand or made by an external cameraman?\u00a0<\/span><\/strong><span class=\"s1\">Both ways have their advantages. Choose primarily from the budget you can devote to filming your leap.\u00a0<\/span><\/p>\n<\/div>\n<h2>IMPORTANT INFORMATION:<\/h2>\n<div class=\"paragraph-right-container\"><\/div>\n<div class=\"text columns-1\">\n<ul>\n<li>There is no insurance or medical examination required to jump in tandem;<\/li>\n<li>The instructor should be informed of all illnesses and serious injuries;<\/li>\n<li>Passenger weight must not exceed\u00a0<strong>110 kg<\/strong>;<\/li>\n<li>To jump in a tandem you should measure<strong>\u00a0at least 140cm of height;<\/strong><\/li>\n<li>Minors must have the consent of both parents;<\/li>\n<li>Skoki spadochronowe wykonywane s\u0105 tylko przy odpowiednich warunkach atmosferycznych. SkyForce nie ponosi odpowiedzialno\u015bci za brak odpowiedniej pogody i inne sytuacje losowe;<\/li>\n<li>In the absence of good weather, the tandem jump is translated to another, chosen by the client term.<\/li>\n<\/ul>\n<\/div>\n<h2>CHOOSE A PACKAGE THAT FITS YOU BEST!<\/h2>\n<div class=\"paragraph-right-container\"><\/div>\n<div class=\"text columns-1\">\n<p>We have prepared 5 packages of \"tandem jump\" for you. All tandem jumps offered in our zone include a standard package of additional services - necessary to make a jump:<\/p>\n<ul>\n<li>ground training before the jump;<\/li>\n<li>jump equipment (goggles and suit);<\/li>\n<li>12 minutes of flight with assault landing aircraft SkyVan SC-7;<\/li>\n<li>Tandem Jump certificate.<\/li>\n<\/ul>\n<\/div>\n<\/div>\n<\/div><\/div><\/div><div id=\"1551905752968-e4781ea3-0344\" class=\"dt-sc-empty-space\"><\/div><div id=\"1551905754873-4e4d4da5-2dca\" class=\"dt-sc-empty-space\"><\/div><\/div><\/div><\/div><\/div>\n<\/div>","protected":false},"excerpt":{"rendered":"TW\u00d3J PIERWSZY KROK W \u015aWIECIE SPADOCHRONIARSTWASKOK W TANDEMIE CZYM JEST ?SKOK W TANDEMIE?? Tandem to skok z instruktorem, kt\u00f3rego g\u0142\u00f3wnym celem jest \u015bwietna zabawa. To w\u0142a\u015bnie instruktor czuwa nad przebiegiem ca\u0142ego\u00a0skoku, dlatego skoki tego typu s\u0105 niezwykle bezpieczne, zapewniaj\u0105c przy tym niezapomniane emocje.\u00a0Skoki tandemowe wykonujemy na naszej strefie w weekendy, przez ca\u0142y sezon (trwaj\u0105cy od [...]","protected":false},"author":976449,"featured_media":0,"parent":0,"menu_order":0,"comment_status":"closed","ping_status":"closed","template":"","meta":{"footnotes":""},"class_list":["post-13079","page","type-page","status-publish","hentry"],"yoast_head":"<!-- This site is optimized with the Yoast SEO plugin v26.9 - https:\/\/yoast.com\/product\/yoast-seo-wordpress\/ -->\n<title>Skok w tandemie - Skyforce - Skoki spadochronowe Warszawa, \u0141\u00f3d\u017a<\/title>\n<meta name=\"description\" content=\"Prze\u017cyj podniebn\u0105 przygod\u0119 ze SkyForce. Oferujemy skoki spadochronowe, skoki w tandemie, szkolenia spadochronowe AFF. Zapraszamy!\" \/>\n<meta name=\"robots\" content=\"index, follow, max-snippet:-1, max-image-preview:large, max-video-preview:-1\" \/>\n<link rel=\"canonical\" href=\"https:\/\/skyforce.pl\/en\/skok-w-tandemie\/\" \/>\n<meta property=\"og:locale\" content=\"en_GB\" \/>\n<meta property=\"og:type\" content=\"article\" \/>\n<meta property=\"og:title\" content=\"Skok w tandemie - Skyforce - Skoki spadochronowe Warszawa, \u0141\u00f3d\u017a\" \/>\n<meta property=\"og:description\" content=\"Prze\u017cyj podniebn\u0105 przygod\u0119 ze SkyForce. Oferujemy skoki spadochronowe, skoki w tandemie, szkolenia spadochronowe AFF. Zapraszamy!\" \/>\n<meta property=\"og:url\" content=\"https:\/\/skyforce.pl\/en\/skok-w-tandemie\/\" \/>\n<meta property=\"og:site_name\" content=\"Skyforce - Skoki spadochronowe Warszawa, \u0141\u00f3d\u017a\" \/>\n<meta property=\"article:publisher\" content=\"https:\/\/www.facebook.com\/skyforcepl\/\" \/>\n<meta property=\"article:modified_time\" content=\"2024-03-21T12:51:28+00:00\" \/>\n<meta name=\"twitter:card\" content=\"summary_large_image\" \/>\n<meta name=\"twitter:label1\" content=\"Estimated reading time\" \/>\n\t<meta name=\"twitter:data1\" content=\"4 minutes\" \/>\n<script type=\"application\/ld+json\" class=\"yoast-schema-graph\">{\"@context\":\"https:\/\/schema.org\",\"@graph\":[{\"@type\":\"WebPage\",\"@id\":\"https:\/\/skyforce.pl\/skok-w-tandemie\/\",\"url\":\"https:\/\/skyforce.pl\/skok-w-tandemie\/\",\"name\":\"Skok w tandemie - Skyforce - Skoki spadochronowe Warszawa, \u0141\u00f3d\u017a\",\"isPartOf\":{\"@id\":\"https:\/\/skyforce.pl\/en\/#website\"},\"datePublished\":\"2019-02-27T13:45:22+00:00\",\"dateModified\":\"2024-03-21T12:51:28+00:00\",\"description\":\"Prze\u017cyj podniebn\u0105 przygod\u0119 ze SkyForce. Oferujemy skoki spadochronowe, skoki w tandemie, szkolenia spadochronowe AFF. Zapraszamy!\",\"breadcrumb\":{\"@id\":\"https:\/\/skyforce.pl\/skok-w-tandemie\/#breadcrumb\"},\"inLanguage\":\"en-GB\",\"potentialAction\":[{\"@type\":\"ReadAction\",\"target\":[\"https:\/\/skyforce.pl\/skok-w-tandemie\/\"]}]},{\"@type\":\"BreadcrumbList\",\"@id\":\"https:\/\/skyforce.pl\/skok-w-tandemie\/#breadcrumb\",\"itemListElement\":[{\"@type\":\"ListItem\",\"position\":1,\"name\":\"Strona g\u0142\u00f3wna\",\"item\":\"https:\/\/skyforce.pl\/en\/\"},{\"@type\":\"ListItem\",\"position\":2,\"name\":\"Skok w tandemie\"}]},{\"@type\":\"WebSite\",\"@id\":\"https:\/\/skyforce.pl\/en\/#website\",\"url\":\"https:\/\/skyforce.pl\/en\/\",\"name\":\"Skyforce - Skoki spadochronowe Warszawa, \u0141\u00f3d\u017a\",\"description\":\"Oferujemy skoki spadochronowe, skoki w tandemie, szkolenia spadochronowe AFF\",\"potentialAction\":[{\"@type\":\"SearchAction\",\"target\":{\"@type\":\"EntryPoint\",\"urlTemplate\":\"https:\/\/skyforce.pl\/en\/?s={search_term_string}\"},\"query-input\":{\"@type\":\"PropertyValueSpecification\",\"valueRequired\":true,\"valueName\":\"search_term_string\"}}],\"inLanguage\":\"en-GB\"}]}<\/script>\n<!-- \/ Yoast SEO plugin. -->","yoast_head_json":{"title":"Skok w tandemie - Skyforce - Skoki spadochronowe Warszawa, \u0141\u00f3d\u017a","description":"Prze\u017cyj podniebn\u0105 przygod\u0119 ze SkyForce. Oferujemy skoki spadochronowe, skoki w tandemie, szkolenia spadochronowe AFF. Zapraszamy!","robots":{"index":"index","follow":"follow","max-snippet":"max-snippet:-1","max-image-preview":"max-image-preview:large","max-video-preview":"max-video-preview:-1"},"canonical":"https:\/\/skyforce.pl\/en\/skok-w-tandemie\/","og_locale":"en_GB","og_type":"article","og_title":"Skok w tandemie - Skyforce - Skoki spadochronowe Warszawa, \u0141\u00f3d\u017a","og_description":"Prze\u017cyj podniebn\u0105 przygod\u0119 ze SkyForce. Oferujemy skoki spadochronowe, skoki w tandemie, szkolenia spadochronowe AFF. Zapraszamy!","og_url":"https:\/\/skyforce.pl\/en\/skok-w-tandemie\/","og_site_name":"Skyforce - Skoki spadochronowe Warszawa, \u0141\u00f3d\u017a","article_publisher":"https:\/\/www.facebook.com\/skyforcepl\/","article_modified_time":"2024-03-21T12:51:28+00:00","twitter_card":"summary_large_image","twitter_misc":{"Estimated reading time":"4 minutes"},"schema":{"@context":"https:\/\/schema.org","@graph":[{"@type":"WebPage","@id":"https:\/\/skyforce.pl\/skok-w-tandemie\/","url":"https:\/\/skyforce.pl\/skok-w-tandemie\/","name":"Skok w tandemie - Skyforce - Skoki spadochronowe Warszawa, \u0141\u00f3d\u017a","isPartOf":{"@id":"https:\/\/skyforce.pl\/en\/#website"},"datePublished":"2019-02-27T13:45:22+00:00","dateModified":"2024-03-21T12:51:28+00:00","description":"Prze\u017cyj podniebn\u0105 przygod\u0119 ze SkyForce. Oferujemy skoki spadochronowe, skoki w tandemie, szkolenia spadochronowe AFF. Zapraszamy!","breadcrumb":{"@id":"https:\/\/skyforce.pl\/skok-w-tandemie\/#breadcrumb"},"inLanguage":"en-GB","potentialAction":[{"@type":"ReadAction","target":["https:\/\/skyforce.pl\/skok-w-tandemie\/"]}]},{"@type":"BreadcrumbList","@id":"https:\/\/skyforce.pl\/skok-w-tandemie\/#breadcrumb","itemListElement":[{"@type":"ListItem","position":1,"name":"Strona g\u0142\u00f3wna","item":"https:\/\/skyforce.pl\/en\/"},{"@type":"ListItem","position":2,"name":"Skok w tandemie"}]},{"@type":"WebSite","@id":"https:\/\/skyforce.pl\/en\/#website","url":"https:\/\/skyforce.pl\/en\/","name":"Skyforce - Skoki spadochronowe Warszawa, \u0141\u00f3d\u017a","description":"Oferujemy skoki spadochronowe, skoki w tandemie, szkolenia spadochronowe AFF","potentialAction":[{"@type":"SearchAction","target":{"@type":"EntryPoint","urlTemplate":"https:\/\/skyforce.pl\/en\/?s={search_term_string}"},"query-input":{"@type":"PropertyValueSpecification","valueRequired":true,"valueName":"search_term_string"}}],"inLanguage":"en-GB"}]}},"_links":{"self":[{"href":"https:\/\/skyforce.pl\/en\/wp-json\/wp\/v2\/pages\/13079","targetHints":{"allow":["GET"]}}],"collection":[{"href":"https:\/\/skyforce.pl\/en\/wp-json\/wp\/v2\/pages"}],"about":[{"href":"https:\/\/skyforce.pl\/en\/wp-json\/wp\/v2\/types\/page"}],"author":[{"embeddable":true,"href":"https:\/\/skyforce.pl\/en\/wp-json\/wp\/v2\/users\/976449"}],"replies":[{"embeddable":true,"href":"https:\/\/skyforce.pl\/en\/wp-json\/wp\/v2\/comments?post=13079"}],"version-history":[{"count":9,"href":"https:\/\/skyforce.pl\/en\/wp-json\/wp\/v2\/pages\/13079\/revisions"}],"predecessor-version":[{"id":13837,"href":"https:\/\/skyforce.pl\/en\/wp-json\/wp\/v2\/pages\/13079\/revisions\/13837"}],"wp:attachment":[{"href":"https:\/\/skyforce.pl\/en\/wp-json\/wp\/v2\/media?parent=13079"}],"curies":[{"name":"wp","href":"https:\/\/api.w.org\/{rel}","templated":true}]}}