{"id":13081,"date":"2019-02-27T14:45:45","date_gmt":"2019-02-27T13:45:45","guid":{"rendered":"https:\/\/skyforce.pl?page_id=13081"},"modified":"2024-11-26T12:26:42","modified_gmt":"2024-11-26T11:26:42","slug":"skoczkowie","status":"publish","type":"page","link":"https:\/\/skyforce.pl\/en\/skoczkowie\/","title":{"rendered":"For Jumpers"},"content":{"rendered":"<div class=\"wpb-content-wrapper\"><div class=\"vc_row wpb_row vc_row-fluid\"><div class=\"wpb_column vc_column_container vc_col-sm-12\" id=\"skoczkowiejump\"><div class=\"vc_column-inner\"><div class=\"wpb_wrapper\"><div id=\"1551905114326-aa868474-5742\" class=\"dt-sc-empty-space\"><\/div><div class='dt-sc-icon-box type7 aligncenter without-border no-icon' style='background-color: rgba(0,70,120,1);&lt;br \/&gt;color: #ffffff !important;'><div class=\"icon-content\"><h5>PROPABLY THE BEST CONDITIONS FOR JUMPERS IN POLAND<\/h5><h4>FOR JUMPERS<\/h4><div class=\"introduction\">\n<h2>SKY FORCE POLSKIE CENTRUM SPADOCHRONOWE ZAPEWNIA IDEALNE WARUNKI DLA SKOCZK\u00d3W<\/h2>\n<div class=\"text columns-1\">\n<div class=\"paragraph-right-container\"><\/div>\n<div class=\"text columns-1\">\n<p class=\"p1\"><span class=\"s1\">Strefa Sky Force w Piotrkowie Trybunalskim jest wyj\u0105tkowym miejscem, gdzie wszyscy skoczkowie zawsze s\u0105 mile widziani.\u00a0<\/span><\/p>\n<p class=\"p1\"><span class=\"s1\">SkyVan SC-7 jest idealnym samolotem do wykonywania skok\u00f3w grupowych (do 22 os\u00f3b), w formacjach p\u0142askich, wertykalnych i trackowych. Jego szeroka rampa umo\u017cliwia komfortowe wyj\u015bcia nawet wingsuiterom.\u00a0<\/span><\/p>\n<\/div>\n<h2>OFFER FOR JUMPERS<\/h2>\n<div class=\"paragraph-right-container\"><\/div>\n<div class=\"text columns-1\">\n<ul>\n<li><strong>skoki w ka\u017cdy weekend &#8211; <\/strong>occasionally also during the week, outlets not switched off;<\/li>\n<li><strong>22-osobowy samolot SkyVan &#8211;<\/strong>\u00a0idealny\u00a0m.in\u00a0do skok\u00f3w grupowych i skok\u00f3w w wingsuicie;<\/li>\n<li>szeroka gama sprz\u0119t\u00f3w do wypo\u017cyczenia (od du\u017cych, szkolnych, przez przej\u015bciowe, a\u017c po mniejsze);<\/li>\n<li>Camps run by the best instructors in Poland and Europe (eg. canopy piloting, etc.);<\/li>\n<li>wygodna uk\u0142adalnia;<\/li>\n<li>Parachute laying courses;<\/li>\n<li>Accommodation;<\/li>\n<li>Toilets, showers;<\/li>\n<li>Bar at the airport.<\/li>\n<\/ul>\n<\/div>\n<h2>COACHED JUMPS<\/h2>\n<div class=\"paragraph-right-container\"><\/div>\n<div class=\"text columns-1\">\n<p>Coached jumps are an opportunity to grow, regardless of your level of advancement. Our on-site instructors will improve your flat fly, teach you jumping in groups, prepare for the exams and practice track flying and verticals with you.<\/p>\n<\/div>\n<h2>DROP ZONE REQUIREMENTS FOR JUMPERS:<\/h2>\n<p>&nbsp;<\/p>\n<div class=\"paragraph-right-container\"><\/div>\n<div class=\"text columns-1\">\n<table width=\"100%\" cellspacing=\"30\">\n<tbody>\n<tr>\n<td width=\"50%\"><strong>PARACHUTE JUMPERS<\/strong><\/p>\n<ul>\n<li>AAD automatic equipment;<\/li>\n<li>Valid Certificate of Qualification PJ(B) or another license;<\/li>\n<li>Valid arrangement of a spare parachute;<\/li>\n<li>Liability insurance (OC).<\/li>\n<\/ul>\n<p style=\"text-align: center;\">\n<\/td>\n<td valign=\"top\" width=\"50%\"><strong>STUDENT-JUMPERS<\/strong><\/p>\n<ul>\n<li>helmet;<\/li>\n<li>RSL;<\/li>\n<li>suit.<\/li>\n<\/ul>\n<\/td>\n<\/tr>\n<\/tbody>\n<\/table>\n<a href='https:\/\/skyforce.pl\/en\/pliki-do-pobrania\/' target='_self' title='' class='dt-sc-button   large     zefirbutton'  style=\"color:#004678;\" data-hover='PLIKI DO POBRANIA'> PLIKI DO POBRANIA <\/a>\n<\/div>\n<\/div>\n<\/div><\/div><\/div><div id=\"1551905752968-e4781ea3-0344\" class=\"dt-sc-empty-space\"><\/div><div id=\"1551905754873-4e4d4da5-2dca\" class=\"dt-sc-empty-space\"><\/div><\/div><\/div><\/div><\/div>\n<\/div>","protected":false},"excerpt":{"rendered":"NAJLEPSZE WARUNKI DLA SKOCZK\u00d3W SPADOCHRONOWYCH W POLSCESKOCZKOWIE SKY FORCE POLSKIE CENTRUM SPADOCHRONOWE ZAPEWNIA IDEALNE WARUNKI DLA SKOCZK\u00d3W Strefa Sky Force w Piotrkowie Trybunalskim jest wyj\u0105tkowym miejscem, gdzie wszyscy skoczkowie zawsze s\u0105 mile widziani.\u00a0 SkyVan SC-7 jest idealnym samolotem do wykonywania skok\u00f3w grupowych (do 22 os\u00f3b), w formacjach p\u0142askich, wertykalnych i trackowych. Jego szeroka rampa umo\u017cliwia [...]","protected":false},"author":976449,"featured_media":0,"parent":0,"menu_order":0,"comment_status":"closed","ping_status":"closed","template":"","meta":{"footnotes":""},"class_list":["post-13081","page","type-page","status-publish","hentry"],"yoast_head":"<!-- This site is optimized with the Yoast SEO plugin v26.9 - https:\/\/yoast.com\/product\/yoast-seo-wordpress\/ -->\n<title>Skoczkowie - Skyforce - Skoki spadochronowe Warszawa, \u0141\u00f3d\u017a<\/title>\n<meta name=\"description\" content=\"Prze\u017cyj podniebn\u0105 przygod\u0119 ze SkyForce. Oferujemy skoki spadochronowe, skoki w tandemie, szkolenia spadochronowe AFF. Zapraszamy!\" \/>\n<meta name=\"robots\" content=\"index, follow, max-snippet:-1, max-image-preview:large, max-video-preview:-1\" \/>\n<link rel=\"canonical\" href=\"https:\/\/skyforce.pl\/en\/skoczkowie\/\" \/>\n<meta property=\"og:locale\" content=\"en_GB\" \/>\n<meta property=\"og:type\" content=\"article\" \/>\n<meta property=\"og:title\" content=\"Skoczkowie - Skyforce - Skoki spadochronowe Warszawa, \u0141\u00f3d\u017a\" \/>\n<meta property=\"og:description\" content=\"Prze\u017cyj podniebn\u0105 przygod\u0119 ze SkyForce. Oferujemy skoki spadochronowe, skoki w tandemie, szkolenia spadochronowe AFF. Zapraszamy!\" \/>\n<meta property=\"og:url\" content=\"https:\/\/skyforce.pl\/en\/skoczkowie\/\" \/>\n<meta property=\"og:site_name\" content=\"Skyforce - Skoki spadochronowe Warszawa, \u0141\u00f3d\u017a\" \/>\n<meta property=\"article:publisher\" content=\"https:\/\/www.facebook.com\/skyforcepl\/\" \/>\n<meta property=\"article:modified_time\" content=\"2024-11-26T11:26:42+00:00\" \/>\n<meta name=\"twitter:card\" content=\"summary_large_image\" \/>\n<meta name=\"twitter:label1\" content=\"Estimated reading time\" \/>\n\t<meta name=\"twitter:data1\" content=\"2 minutes\" \/>\n<script type=\"application\/ld+json\" class=\"yoast-schema-graph\">{\"@context\":\"https:\/\/schema.org\",\"@graph\":[{\"@type\":\"WebPage\",\"@id\":\"https:\/\/skyforce.pl\/skoczkowie\/\",\"url\":\"https:\/\/skyforce.pl\/skoczkowie\/\",\"name\":\"Skoczkowie - Skyforce - Skoki spadochronowe Warszawa, \u0141\u00f3d\u017a\",\"isPartOf\":{\"@id\":\"https:\/\/skyforce.pl\/en\/#website\"},\"datePublished\":\"2019-02-27T13:45:45+00:00\",\"dateModified\":\"2024-11-26T11:26:42+00:00\",\"description\":\"Prze\u017cyj podniebn\u0105 przygod\u0119 ze SkyForce. Oferujemy skoki spadochronowe, skoki w tandemie, szkolenia spadochronowe AFF. Zapraszamy!\",\"breadcrumb\":{\"@id\":\"https:\/\/skyforce.pl\/skoczkowie\/#breadcrumb\"},\"inLanguage\":\"en-GB\",\"potentialAction\":[{\"@type\":\"ReadAction\",\"target\":[\"https:\/\/skyforce.pl\/skoczkowie\/\"]}]},{\"@type\":\"BreadcrumbList\",\"@id\":\"https:\/\/skyforce.pl\/skoczkowie\/#breadcrumb\",\"itemListElement\":[{\"@type\":\"ListItem\",\"position\":1,\"name\":\"Strona g\u0142\u00f3wna\",\"item\":\"https:\/\/skyforce.pl\/en\/\"},{\"@type\":\"ListItem\",\"position\":2,\"name\":\"Skoczkowie\"}]},{\"@type\":\"WebSite\",\"@id\":\"https:\/\/skyforce.pl\/en\/#website\",\"url\":\"https:\/\/skyforce.pl\/en\/\",\"name\":\"Skyforce - Skoki spadochronowe Warszawa, \u0141\u00f3d\u017a\",\"description\":\"Oferujemy skoki spadochronowe, skoki w tandemie, szkolenia spadochronowe AFF\",\"potentialAction\":[{\"@type\":\"SearchAction\",\"target\":{\"@type\":\"EntryPoint\",\"urlTemplate\":\"https:\/\/skyforce.pl\/en\/?s={search_term_string}\"},\"query-input\":{\"@type\":\"PropertyValueSpecification\",\"valueRequired\":true,\"valueName\":\"search_term_string\"}}],\"inLanguage\":\"en-GB\"}]}<\/script>\n<!-- \/ Yoast SEO plugin. -->","yoast_head_json":{"title":"Skoczkowie - Skyforce - Skoki spadochronowe Warszawa, \u0141\u00f3d\u017a","description":"Prze\u017cyj podniebn\u0105 przygod\u0119 ze SkyForce. Oferujemy skoki spadochronowe, skoki w tandemie, szkolenia spadochronowe AFF. Zapraszamy!","robots":{"index":"index","follow":"follow","max-snippet":"max-snippet:-1","max-image-preview":"max-image-preview:large","max-video-preview":"max-video-preview:-1"},"canonical":"https:\/\/skyforce.pl\/en\/skoczkowie\/","og_locale":"en_GB","og_type":"article","og_title":"Skoczkowie - Skyforce - Skoki spadochronowe Warszawa, \u0141\u00f3d\u017a","og_description":"Prze\u017cyj podniebn\u0105 przygod\u0119 ze SkyForce. Oferujemy skoki spadochronowe, skoki w tandemie, szkolenia spadochronowe AFF. Zapraszamy!","og_url":"https:\/\/skyforce.pl\/en\/skoczkowie\/","og_site_name":"Skyforce - Skoki spadochronowe Warszawa, \u0141\u00f3d\u017a","article_publisher":"https:\/\/www.facebook.com\/skyforcepl\/","article_modified_time":"2024-11-26T11:26:42+00:00","twitter_card":"summary_large_image","twitter_misc":{"Estimated reading time":"2 minutes"},"schema":{"@context":"https:\/\/schema.org","@graph":[{"@type":"WebPage","@id":"https:\/\/skyforce.pl\/skoczkowie\/","url":"https:\/\/skyforce.pl\/skoczkowie\/","name":"Skoczkowie - Skyforce - Skoki spadochronowe Warszawa, \u0141\u00f3d\u017a","isPartOf":{"@id":"https:\/\/skyforce.pl\/en\/#website"},"datePublished":"2019-02-27T13:45:45+00:00","dateModified":"2024-11-26T11:26:42+00:00","description":"Prze\u017cyj podniebn\u0105 przygod\u0119 ze SkyForce. Oferujemy skoki spadochronowe, skoki w tandemie, szkolenia spadochronowe AFF. Zapraszamy!","breadcrumb":{"@id":"https:\/\/skyforce.pl\/skoczkowie\/#breadcrumb"},"inLanguage":"en-GB","potentialAction":[{"@type":"ReadAction","target":["https:\/\/skyforce.pl\/skoczkowie\/"]}]},{"@type":"BreadcrumbList","@id":"https:\/\/skyforce.pl\/skoczkowie\/#breadcrumb","itemListElement":[{"@type":"ListItem","position":1,"name":"Strona g\u0142\u00f3wna","item":"https:\/\/skyforce.pl\/en\/"},{"@type":"ListItem","position":2,"name":"Skoczkowie"}]},{"@type":"WebSite","@id":"https:\/\/skyforce.pl\/en\/#website","url":"https:\/\/skyforce.pl\/en\/","name":"Skyforce - Skoki spadochronowe Warszawa, \u0141\u00f3d\u017a","description":"Oferujemy skoki spadochronowe, skoki w tandemie, szkolenia spadochronowe AFF","potentialAction":[{"@type":"SearchAction","target":{"@type":"EntryPoint","urlTemplate":"https:\/\/skyforce.pl\/en\/?s={search_term_string}"},"query-input":{"@type":"PropertyValueSpecification","valueRequired":true,"valueName":"search_term_string"}}],"inLanguage":"en-GB"}]}},"_links":{"self":[{"href":"https:\/\/skyforce.pl\/en\/wp-json\/wp\/v2\/pages\/13081","targetHints":{"allow":["GET"]}}],"collection":[{"href":"https:\/\/skyforce.pl\/en\/wp-json\/wp\/v2\/pages"}],"about":[{"href":"https:\/\/skyforce.pl\/en\/wp-json\/wp\/v2\/types\/page"}],"author":[{"embeddable":true,"href":"https:\/\/skyforce.pl\/en\/wp-json\/wp\/v2\/users\/976449"}],"replies":[{"embeddable":true,"href":"https:\/\/skyforce.pl\/en\/wp-json\/wp\/v2\/comments?post=13081"}],"version-history":[{"count":13,"href":"https:\/\/skyforce.pl\/en\/wp-json\/wp\/v2\/pages\/13081\/revisions"}],"predecessor-version":[{"id":27554,"href":"https:\/\/skyforce.pl\/en\/wp-json\/wp\/v2\/pages\/13081\/revisions\/27554"}],"wp:attachment":[{"href":"https:\/\/skyforce.pl\/en\/wp-json\/wp\/v2\/media?parent=13081"}],"curies":[{"name":"wp","href":"https:\/\/api.w.org\/{rel}","templated":true}]}}