{"id":13083,"date":"2019-02-27T14:46:15","date_gmt":"2019-02-27T13:46:15","guid":{"rendered":"https:\/\/skyforce.pl?page_id=13083"},"modified":"2024-11-26T12:27:06","modified_gmt":"2024-11-26T11:27:06","slug":"kursy-aff","status":"publish","type":"page","link":"https:\/\/skyforce.pl\/en\/kursy-aff\/","title":{"rendered":"AFF Jumper Courses"},"content":{"rendered":"<div class=\"wpb-content-wrapper\"><div class=\"vc_row wpb_row vc_row-fluid\"><div class=\"wpb_column vc_column_container vc_col-sm-12\" id=\"kursyaff\"><div class=\"vc_column-inner\"><div class=\"wpb_wrapper\"><div id=\"1551905114326-aa868474-5742\" class=\"dt-sc-empty-space\"><\/div><div class='dt-sc-icon-box type7 aligncenter without-border no-icon' style='background-color: rgba(0,70,120,1);&lt;br \/&gt;color: #ffffff !important;'><div class=\"icon-content\"><h5>BECOME AN INDEPENDENT JUMPER<\/h5><h4>AFF JUMPER COURSES<\/h4><div class=\"introduction\">\n<h2 style=\"text-align: center;\">WHAT IS THE AFF COURSE?<\/h2>\n<div class=\"introduction\">\n<div class=\"paragraph-right-container\" style=\"text-align: center;\"><\/div>\n<div class=\"text columns-1\" style=\"text-align: center;\">\n<p class=\"p1\"><span class=\"s1\">AFF course is currently the fastest, safest and the most effective training method in the world. It allows you to quickly learn the rules of parachute jumping, master the basic skills of body control during freefall and safe landing.<\/span><\/p>\n<\/div>\n<h2 style=\"text-align: center;\">THREE STAGES OF THE COURSE:<\/h2>\n<div class=\"paragraph-right-container\" style=\"text-align: center;\"><\/div>\n<div class=\"text columns-1\" style=\"text-align: center;\">\n<p class=\"p1\"><span class=\"s1\">The course consists of three parts: theoretical, ground and practical exercises.\u00a0<\/span><\/p>\n<p><strong>THEORETICAL TRAINING:\u00a0<\/strong>Podczas szkolenia teoretycznego poznasz wszystkie zasady bezpiecze\u0144stwa, regu\u0142y skok\u00f3w ze spadochronem, budow\u0119 spadochronu, podstawy prawa lotniczego w Polsce i meteorologii. Szkolenia takie organizujemy, po wcze\u015bniejszym um\u00f3wieniu, w pi\u0105tki. Zazwyczaj odbywaj\u0105 si\u0119 one w ma\u0142ej, 3-4 osobowej grupie, na naszym lotnisku w Piotrkowie Trybunalskim.<\/p>\n<p><strong>\"ON THE GROUND\" TRAINING:\u00a0<\/strong>This stage teaches keeping the correct silhouette during jumps, opening a parachute and behaving in an emergency situation.<\/p>\n<p><strong>PRACTICAL TRAINING:<\/strong> Kursant wykonuje 2 skoki w asy\u015bcie dw\u00f3ch instruktor\u00f3w oraz 5 skok\u00f3w w asy\u015bcie jednego instruktora. Ka\u017cdy z wysoko\u015bci 4200 metr\u00f3w. Instruktorzy pomagaj\u0105 w poprawnym u\u0142o\u017ceniu cia\u0142a na strugach powietrza, kontroluj\u0105 przy wyj\u015bciu z samolotu i podczas otwarcia spadochronu. Jednym s\u0142owem s\u0105 ca\u0142y czas w bliskim kontakcie. Po otwarciu spadochronu kursant pozostaje w \u0142\u0105czno\u015bci radiowej, a\u017c do bezpiecznego l\u0105dowania. Ka\u017cdy skok jest rejestrowany (film) i omawiany. <strong>IMPORTANT!\u00a0<\/strong>Instruktorzy maj\u0105 prawo do zadecydowania o potrzebie wykonania dodatkowych skok\u00f3w &#8211; zazwyczaj 1 lub 2 wi\u0119cej. Wynika to z wy\u0142\u0105cznie z troski o bezpiecze\u0144stwo. W takiej sytuacji kursant zobowi\u0105zany jest pokry\u0107 koszty dodatkowych skok\u00f3w.<\/p>\n<\/div>\n<h2 style=\"text-align: center;\">WHAT ARE THE OPPORTUNITIES GIVEN BY THE AFF COURSE?<\/h2>\n<div class=\"paragraph-right-container\" style=\"text-align: center;\"><\/div>\n<div class=\"text columns-1\" style=\"text-align: center;\">\n<p class=\"p1\"><span class=\"s1\">Upon successful completion of the AFF course, eg. completing 7 jumps, you become a student-jumper. This means that you can perform your own jumps independently, remaining under ground supervision by the instructor. Before each jump he will check you and your equipment. He will watch your landings and skillset development. He will be at the airport at all times, ready to dispel any of your doubts and answer all your questions.\u00a0<\/span><\/p>\n<p class=\"p1\"><span class=\"s1\">Kiedy liczba twoich skok\u00f3w przekroczy 50, mo\u017cesz przyst\u0105pi\u0107 do egzaminu na \u015awiadectwo Kwalifikacji. Po otrzymaniu go, stajesz si\u0119 samodzielnym skoczkiem, posiadaj\u0105cym pa\u0144stwow\u0105 licencj\u0119 PJ(B) wydawan\u0105 przez ULC (Urz\u0105d Lotnictwa Cywilnego).<\/span><\/p>\n<p class=\"p1\"><span class=\"s1\">At this point the entire parachute world is facing you. You can do jumps in groups, grow in the field that you like best. To find out more about SkyForce offer for jumpers\u00a0<strong><a href=\"https:\/\/skyforce.pl\/en\/pl\/offer_jumpers\/\">GO HERE<\/a><\/strong><\/span><\/p>\n<\/div>\n<h2 style=\"text-align: center;\">IMPORTANT INFORMATION:<\/h2>\n<div class=\"paragraph-right-container\" style=\"text-align: center;\"><\/div>\n<div class=\"text columns-1\">\n<ul>\n<li style=\"text-align: center;\">Aby przyst\u0105pi\u0107 do kursu, nale\u017cy wykupi\u0107 ubezpieczenie OC (pomagamy na strefie w wykupieniu ubezpieczenia online &#8211; cena 270 z\u0142 &#8211; wa\u017cne przez rok);<\/li>\n<li style=\"text-align: center;\">The weight of the student may not exceed\u00a0<strong>110 kg;<\/strong><\/li>\n<li style=\"text-align: center;\">Medical examinations are not necessary;<\/li>\n<li style=\"text-align: center;\">The instructor should be informed of all illnesses and serious injuries;<\/li>\n<li style=\"text-align: center;\">You can join the course at least 16 years old. Minors must have the consent of both parents drawn up by a notary or signed on-site in SkyForce.<\/li>\n<\/ul>\n<\/div>\n<\/div>\n<\/div><\/div><\/div><div id=\"1551905752968-e4781ea3-0344\" class=\"dt-sc-empty-space\"><\/div><div id=\"1551905754873-4e4d4da5-2dca\" class=\"dt-sc-empty-space\"><\/div><\/div><\/div><\/div><\/div>\n<\/div>","protected":false},"excerpt":{"rendered":"ZOSTA\u0143 SAMODZIELNYM SKOCZKIEM SPADOCHRONOWYMKURSY AFF CZYM JEST KURS AFF NA SKOCZKA SPADOCHRONOWEGO? Kurs AFF to obecnie najszybsza, najbezpieczniejsza, a zarazem najbardziej efektywna metoda szkolenia na \u015bwiecie. Pozwala ona w\u00a0szybki spos\u00f3b pozna\u0107 zasady skok\u00f3w ze spadochronem, opanowa\u0107 podstawowe umiej\u0119tno\u015bci sterowania cia\u0142em podczas\u00a0swobodnego spadania oraz bezpiecznego l\u0105dowania. TRZY ETAPY SZKOLENIA Kurs sk\u0142ada si\u0119 z trzech cz\u0119\u015bci: teoretycznej, [...]","protected":false},"author":976449,"featured_media":0,"parent":0,"menu_order":0,"comment_status":"closed","ping_status":"closed","template":"","meta":{"footnotes":""},"class_list":["post-13083","page","type-page","status-publish","hentry"],"yoast_head":"<!-- This site is optimized with the Yoast SEO plugin v26.9 - https:\/\/yoast.com\/product\/yoast-seo-wordpress\/ -->\n<title>Kursy AFF - Skyforce - Skoki spadochronowe Warszawa, \u0141\u00f3d\u017a<\/title>\n<meta name=\"description\" content=\"Prze\u017cyj podniebn\u0105 przygod\u0119 ze SkyForce. Oferujemy skoki spadochronowe, skoki w tandemie, szkolenia spadochronowe AFF. Zapraszamy!\" \/>\n<meta name=\"robots\" content=\"index, follow, max-snippet:-1, max-image-preview:large, max-video-preview:-1\" \/>\n<link rel=\"canonical\" href=\"https:\/\/skyforce.pl\/en\/kursy-aff\/\" \/>\n<meta property=\"og:locale\" content=\"en_GB\" \/>\n<meta property=\"og:type\" content=\"article\" \/>\n<meta property=\"og:title\" content=\"Kursy AFF - Skyforce - Skoki spadochronowe Warszawa, \u0141\u00f3d\u017a\" \/>\n<meta property=\"og:description\" content=\"Prze\u017cyj podniebn\u0105 przygod\u0119 ze SkyForce. Oferujemy skoki spadochronowe, skoki w tandemie, szkolenia spadochronowe AFF. Zapraszamy!\" \/>\n<meta property=\"og:url\" content=\"https:\/\/skyforce.pl\/en\/kursy-aff\/\" \/>\n<meta property=\"og:site_name\" content=\"Skyforce - Skoki spadochronowe Warszawa, \u0141\u00f3d\u017a\" \/>\n<meta property=\"article:publisher\" content=\"https:\/\/www.facebook.com\/skyforcepl\/\" \/>\n<meta property=\"article:modified_time\" content=\"2024-11-26T11:27:06+00:00\" \/>\n<meta name=\"twitter:card\" content=\"summary_large_image\" \/>\n<meta name=\"twitter:label1\" content=\"Estimated reading time\" \/>\n\t<meta name=\"twitter:data1\" content=\"3 minutes\" \/>\n<script type=\"application\/ld+json\" class=\"yoast-schema-graph\">{\"@context\":\"https:\/\/schema.org\",\"@graph\":[{\"@type\":\"WebPage\",\"@id\":\"https:\/\/skyforce.pl\/en\/kursy-aff\/\",\"url\":\"https:\/\/skyforce.pl\/en\/kursy-aff\/\",\"name\":\"Kursy AFF - Skyforce - Skoki spadochronowe Warszawa, \u0141\u00f3d\u017a\",\"isPartOf\":{\"@id\":\"https:\/\/skyforce.pl\/en\/#website\"},\"datePublished\":\"2019-02-27T13:46:15+00:00\",\"dateModified\":\"2024-11-26T11:27:06+00:00\",\"description\":\"Prze\u017cyj podniebn\u0105 przygod\u0119 ze SkyForce. Oferujemy skoki spadochronowe, skoki w tandemie, szkolenia spadochronowe AFF. Zapraszamy!\",\"breadcrumb\":{\"@id\":\"https:\/\/skyforce.pl\/en\/kursy-aff\/#breadcrumb\"},\"inLanguage\":\"en-GB\",\"potentialAction\":[{\"@type\":\"ReadAction\",\"target\":[\"https:\/\/skyforce.pl\/en\/kursy-aff\/\"]}]},{\"@type\":\"BreadcrumbList\",\"@id\":\"https:\/\/skyforce.pl\/en\/kursy-aff\/#breadcrumb\",\"itemListElement\":[{\"@type\":\"ListItem\",\"position\":1,\"name\":\"Strona g\u0142\u00f3wna\",\"item\":\"https:\/\/skyforce.pl\/en\/\"},{\"@type\":\"ListItem\",\"position\":2,\"name\":\"Kursy AFF\"}]},{\"@type\":\"WebSite\",\"@id\":\"https:\/\/skyforce.pl\/en\/#website\",\"url\":\"https:\/\/skyforce.pl\/en\/\",\"name\":\"Skyforce - Skoki spadochronowe Warszawa, \u0141\u00f3d\u017a\",\"description\":\"Oferujemy skoki spadochronowe, skoki w tandemie, szkolenia spadochronowe AFF\",\"potentialAction\":[{\"@type\":\"SearchAction\",\"target\":{\"@type\":\"EntryPoint\",\"urlTemplate\":\"https:\/\/skyforce.pl\/en\/?s={search_term_string}\"},\"query-input\":{\"@type\":\"PropertyValueSpecification\",\"valueRequired\":true,\"valueName\":\"search_term_string\"}}],\"inLanguage\":\"en-GB\"}]}<\/script>\n<!-- \/ Yoast SEO plugin. -->","yoast_head_json":{"title":"Kursy AFF - Skyforce - Skoki spadochronowe Warszawa, \u0141\u00f3d\u017a","description":"Prze\u017cyj podniebn\u0105 przygod\u0119 ze SkyForce. Oferujemy skoki spadochronowe, skoki w tandemie, szkolenia spadochronowe AFF. Zapraszamy!","robots":{"index":"index","follow":"follow","max-snippet":"max-snippet:-1","max-image-preview":"max-image-preview:large","max-video-preview":"max-video-preview:-1"},"canonical":"https:\/\/skyforce.pl\/en\/kursy-aff\/","og_locale":"en_GB","og_type":"article","og_title":"Kursy AFF - Skyforce - Skoki spadochronowe Warszawa, \u0141\u00f3d\u017a","og_description":"Prze\u017cyj podniebn\u0105 przygod\u0119 ze SkyForce. Oferujemy skoki spadochronowe, skoki w tandemie, szkolenia spadochronowe AFF. Zapraszamy!","og_url":"https:\/\/skyforce.pl\/en\/kursy-aff\/","og_site_name":"Skyforce - Skoki spadochronowe Warszawa, \u0141\u00f3d\u017a","article_publisher":"https:\/\/www.facebook.com\/skyforcepl\/","article_modified_time":"2024-11-26T11:27:06+00:00","twitter_card":"summary_large_image","twitter_misc":{"Estimated reading time":"3 minutes"},"schema":{"@context":"https:\/\/schema.org","@graph":[{"@type":"WebPage","@id":"https:\/\/skyforce.pl\/en\/kursy-aff\/","url":"https:\/\/skyforce.pl\/en\/kursy-aff\/","name":"Kursy AFF - Skyforce - Skoki spadochronowe Warszawa, \u0141\u00f3d\u017a","isPartOf":{"@id":"https:\/\/skyforce.pl\/en\/#website"},"datePublished":"2019-02-27T13:46:15+00:00","dateModified":"2024-11-26T11:27:06+00:00","description":"Prze\u017cyj podniebn\u0105 przygod\u0119 ze SkyForce. Oferujemy skoki spadochronowe, skoki w tandemie, szkolenia spadochronowe AFF. Zapraszamy!","breadcrumb":{"@id":"https:\/\/skyforce.pl\/en\/kursy-aff\/#breadcrumb"},"inLanguage":"en-GB","potentialAction":[{"@type":"ReadAction","target":["https:\/\/skyforce.pl\/en\/kursy-aff\/"]}]},{"@type":"BreadcrumbList","@id":"https:\/\/skyforce.pl\/en\/kursy-aff\/#breadcrumb","itemListElement":[{"@type":"ListItem","position":1,"name":"Strona g\u0142\u00f3wna","item":"https:\/\/skyforce.pl\/en\/"},{"@type":"ListItem","position":2,"name":"Kursy AFF"}]},{"@type":"WebSite","@id":"https:\/\/skyforce.pl\/en\/#website","url":"https:\/\/skyforce.pl\/en\/","name":"Skyforce - Skoki spadochronowe Warszawa, \u0141\u00f3d\u017a","description":"Oferujemy skoki spadochronowe, skoki w tandemie, szkolenia spadochronowe AFF","potentialAction":[{"@type":"SearchAction","target":{"@type":"EntryPoint","urlTemplate":"https:\/\/skyforce.pl\/en\/?s={search_term_string}"},"query-input":{"@type":"PropertyValueSpecification","valueRequired":true,"valueName":"search_term_string"}}],"inLanguage":"en-GB"}]}},"_links":{"self":[{"href":"https:\/\/skyforce.pl\/en\/wp-json\/wp\/v2\/pages\/13083","targetHints":{"allow":["GET"]}}],"collection":[{"href":"https:\/\/skyforce.pl\/en\/wp-json\/wp\/v2\/pages"}],"about":[{"href":"https:\/\/skyforce.pl\/en\/wp-json\/wp\/v2\/types\/page"}],"author":[{"embeddable":true,"href":"https:\/\/skyforce.pl\/en\/wp-json\/wp\/v2\/users\/976449"}],"replies":[{"embeddable":true,"href":"https:\/\/skyforce.pl\/en\/wp-json\/wp\/v2\/comments?post=13083"}],"version-history":[{"count":13,"href":"https:\/\/skyforce.pl\/en\/wp-json\/wp\/v2\/pages\/13083\/revisions"}],"predecessor-version":[{"id":27555,"href":"https:\/\/skyforce.pl\/en\/wp-json\/wp\/v2\/pages\/13083\/revisions\/27555"}],"wp:attachment":[{"href":"https:\/\/skyforce.pl\/en\/wp-json\/wp\/v2\/media?parent=13083"}],"curies":[{"name":"wp","href":"https:\/\/api.w.org\/{rel}","templated":true}]}}