{"id":13085,"date":"2019-02-27T14:46:57","date_gmt":"2019-02-27T13:46:57","guid":{"rendered":"https:\/\/skyforce.pl?page_id=13085"},"modified":"2024-03-21T13:50:21","modified_gmt":"2024-03-21T12:50:21","slug":"samolot","status":"publish","type":"page","link":"https:\/\/skyforce.pl\/en\/samolot\/","title":{"rendered":"Airplane"},"content":{"rendered":"<div class=\"wpb-content-wrapper\"><div data-vc-full-width=\"true\" data-vc-full-width-init=\"false\" data-vc-stretch-content=\"true\" class=\"vc_row wpb_row vc_row-fluid vc_row-no-padding\"><div class=\"wpb_column vc_column_container vc_col-sm-4\" id=\"samolot\"><div class=\"vc_column-inner \"><div class=\"wpb_wrapper\"><div id=\"1551905114326-aa868474-5742\" class=\"dt-sc-empty-space\"><\/div>\n\t<div  class=\"wpb_single_image wpb_content_element vc_align_center wpb_content_element\">\n\t\t\n\t\t<figure class=\"wpb_wrapper vc_figure\">\n\t\t\t<div class=\"vc_single_image-wrapper   vc_box_border_grey\"><img loading=\"lazy\" decoding=\"async\" width=\"700\" height=\"367\" src=\"https:\/\/skyforce.pl\/wp-content\/uploads\/2021\/03\/sphip-bez-tla.png\" class=\"vc_single_image-img attachment-full\" alt=\"\" title=\"sphip-bez-tla\" srcset=\"https:\/\/skyforce.pl\/wp-content\/uploads\/2021\/03\/sphip-bez-tla.png 700w, https:\/\/skyforce.pl\/wp-content\/uploads\/2021\/03\/sphip-bez-tla-300x157.png 300w, https:\/\/skyforce.pl\/wp-content\/uploads\/2021\/03\/sphip-bez-tla-16x8.png 16w, https:\/\/skyforce.pl\/wp-content\/uploads\/2021\/03\/sphip-bez-tla-600x315.png 600w\" sizes=\"auto, (max-width: 700px) 100vw, 700px\" \/><\/div>\n\t\t<\/figure>\n\t<\/div>\n<\/div><\/div><\/div><div class=\"wpb_column vc_column_container vc_col-sm-4\" id=\"samolot\"><div class=\"vc_column-inner \"><div class=\"wpb_wrapper\"><div id=\"1551964807488-1f1cf597-763f\" class=\"dt-sc-empty-space\"><\/div><div class='dt-sc-icon-box type7 aligncenter without-border no-icon' style='background-color: rgba(0,70,120,1);&lt;br \/&gt;\ncolor: #ffffff !important;'><div class=\"icon-content\"><h5>SC-7 SHORT SKYVAN<\/h5><h4>SAMOLOT DESANTOWY<\/h4><div class=\"introduction\">\n<p class=\"p1\"><span class=\"s1\">Jest jedyn\u0105 jednostk\u0105 w Polsce wyposa\u017con\u0105 w dwa pot\u0119\u017cne silniki turbinowe Garrett TPE 331.\u00a0<\/span><\/p>\n<p class=\"p1\"><span class=\"s1\"><span class=\"s2\">Od\u00a0poniedzia\u0142ku do pi\u0105tku<\/span>\u00a0obs\u0142uguje szkolenie najwybitniejszych polskich oddzia\u0142\u00f3w spadochronowych, natomiast w weekendy otwiera\u00a0si\u0119 dla wszystkich.\u00a0<\/span><\/p>\n<p class=\"p1\"><span class=\"s1\">Zabiera on na pok\u0142ad 22 osoby, jest niezwykle przestronny i komfortowy. Dzi\u0119ki swoim silnikom, przy pe\u0142nej \u0142adowno\u015bci osi\u0105ga pu\u0142ap 4200 metr\u00f3w w 13 ? 15 minut. Wyj\u015bcie to szeroka rampa znajduj\u0105ca si\u0119 w tylnej cz\u0119\u015bci samolotu. Dzi\u0119ki niej samolot idealnie nadaje si\u0119 do skok\u00f3w tandemowych, szkolnych jak i w du\u017cych formacjach.<\/span><\/p>\n<p class=\"p1\"><span class=\"s1\">Przystosowany jest r\u00f3wnie\u017c do skok\u00f3w z du\u017cych wysoko\u015bci, butle z tlenem i aparatura umo\u017cliwiaj\u0105ca oddychanie znajduje si\u0119 na pok\u0142adzie. Pilotowany jest zawsze przez dw\u00f3ch pilot\u00f3w.<\/span><\/p>\n<\/div><\/div><\/div><div id=\"1551905752968-e4781ea3-0344\" class=\"dt-sc-empty-space\"><\/div><\/div><\/div><\/div><div class=\"wpb_column vc_column_container vc_col-sm-4\"><div class=\"vc_column-inner \"><div class=\"wpb_wrapper\"><div id=\"1617186664791-82178c98-b8fa\" class=\"dt-sc-empty-space\"><\/div>\n\t<div  class=\"wpb_single_image wpb_content_element vc_align_center wpb_content_element\">\n\t\t\n\t\t<figure class=\"wpb_wrapper vc_figure\">\n\t\t\t<div class=\"vc_single_image-wrapper   vc_box_border_grey\"><img loading=\"lazy\" decoding=\"async\" width=\"750\" height=\"339\" src=\"https:\/\/skyforce.pl\/wp-content\/uploads\/2021\/03\/sphop-bez-tla.png\" class=\"vc_single_image-img attachment-full\" alt=\"\" title=\"sphop-bez-tla\" srcset=\"https:\/\/skyforce.pl\/wp-content\/uploads\/2021\/03\/sphop-bez-tla.png 750w, https:\/\/skyforce.pl\/wp-content\/uploads\/2021\/03\/sphop-bez-tla-300x136.png 300w, https:\/\/skyforce.pl\/wp-content\/uploads\/2021\/03\/sphop-bez-tla-16x7.png 16w, https:\/\/skyforce.pl\/wp-content\/uploads\/2021\/03\/sphop-bez-tla-600x271.png 600w\" sizes=\"auto, (max-width: 750px) 100vw, 750px\" \/><\/div>\n\t\t<\/figure>\n\t<\/div>\n<\/div><\/div><\/div><\/div><div class=\"vc_row-full-width vc_clearfix\"><\/div><div data-vc-full-width=\"true\" data-vc-full-width-init=\"false\" data-vc-stretch-content=\"true\" class=\"vc_row wpb_row vc_row-fluid\"><div class=\"dt-sc-stretch-row-content\"><div class=\"wpb_column vc_column_container vc_col-sm-12\"><div class=\"vc_column-inner \"><div class=\"wpb_wrapper\">\r\n\t<div class=\"wpb_text_column wpb_content_element \" >\r\n\t\t<div class=\"wpb_wrapper\">\r\n\t\t\t<div class=\"eg-grid-wrap eg-wrap eg-column-3 eg-grid-layout-2 eg-component-lightbox\"\n     data-desktop-column=\"3\"\n     data-tablet-column=\"2\"\n     data-mobile-column=\"1\"\n     data-lightbox-type=\"pretty_photo\"\n              data-pretty_photo-theme =\"pp_default\"\n         data-pretty_photo-social =\"false\"\n              data-gallery-id=\"xzEDnfBndn\"\n     data-lightbox-status=\"true\"\n          >\n        \n    <div class=\"eg-grid-items-wrap clearfix\">\n        <div class=\"eg-each-item eg-overlay-layout-24 \" data-eg-item-key=\"eg_item_eUTEKOiTFys1ENe\">\n    \n\n            <div class=\"eg-masonary-padding\">\n            <div class=\"eg-overlay-wrapper\">\n\n                <a href=\"https:\/\/skyforce.pl\/wp-content\/uploads\/2021\/03\/1-s.jpg\"\n                   data-lightbox-type=\"pretty_photo\"\n                   rel=\"prettyPhoto[gallery_4]\"\n                   title=\"\"\n                   data-item-type=\"image\"\n                   data-index=\"1\"\n                   data-total-items=\"9\"\n                   >\n                    <img decoding=\"async\" src=\"https:\/\/skyforce.pl\/wp-content\/uploads\/2021\/03\/1-s.jpg\" alt=\"1 - s\"\/>\n                <\/a>\n                <div class=\"eg-mask\">\n                    <div class=\"eg-inner-wrapper\">\n                        <div class=\"eg-content-holder\">\n            <div class=\"eg-button-holder\">\n                            <a href=\"javascript:void(0);\" class=\"eg-zoom\"><i class=\"fa fa-search\" aria-hidden=\"true\"><\/i><\/a>\n                                <\/div>\n            <\/div>                    <\/div>\n                    <span class=\"add\" style=\"display: none\">\n                        <i class=\"fa fa-plus\"><\/i>\n                    <\/span>\n                                    <\/div>\n                <div class=\"slider-overlay\"><\/div>\n                            <\/div>\n                    <\/div>\n        <!---Blog Layout -->\n<\/div>\n                <div class=\"eg-each-item eg-overlay-layout-24 \" data-eg-item-key=\"eg_item_Rte3sO7Qw58C0zH\">\n    \n\n            <div class=\"eg-masonary-padding\">\n            <div class=\"eg-overlay-wrapper\">\n\n                <a href=\"https:\/\/skyforce.pl\/wp-content\/uploads\/2021\/03\/13-s.jpg\"\n                   data-lightbox-type=\"pretty_photo\"\n                   rel=\"prettyPhoto[gallery_4]\"\n                   title=\"SONY DSC\"\n                   data-item-type=\"image\"\n                   data-index=\"2\"\n                   data-total-items=\"9\"\n                   >\n                    <img decoding=\"async\" src=\"https:\/\/skyforce.pl\/wp-content\/uploads\/2021\/03\/13-s.jpg\" alt=\"SONY DSC\"\/>\n                <\/a>\n                <div class=\"eg-mask\">\n                    <div class=\"eg-inner-wrapper\">\n                        <div class=\"eg-content-holder\">\n            <div class=\"eg-button-holder\">\n                            <a href=\"javascript:void(0);\" class=\"eg-zoom\"><i class=\"fa fa-search\" aria-hidden=\"true\"><\/i><\/a>\n                                <\/div>\n            <\/div>                    <\/div>\n                    <span class=\"add\" style=\"display: none\">\n                        <i class=\"fa fa-plus\"><\/i>\n                    <\/span>\n                                    <\/div>\n                <div class=\"slider-overlay\"><\/div>\n                            <\/div>\n                    <\/div>\n        <!---Blog Layout -->\n<\/div>\n                <div class=\"eg-each-item eg-overlay-layout-24 \" data-eg-item-key=\"eg_item_J0fRiOls5ZSkEhP\">\n    \n\n            <div class=\"eg-masonary-padding\">\n            <div class=\"eg-overlay-wrapper\">\n\n                <a href=\"https:\/\/skyforce.pl\/wp-content\/uploads\/2021\/03\/5-scaled.jpg\"\n                   data-lightbox-type=\"pretty_photo\"\n                   rel=\"prettyPhoto[gallery_4]\"\n                   title=\"\"\n                   data-item-type=\"image\"\n                   data-index=\"3\"\n                   data-total-items=\"9\"\n                   >\n                    <img decoding=\"async\" src=\"https:\/\/skyforce.pl\/wp-content\/uploads\/2021\/03\/5-scaled.jpg\" alt=\"5\"\/>\n                <\/a>\n                <div class=\"eg-mask\">\n                    <div class=\"eg-inner-wrapper\">\n                        <div class=\"eg-content-holder\">\n            <div class=\"eg-button-holder\">\n                            <a href=\"javascript:void(0);\" class=\"eg-zoom\"><i class=\"fa fa-search\" aria-hidden=\"true\"><\/i><\/a>\n                                <\/div>\n            <\/div>                    <\/div>\n                    <span class=\"add\" style=\"display: none\">\n                        <i class=\"fa fa-plus\"><\/i>\n                    <\/span>\n                                    <\/div>\n                <div class=\"slider-overlay\"><\/div>\n                            <\/div>\n                    <\/div>\n        <!---Blog Layout -->\n<\/div>\n                <div class=\"eg-each-item eg-overlay-layout-24 \" data-eg-item-key=\"eg_item_v6ZR7aENXuopgWK\">\n    \n\n            <div class=\"eg-masonary-padding\">\n            <div class=\"eg-overlay-wrapper\">\n\n                <a href=\"https:\/\/skyforce.pl\/wp-content\/uploads\/2021\/03\/3-s.jpg\"\n                   data-lightbox-type=\"pretty_photo\"\n                   rel=\"prettyPhoto[gallery_4]\"\n                   title=\"\"\n                   data-item-type=\"image\"\n                   data-index=\"4\"\n                   data-total-items=\"9\"\n                   >\n                    <img decoding=\"async\" src=\"https:\/\/skyforce.pl\/wp-content\/uploads\/2021\/03\/3-s.jpg\" alt=\"3 - s\"\/>\n                <\/a>\n                <div class=\"eg-mask\">\n                    <div class=\"eg-inner-wrapper\">\n                        <div class=\"eg-content-holder\">\n            <div class=\"eg-button-holder\">\n                            <a href=\"javascript:void(0);\" class=\"eg-zoom\"><i class=\"fa fa-search\" aria-hidden=\"true\"><\/i><\/a>\n                                <\/div>\n            <\/div>                    <\/div>\n                    <span class=\"add\" style=\"display: none\">\n                        <i class=\"fa fa-plus\"><\/i>\n                    <\/span>\n                                    <\/div>\n                <div class=\"slider-overlay\"><\/div>\n                            <\/div>\n                    <\/div>\n        <!---Blog Layout -->\n<\/div>\n                <div class=\"eg-each-item eg-overlay-layout-24 \" data-eg-item-key=\"eg_item_Hn6N2DlcUlPOSzQ\">\n    \n\n            <div class=\"eg-masonary-padding\">\n            <div class=\"eg-overlay-wrapper\">\n\n                <a href=\"https:\/\/skyforce.pl\/wp-content\/uploads\/2021\/03\/7-scaled.jpg\"\n                   data-lightbox-type=\"pretty_photo\"\n                   rel=\"prettyPhoto[gallery_4]\"\n                   title=\"\"\n                   data-item-type=\"image\"\n                   data-index=\"5\"\n                   data-total-items=\"9\"\n                   >\n                    <img decoding=\"async\" src=\"https:\/\/skyforce.pl\/wp-content\/uploads\/2021\/03\/7-scaled.jpg\" alt=\"7\"\/>\n                <\/a>\n                <div class=\"eg-mask\">\n                    <div class=\"eg-inner-wrapper\">\n                        <div class=\"eg-content-holder\">\n            <div class=\"eg-button-holder\">\n                            <a href=\"javascript:void(0);\" class=\"eg-zoom\"><i class=\"fa fa-search\" aria-hidden=\"true\"><\/i><\/a>\n                                <\/div>\n            <\/div>                    <\/div>\n                    <span class=\"add\" style=\"display: none\">\n                        <i class=\"fa fa-plus\"><\/i>\n                    <\/span>\n                                    <\/div>\n                <div class=\"slider-overlay\"><\/div>\n                            <\/div>\n                    <\/div>\n        <!---Blog Layout -->\n<\/div>\n                <div class=\"eg-each-item eg-overlay-layout-24 \" data-eg-item-key=\"eg_item_wuMD2xCvWNwoYEG\">\n    \n\n            <div class=\"eg-masonary-padding\">\n            <div class=\"eg-overlay-wrapper\">\n\n                <a href=\"https:\/\/skyforce.pl\/wp-content\/uploads\/2021\/03\/4-s.jpg\"\n                   data-lightbox-type=\"pretty_photo\"\n                   rel=\"prettyPhoto[gallery_4]\"\n                   title=\"\"\n                   data-item-type=\"image\"\n                   data-index=\"6\"\n                   data-total-items=\"9\"\n                   >\n                    <img decoding=\"async\" src=\"https:\/\/skyforce.pl\/wp-content\/uploads\/2021\/03\/4-s.jpg\" alt=\"4 - s\"\/>\n                <\/a>\n                <div class=\"eg-mask\">\n                    <div class=\"eg-inner-wrapper\">\n                        <div class=\"eg-content-holder\">\n            <div class=\"eg-button-holder\">\n                            <a href=\"javascript:void(0);\" class=\"eg-zoom\"><i class=\"fa fa-search\" aria-hidden=\"true\"><\/i><\/a>\n                                <\/div>\n            <\/div>                    <\/div>\n                    <span class=\"add\" style=\"display: none\">\n                        <i class=\"fa fa-plus\"><\/i>\n                    <\/span>\n                                    <\/div>\n                <div class=\"slider-overlay\"><\/div>\n                            <\/div>\n                    <\/div>\n        <!---Blog Layout -->\n<\/div>\n                <div class=\"eg-each-item eg-overlay-layout-24 \" data-eg-item-key=\"eg_item_GuCPbhuRJA3wLYJ\">\n    \n\n            <div class=\"eg-masonary-padding\">\n            <div class=\"eg-overlay-wrapper\">\n\n                <a href=\"https:\/\/skyforce.pl\/wp-content\/uploads\/2020\/08\/IMG_0030-scaled.jpg\"\n                   data-lightbox-type=\"pretty_photo\"\n                   rel=\"prettyPhoto[gallery_4]\"\n                   title=\"\"\n                   data-item-type=\"image\"\n                   data-index=\"7\"\n                   data-total-items=\"9\"\n                   >\n                    <img decoding=\"async\" src=\"https:\/\/skyforce.pl\/wp-content\/uploads\/2020\/08\/IMG_0030-scaled.jpg\" alt=\"IMG_0030\"\/>\n                <\/a>\n                <div class=\"eg-mask\">\n                    <div class=\"eg-inner-wrapper\">\n                        <div class=\"eg-content-holder\">\n            <div class=\"eg-button-holder\">\n                            <a href=\"javascript:void(0);\" class=\"eg-zoom\"><i class=\"fa fa-search\" aria-hidden=\"true\"><\/i><\/a>\n                                <\/div>\n            <\/div>                    <\/div>\n                    <span class=\"add\" style=\"display: none\">\n                        <i class=\"fa fa-plus\"><\/i>\n                    <\/span>\n                                    <\/div>\n                <div class=\"slider-overlay\"><\/div>\n                            <\/div>\n                    <\/div>\n        <!---Blog Layout -->\n<\/div>\n                <div class=\"eg-each-item eg-overlay-layout-24 \" data-eg-item-key=\"eg_item_JfsRen7S1qc7U3W\">\n    \n\n            <div class=\"eg-masonary-padding\">\n            <div class=\"eg-overlay-wrapper\">\n\n                <a href=\"https:\/\/skyforce.pl\/wp-content\/uploads\/2021\/03\/6-s.jpg\"\n                   data-lightbox-type=\"pretty_photo\"\n                   rel=\"prettyPhoto[gallery_4]\"\n                   title=\"\"\n                   data-item-type=\"image\"\n                   data-index=\"8\"\n                   data-total-items=\"9\"\n                   >\n                    <img decoding=\"async\" src=\"https:\/\/skyforce.pl\/wp-content\/uploads\/2021\/03\/6-s.jpg\" alt=\"6 - s\"\/>\n                <\/a>\n                <div class=\"eg-mask\">\n                    <div class=\"eg-inner-wrapper\">\n                        <div class=\"eg-content-holder\">\n            <div class=\"eg-button-holder\">\n                            <a href=\"javascript:void(0);\" class=\"eg-zoom\"><i class=\"fa fa-search\" aria-hidden=\"true\"><\/i><\/a>\n                                <\/div>\n            <\/div>                    <\/div>\n                    <span class=\"add\" style=\"display: none\">\n                        <i class=\"fa fa-plus\"><\/i>\n                    <\/span>\n                                    <\/div>\n                <div class=\"slider-overlay\"><\/div>\n                            <\/div>\n                    <\/div>\n        <!---Blog Layout -->\n<\/div>\n                <div class=\"eg-each-item eg-overlay-layout-24 \" data-eg-item-key=\"eg_item_0bDjUJ8LwKmsAra\">\n    \n\n            <div class=\"eg-masonary-padding\">\n            <div class=\"eg-overlay-wrapper\">\n\n                <a href=\"https:\/\/skyforce.pl\/wp-content\/uploads\/2021\/03\/10-s.jpg\"\n                   data-lightbox-type=\"pretty_photo\"\n                   rel=\"prettyPhoto[gallery_4]\"\n                   title=\"00000000000000000000000000000000000000000000000000000000\"\n                   data-item-type=\"image\"\n                   data-index=\"9\"\n                   data-total-items=\"9\"\n                   >\n                    <img decoding=\"async\" src=\"https:\/\/skyforce.pl\/wp-content\/uploads\/2021\/03\/10-s.jpg\" alt=\"10 - s\"\/>\n                <\/a>\n                <div class=\"eg-mask\">\n                    <div class=\"eg-inner-wrapper\">\n                        <div class=\"eg-content-holder\">\n            <div class=\"eg-button-holder\">\n                            <a href=\"javascript:void(0);\" class=\"eg-zoom\"><i class=\"fa fa-search\" aria-hidden=\"true\"><\/i><\/a>\n                                <\/div>\n            <\/div>                    <\/div>\n                    <span class=\"add\" style=\"display: none\">\n                        <i class=\"fa fa-plus\"><\/i>\n                    <\/span>\n                                    <\/div>\n                <div class=\"slider-overlay\"><\/div>\n                            <\/div>\n                    <\/div>\n        <!---Blog Layout -->\n<\/div>\n                        <\/div>\n        \n<\/div>\n\n\n            <style>\n            <\/style>\n            \n\r\n\t\t<\/div>\r\n\t<\/div>\r\n<\/div><\/div><\/div><\/div><\/div><div class=\"vc_row-full-width vc_clearfix\"><\/div>\n<\/div>","protected":false},"excerpt":{"rendered":"SC-7 SHORT SKYVANSAMOLOT DESANTOWY Jest jedyn\u0105 jednostk\u0105 w Polsce wyposa\u017con\u0105 w dwa pot\u0119\u017cne silniki turbinowe Garrett TPE 331.\u00a0 Od\u00a0poniedzia\u0142ku do pi\u0105tku\u00a0obs\u0142uguje szkolenie najwybitniejszych polskich oddzia\u0142\u00f3w spadochronowych, natomiast w weekendy otwiera\u00a0si\u0119 dla wszystkich.\u00a0 Zabiera on na pok\u0142ad 22 osoby, jest niezwykle przestronny i komfortowy. Dzi\u0119ki swoim silnikom, przy pe\u0142nej \u0142adowno\u015bci osi\u0105ga pu\u0142ap 4200 metr\u00f3w w 13 [...]","protected":false},"author":976449,"featured_media":0,"parent":0,"menu_order":0,"comment_status":"closed","ping_status":"closed","template":"","meta":{"footnotes":""},"class_list":["post-13085","page","type-page","status-publish","hentry"],"yoast_head":"<!-- This site is optimized with the Yoast SEO plugin v26.9 - https:\/\/yoast.com\/product\/yoast-seo-wordpress\/ -->\n<title>Samolot - Skyforce - Skoki spadochronowe Warszawa, \u0141\u00f3d\u017a<\/title>\n<meta name=\"description\" content=\"Prze\u017cyj podniebn\u0105 przygod\u0119 ze SkyForce. Oferujemy skoki spadochronowe, skoki w tandemie, szkolenia spadochronowe AFF. Zapraszamy!\" \/>\n<meta name=\"robots\" content=\"index, follow, max-snippet:-1, max-image-preview:large, max-video-preview:-1\" \/>\n<link rel=\"canonical\" href=\"https:\/\/skyforce.pl\/en\/samolot\/\" \/>\n<meta property=\"og:locale\" content=\"en_GB\" \/>\n<meta property=\"og:type\" content=\"article\" \/>\n<meta property=\"og:title\" content=\"Samolot - Skyforce - Skoki spadochronowe Warszawa, \u0141\u00f3d\u017a\" \/>\n<meta property=\"og:description\" content=\"Prze\u017cyj podniebn\u0105 przygod\u0119 ze SkyForce. Oferujemy skoki spadochronowe, skoki w tandemie, szkolenia spadochronowe AFF. Zapraszamy!\" \/>\n<meta property=\"og:url\" content=\"https:\/\/skyforce.pl\/en\/samolot\/\" \/>\n<meta property=\"og:site_name\" content=\"Skyforce - Skoki spadochronowe Warszawa, \u0141\u00f3d\u017a\" \/>\n<meta property=\"article:publisher\" content=\"https:\/\/www.facebook.com\/skyforcepl\/\" \/>\n<meta property=\"article:modified_time\" content=\"2024-03-21T12:50:21+00:00\" \/>\n<meta name=\"twitter:card\" content=\"summary_large_image\" \/>\n<meta name=\"twitter:label1\" content=\"Estimated reading time\" \/>\n\t<meta name=\"twitter:data1\" content=\"1 minute\" \/>\n<script type=\"application\/ld+json\" class=\"yoast-schema-graph\">{\"@context\":\"https:\/\/schema.org\",\"@graph\":[{\"@type\":\"WebPage\",\"@id\":\"https:\/\/skyforce.pl\/en\/samolot\/\",\"url\":\"https:\/\/skyforce.pl\/en\/samolot\/\",\"name\":\"Samolot - Skyforce - Skoki spadochronowe Warszawa, \u0141\u00f3d\u017a\",\"isPartOf\":{\"@id\":\"https:\/\/skyforce.pl\/en\/#website\"},\"datePublished\":\"2019-02-27T13:46:57+00:00\",\"dateModified\":\"2024-03-21T12:50:21+00:00\",\"description\":\"Prze\u017cyj podniebn\u0105 przygod\u0119 ze SkyForce. Oferujemy skoki spadochronowe, skoki w tandemie, szkolenia spadochronowe AFF. Zapraszamy!\",\"breadcrumb\":{\"@id\":\"https:\/\/skyforce.pl\/en\/samolot\/#breadcrumb\"},\"inLanguage\":\"en-GB\",\"potentialAction\":[{\"@type\":\"ReadAction\",\"target\":[\"https:\/\/skyforce.pl\/en\/samolot\/\"]}]},{\"@type\":\"BreadcrumbList\",\"@id\":\"https:\/\/skyforce.pl\/en\/samolot\/#breadcrumb\",\"itemListElement\":[{\"@type\":\"ListItem\",\"position\":1,\"name\":\"Strona g\u0142\u00f3wna\",\"item\":\"https:\/\/skyforce.pl\/en\/\"},{\"@type\":\"ListItem\",\"position\":2,\"name\":\"Samolot\"}]},{\"@type\":\"WebSite\",\"@id\":\"https:\/\/skyforce.pl\/en\/#website\",\"url\":\"https:\/\/skyforce.pl\/en\/\",\"name\":\"Skyforce - Skoki spadochronowe Warszawa, \u0141\u00f3d\u017a\",\"description\":\"Oferujemy skoki spadochronowe, skoki w tandemie, szkolenia spadochronowe AFF\",\"potentialAction\":[{\"@type\":\"SearchAction\",\"target\":{\"@type\":\"EntryPoint\",\"urlTemplate\":\"https:\/\/skyforce.pl\/en\/?s={search_term_string}\"},\"query-input\":{\"@type\":\"PropertyValueSpecification\",\"valueRequired\":true,\"valueName\":\"search_term_string\"}}],\"inLanguage\":\"en-GB\"}]}<\/script>\n<!-- \/ Yoast SEO plugin. -->","yoast_head_json":{"title":"Samolot - Skyforce - Skoki spadochronowe Warszawa, \u0141\u00f3d\u017a","description":"Prze\u017cyj podniebn\u0105 przygod\u0119 ze SkyForce. Oferujemy skoki spadochronowe, skoki w tandemie, szkolenia spadochronowe AFF. Zapraszamy!","robots":{"index":"index","follow":"follow","max-snippet":"max-snippet:-1","max-image-preview":"max-image-preview:large","max-video-preview":"max-video-preview:-1"},"canonical":"https:\/\/skyforce.pl\/en\/samolot\/","og_locale":"en_GB","og_type":"article","og_title":"Samolot - Skyforce - Skoki spadochronowe Warszawa, \u0141\u00f3d\u017a","og_description":"Prze\u017cyj podniebn\u0105 przygod\u0119 ze SkyForce. Oferujemy skoki spadochronowe, skoki w tandemie, szkolenia spadochronowe AFF. Zapraszamy!","og_url":"https:\/\/skyforce.pl\/en\/samolot\/","og_site_name":"Skyforce - Skoki spadochronowe Warszawa, \u0141\u00f3d\u017a","article_publisher":"https:\/\/www.facebook.com\/skyforcepl\/","article_modified_time":"2024-03-21T12:50:21+00:00","twitter_card":"summary_large_image","twitter_misc":{"Estimated reading time":"1 minute"},"schema":{"@context":"https:\/\/schema.org","@graph":[{"@type":"WebPage","@id":"https:\/\/skyforce.pl\/en\/samolot\/","url":"https:\/\/skyforce.pl\/en\/samolot\/","name":"Samolot - Skyforce - Skoki spadochronowe Warszawa, \u0141\u00f3d\u017a","isPartOf":{"@id":"https:\/\/skyforce.pl\/en\/#website"},"datePublished":"2019-02-27T13:46:57+00:00","dateModified":"2024-03-21T12:50:21+00:00","description":"Prze\u017cyj podniebn\u0105 przygod\u0119 ze SkyForce. Oferujemy skoki spadochronowe, skoki w tandemie, szkolenia spadochronowe AFF. Zapraszamy!","breadcrumb":{"@id":"https:\/\/skyforce.pl\/en\/samolot\/#breadcrumb"},"inLanguage":"en-GB","potentialAction":[{"@type":"ReadAction","target":["https:\/\/skyforce.pl\/en\/samolot\/"]}]},{"@type":"BreadcrumbList","@id":"https:\/\/skyforce.pl\/en\/samolot\/#breadcrumb","itemListElement":[{"@type":"ListItem","position":1,"name":"Strona g\u0142\u00f3wna","item":"https:\/\/skyforce.pl\/en\/"},{"@type":"ListItem","position":2,"name":"Samolot"}]},{"@type":"WebSite","@id":"https:\/\/skyforce.pl\/en\/#website","url":"https:\/\/skyforce.pl\/en\/","name":"Skyforce - Skoki spadochronowe Warszawa, \u0141\u00f3d\u017a","description":"Oferujemy skoki spadochronowe, skoki w tandemie, szkolenia spadochronowe AFF","potentialAction":[{"@type":"SearchAction","target":{"@type":"EntryPoint","urlTemplate":"https:\/\/skyforce.pl\/en\/?s={search_term_string}"},"query-input":{"@type":"PropertyValueSpecification","valueRequired":true,"valueName":"search_term_string"}}],"inLanguage":"en-GB"}]}},"_links":{"self":[{"href":"https:\/\/skyforce.pl\/en\/wp-json\/wp\/v2\/pages\/13085","targetHints":{"allow":["GET"]}}],"collection":[{"href":"https:\/\/skyforce.pl\/en\/wp-json\/wp\/v2\/pages"}],"about":[{"href":"https:\/\/skyforce.pl\/en\/wp-json\/wp\/v2\/types\/page"}],"author":[{"embeddable":true,"href":"https:\/\/skyforce.pl\/en\/wp-json\/wp\/v2\/users\/976449"}],"replies":[{"embeddable":true,"href":"https:\/\/skyforce.pl\/en\/wp-json\/wp\/v2\/comments?post=13085"}],"version-history":[{"count":16,"href":"https:\/\/skyforce.pl\/en\/wp-json\/wp\/v2\/pages\/13085\/revisions"}],"predecessor-version":[{"id":16835,"href":"https:\/\/skyforce.pl\/en\/wp-json\/wp\/v2\/pages\/13085\/revisions\/16835"}],"wp:attachment":[{"href":"https:\/\/skyforce.pl\/en\/wp-json\/wp\/v2\/media?parent=13085"}],"curies":[{"name":"wp","href":"https:\/\/api.w.org\/{rel}","templated":true}]}}