{"id":13087,"date":"2019-02-27T14:47:24","date_gmt":"2019-02-27T13:47:24","guid":{"rendered":"https:\/\/skyforce.pl?page_id=13087"},"modified":"2024-03-21T13:49:20","modified_gmt":"2024-03-21T12:49:20","slug":"lotnisko","status":"publish","type":"page","link":"https:\/\/skyforce.pl\/en\/lotnisko\/","title":{"rendered":"Airport"},"content":{"rendered":"<div class=\"wpb-content-wrapper\"><div class=\"vc_row wpb_row vc_row-fluid\"><div class=\"wpb_column vc_column_container vc_col-sm-6\" id=\"samolot\"><div class=\"vc_column-inner \"><div class=\"wpb_wrapper\"><div id=\"1551905114326-aa868474-5742\" class=\"dt-sc-empty-space\"><\/div><div class='dt-sc-icon-box type7 aligncenter without-border no-icon' style='background-color: rgba(0,70,120,1);&lt;br \/&gt;\ncolor: #ffffff !important;'><div class=\"icon-content\"><h5>DROPZONE SKYFORCE<\/h5><h4>LOTNISKO EPPT<\/h4><div class=\"introduction\">\n<p>Nasza strefa zrzutu mie\u015bci si\u0119 na lotnisku w<span style=\"color: #ffffff;\"> <a style=\"color: #ffffff;\" href=\"http:\/\/www.azp.com.pl\/\" target=\"_blank\" rel=\"noopener noreferrer\">Piotrkowie Trybunalskim<\/a>,<\/span> a wi\u0119c w centrum Polski. Posiadamy wygodny i szybki dojazd z aglomeracji warszawskiej, \u0142\u00f3dzkiej, krakowskiej oraz \u015bl\u0105skiej.<\/p>\n<p>Lotnisko posiada betonowy pas startowy oraz obszerne miejsce do l\u0105dowania. Korzystaj\u0105 z niego wszyscy: tandemy, studenci i profesjonalni skoczkowie. Dzi\u0119ki czemu starty na naszej strefie s\u0105 zawsze bezpieczne, a l\u0105dowania mi\u0119kkie.<\/p>\n<p style=\"text-align: left;\">Naszym klientom i go\u015bciom oferujemy profesjonalne zaplecze w obr\u0119bie ca\u0142ego obiektu:<\/p>\n<ul>\n<li style=\"text-align: left;\">wygodn\u0105 i du\u017c\u0105 uk\u0142adalni\u0119 spadochron\u00f3w;<\/li>\n<li style=\"text-align: left;\">szerok\u0105 gam\u0119 sprz\u0119t\u00f3w do wypo\u017cyczenia (od du\u017cych, szkolnych, przez przej\u015bciowe, a\u017c po mniejsze);<\/li>\n<li style=\"text-align: left;\">mo\u017cliwo\u015b\u0107 noclegu;<\/li>\n<li style=\"text-align: left;\">toalety,<\/li>\n<li style=\"text-align: left;\">prysznice;<\/li>\n<li style=\"text-align: left;\">bar na lotnisku.<\/li>\n<\/ul>\n<p>Odleg\u0142o\u015bci kt\u00f3re nas dziel\u0105 od du\u017cych miast:<\/p>\n<p>\u0141\u00f3d\u017a (50 km), Cz\u0119stochowa (75 km), Kielce (90 km), Warszawa (120 km), Katowice (140 km), Krak\u00f3w (170 km), Wroc\u0142aw (200 km), Toru\u0144 (205 km), Bielsko Bia\u0142a (210 km), Lublin (220 km), Pozna\u0144 (260 km)<\/p>\n<\/div><\/div><\/div><div id=\"1551905752968-e4781ea3-0344\" class=\"dt-sc-empty-space\"><\/div><div id=\"1551905754873-4e4d4da5-2dca\" class=\"dt-sc-empty-space\"><\/div><\/div><\/div><\/div><div class=\"wpb_column vc_column_container vc_col-sm-6\"><div class=\"vc_column-inner \"><div class=\"wpb_wrapper\"><div id=\"1551964807488-1f1cf597-763f\" class=\"dt-sc-empty-space\"><\/div>\n\t<div  class=\"wpb_single_image wpb_content_element vc_align_center wpb_content_element\">\n\t\t\n\t\t<figure class=\"wpb_wrapper vc_figure\">\n\t\t\t<div class=\"vc_single_image-wrapper   vc_box_border_grey\"><img loading=\"lazy\" decoding=\"async\" width=\"802\" height=\"762\" src=\"https:\/\/skyforce.pl\/wp-content\/uploads\/2019\/03\/logo-bez-tla.png\" class=\"vc_single_image-img attachment-full\" alt=\"\" title=\"logo bez tla\" srcset=\"https:\/\/skyforce.pl\/wp-content\/uploads\/2019\/03\/logo-bez-tla.png 802w, https:\/\/skyforce.pl\/wp-content\/uploads\/2019\/03\/logo-bez-tla-300x285.png 300w, https:\/\/skyforce.pl\/wp-content\/uploads\/2019\/03\/logo-bez-tla-600x570.png 600w, https:\/\/skyforce.pl\/wp-content\/uploads\/2019\/03\/logo-bez-tla-768x730.png 768w, https:\/\/skyforce.pl\/wp-content\/uploads\/2019\/03\/logo-bez-tla-500x475.png 500w\" sizes=\"auto, (max-width: 802px) 100vw, 802px\" \/><\/div>\n\t\t<\/figure>\n\t<\/div>\n<\/div><\/div><\/div><\/div><div data-vc-full-width=\"true\" data-vc-full-width-init=\"false\" data-vc-stretch-content=\"true\" class=\"vc_row wpb_row vc_row-fluid\"><div class=\"dt-sc-stretch-row-content\"><div class=\"wpb_column vc_column_container vc_col-sm-12\"><div class=\"vc_column-inner \"><div class=\"wpb_wrapper\">\r\n\t<div class=\"wpb_text_column wpb_content_element \" >\r\n\t\t<div class=\"wpb_wrapper\">\r\n\t\t\t<div class=\"eg-grid-wrap eg-wrap eg-column-3 eg-grid-layout-2 eg-component-lightbox\"\n     data-desktop-column=\"3\"\n     data-tablet-column=\"2\"\n     data-mobile-column=\"1\"\n     data-lightbox-type=\"pretty_photo\"\n              data-pretty_photo-theme =\"pp_default\"\n         data-pretty_photo-social =\"false\"\n              data-gallery-id=\"ii3DT1fiUg\"\n     data-lightbox-status=\"true\"\n          >\n        \n    <div class=\"eg-grid-items-wrap clearfix\">\n        <div class=\"eg-each-item eg-overlay-layout-24 \" data-eg-item-key=\"eg_item_ZJhBmRfzK0Lwa37\">\n    \n\n            <div class=\"eg-masonary-padding\">\n            <div class=\"eg-overlay-wrapper\">\n\n                <a href=\"https:\/\/skyforce.pl\/wp-content\/uploads\/2019\/03\/30713035_1698111026913985_1177187086281736192_n.jpg\"\n                   data-lightbox-type=\"pretty_photo\"\n                   rel=\"prettyPhoto[gallery_3]\"\n                   title=\"\"\n                   data-item-type=\"image\"\n                   data-index=\"1\"\n                   data-total-items=\"2\"\n                   >\n                    <img decoding=\"async\" src=\"https:\/\/skyforce.pl\/wp-content\/uploads\/2019\/03\/30713035_1698111026913985_1177187086281736192_n.jpg\" alt=\"30713035_1698111026913985_1177187086281736192_n\"\/>\n                <\/a>\n                <div class=\"eg-mask\">\n                    <div class=\"eg-inner-wrapper\">\n                        <div class=\"eg-content-holder\">\n            <div class=\"eg-button-holder\">\n                            <a href=\"javascript:void(0);\" class=\"eg-zoom\"><i class=\"fa fa-search\" aria-hidden=\"true\"><\/i><\/a>\n                                <\/div>\n            <\/div>                    <\/div>\n                    <span class=\"add\" style=\"display: none\">\n                        <i class=\"fa fa-plus\"><\/i>\n                    <\/span>\n                                    <\/div>\n                <div class=\"slider-overlay\"><\/div>\n                            <\/div>\n                    <\/div>\n        <!---Blog Layout -->\n<\/div>\n                <div class=\"eg-each-item eg-overlay-layout-24 \" data-eg-item-key=\"eg_item_MNEDNoUoKLEjwN5\">\n    \n\n            <div class=\"eg-masonary-padding\">\n            <div class=\"eg-overlay-wrapper\">\n\n                <a href=\"https:\/\/skyforce.pl\/wp-content\/uploads\/2019\/03\/38.jpg\"\n                   data-lightbox-type=\"pretty_photo\"\n                   rel=\"prettyPhoto[gallery_3]\"\n                   title=\"\"\n                   data-item-type=\"image\"\n                   data-index=\"2\"\n                   data-total-items=\"2\"\n                   >\n                    <img decoding=\"async\" src=\"https:\/\/skyforce.pl\/wp-content\/uploads\/2019\/03\/38.jpg\" alt=\"38\"\/>\n                <\/a>\n                <div class=\"eg-mask\">\n                    <div class=\"eg-inner-wrapper\">\n                        <div class=\"eg-content-holder\">\n            <div class=\"eg-button-holder\">\n                            <a href=\"javascript:void(0);\" class=\"eg-zoom\"><i class=\"fa fa-search\" aria-hidden=\"true\"><\/i><\/a>\n                                <\/div>\n            <\/div>                    <\/div>\n                    <span class=\"add\" style=\"display: none\">\n                        <i class=\"fa fa-plus\"><\/i>\n                    <\/span>\n                                    <\/div>\n                <div class=\"slider-overlay\"><\/div>\n                            <\/div>\n                    <\/div>\n        <!---Blog Layout -->\n<\/div>\n                        <\/div>\n        \n<\/div>\n\n\n            <style>\n            <\/style>\n            \n\r\n\t\t<\/div>\r\n\t<\/div>\r\n<\/div><\/div><\/div><\/div><\/div><div class=\"vc_row-full-width vc_clearfix\"><\/div>\n<\/div>","protected":false},"excerpt":{"rendered":"DROPZONE SKYFORCELOTNISKO EPPT Nasza strefa zrzutu mie\u015bci si\u0119 na lotnisku w Piotrkowie Trybunalskim, a wi\u0119c w centrum Polski. Posiadamy wygodny i szybki dojazd z aglomeracji warszawskiej, \u0142\u00f3dzkiej, krakowskiej oraz \u015bl\u0105skiej. Lotnisko posiada betonowy pas startowy oraz obszerne miejsce do l\u0105dowania. Korzystaj\u0105 z niego wszyscy: tandemy, studenci i profesjonalni skoczkowie. Dzi\u0119ki czemu starty na naszej strefie [...]","protected":false},"author":976449,"featured_media":0,"parent":0,"menu_order":0,"comment_status":"closed","ping_status":"closed","template":"","meta":{"footnotes":""},"class_list":["post-13087","page","type-page","status-publish","hentry"],"yoast_head":"<!-- This site is optimized with the Yoast SEO plugin v26.9 - https:\/\/yoast.com\/product\/yoast-seo-wordpress\/ -->\n<title>Lotnisko - Skyforce - Skoki spadochronowe Warszawa, \u0141\u00f3d\u017a<\/title>\n<meta name=\"description\" content=\"Prze\u017cyj podniebn\u0105 przygod\u0119 ze SkyForce. Oferujemy skoki spadochronowe, skoki w tandemie, szkolenia spadochronowe AFF. Zapraszamy!\" \/>\n<meta name=\"robots\" content=\"index, follow, max-snippet:-1, max-image-preview:large, max-video-preview:-1\" \/>\n<link rel=\"canonical\" href=\"https:\/\/skyforce.pl\/en\/lotnisko\/\" \/>\n<meta property=\"og:locale\" content=\"en_GB\" \/>\n<meta property=\"og:type\" content=\"article\" \/>\n<meta property=\"og:title\" content=\"Lotnisko - Skyforce - Skoki spadochronowe Warszawa, \u0141\u00f3d\u017a\" \/>\n<meta property=\"og:description\" content=\"Prze\u017cyj podniebn\u0105 przygod\u0119 ze SkyForce. Oferujemy skoki spadochronowe, skoki w tandemie, szkolenia spadochronowe AFF. Zapraszamy!\" \/>\n<meta property=\"og:url\" content=\"https:\/\/skyforce.pl\/en\/lotnisko\/\" \/>\n<meta property=\"og:site_name\" content=\"Skyforce - Skoki spadochronowe Warszawa, \u0141\u00f3d\u017a\" \/>\n<meta property=\"article:publisher\" content=\"https:\/\/www.facebook.com\/skyforcepl\/\" \/>\n<meta property=\"article:modified_time\" content=\"2024-03-21T12:49:20+00:00\" \/>\n<meta name=\"twitter:card\" content=\"summary_large_image\" \/>\n<meta name=\"twitter:label1\" content=\"Estimated reading time\" \/>\n\t<meta name=\"twitter:data1\" content=\"2 minutes\" \/>\n<script type=\"application\/ld+json\" class=\"yoast-schema-graph\">{\"@context\":\"https:\/\/schema.org\",\"@graph\":[{\"@type\":\"WebPage\",\"@id\":\"https:\/\/skyforce.pl\/en\/lotnisko\/\",\"url\":\"https:\/\/skyforce.pl\/en\/lotnisko\/\",\"name\":\"Lotnisko - Skyforce - Skoki spadochronowe Warszawa, \u0141\u00f3d\u017a\",\"isPartOf\":{\"@id\":\"https:\/\/skyforce.pl\/en\/#website\"},\"datePublished\":\"2019-02-27T13:47:24+00:00\",\"dateModified\":\"2024-03-21T12:49:20+00:00\",\"description\":\"Prze\u017cyj podniebn\u0105 przygod\u0119 ze SkyForce. Oferujemy skoki spadochronowe, skoki w tandemie, szkolenia spadochronowe AFF. Zapraszamy!\",\"breadcrumb\":{\"@id\":\"https:\/\/skyforce.pl\/en\/lotnisko\/#breadcrumb\"},\"inLanguage\":\"en-GB\",\"potentialAction\":[{\"@type\":\"ReadAction\",\"target\":[\"https:\/\/skyforce.pl\/en\/lotnisko\/\"]}]},{\"@type\":\"BreadcrumbList\",\"@id\":\"https:\/\/skyforce.pl\/en\/lotnisko\/#breadcrumb\",\"itemListElement\":[{\"@type\":\"ListItem\",\"position\":1,\"name\":\"Strona g\u0142\u00f3wna\",\"item\":\"https:\/\/skyforce.pl\/en\/\"},{\"@type\":\"ListItem\",\"position\":2,\"name\":\"Lotnisko\"}]},{\"@type\":\"WebSite\",\"@id\":\"https:\/\/skyforce.pl\/en\/#website\",\"url\":\"https:\/\/skyforce.pl\/en\/\",\"name\":\"Skyforce - Skoki spadochronowe Warszawa, \u0141\u00f3d\u017a\",\"description\":\"Oferujemy skoki spadochronowe, skoki w tandemie, szkolenia spadochronowe AFF\",\"potentialAction\":[{\"@type\":\"SearchAction\",\"target\":{\"@type\":\"EntryPoint\",\"urlTemplate\":\"https:\/\/skyforce.pl\/en\/?s={search_term_string}\"},\"query-input\":{\"@type\":\"PropertyValueSpecification\",\"valueRequired\":true,\"valueName\":\"search_term_string\"}}],\"inLanguage\":\"en-GB\"}]}<\/script>\n<!-- \/ Yoast SEO plugin. -->","yoast_head_json":{"title":"Lotnisko - Skyforce - Skoki spadochronowe Warszawa, \u0141\u00f3d\u017a","description":"Prze\u017cyj podniebn\u0105 przygod\u0119 ze SkyForce. Oferujemy skoki spadochronowe, skoki w tandemie, szkolenia spadochronowe AFF. Zapraszamy!","robots":{"index":"index","follow":"follow","max-snippet":"max-snippet:-1","max-image-preview":"max-image-preview:large","max-video-preview":"max-video-preview:-1"},"canonical":"https:\/\/skyforce.pl\/en\/lotnisko\/","og_locale":"en_GB","og_type":"article","og_title":"Lotnisko - Skyforce - Skoki spadochronowe Warszawa, \u0141\u00f3d\u017a","og_description":"Prze\u017cyj podniebn\u0105 przygod\u0119 ze SkyForce. Oferujemy skoki spadochronowe, skoki w tandemie, szkolenia spadochronowe AFF. Zapraszamy!","og_url":"https:\/\/skyforce.pl\/en\/lotnisko\/","og_site_name":"Skyforce - Skoki spadochronowe Warszawa, \u0141\u00f3d\u017a","article_publisher":"https:\/\/www.facebook.com\/skyforcepl\/","article_modified_time":"2024-03-21T12:49:20+00:00","twitter_card":"summary_large_image","twitter_misc":{"Estimated reading time":"2 minutes"},"schema":{"@context":"https:\/\/schema.org","@graph":[{"@type":"WebPage","@id":"https:\/\/skyforce.pl\/en\/lotnisko\/","url":"https:\/\/skyforce.pl\/en\/lotnisko\/","name":"Lotnisko - Skyforce - Skoki spadochronowe Warszawa, \u0141\u00f3d\u017a","isPartOf":{"@id":"https:\/\/skyforce.pl\/en\/#website"},"datePublished":"2019-02-27T13:47:24+00:00","dateModified":"2024-03-21T12:49:20+00:00","description":"Prze\u017cyj podniebn\u0105 przygod\u0119 ze SkyForce. Oferujemy skoki spadochronowe, skoki w tandemie, szkolenia spadochronowe AFF. Zapraszamy!","breadcrumb":{"@id":"https:\/\/skyforce.pl\/en\/lotnisko\/#breadcrumb"},"inLanguage":"en-GB","potentialAction":[{"@type":"ReadAction","target":["https:\/\/skyforce.pl\/en\/lotnisko\/"]}]},{"@type":"BreadcrumbList","@id":"https:\/\/skyforce.pl\/en\/lotnisko\/#breadcrumb","itemListElement":[{"@type":"ListItem","position":1,"name":"Strona g\u0142\u00f3wna","item":"https:\/\/skyforce.pl\/en\/"},{"@type":"ListItem","position":2,"name":"Lotnisko"}]},{"@type":"WebSite","@id":"https:\/\/skyforce.pl\/en\/#website","url":"https:\/\/skyforce.pl\/en\/","name":"Skyforce - Skoki spadochronowe Warszawa, \u0141\u00f3d\u017a","description":"Oferujemy skoki spadochronowe, skoki w tandemie, szkolenia spadochronowe AFF","potentialAction":[{"@type":"SearchAction","target":{"@type":"EntryPoint","urlTemplate":"https:\/\/skyforce.pl\/en\/?s={search_term_string}"},"query-input":{"@type":"PropertyValueSpecification","valueRequired":true,"valueName":"search_term_string"}}],"inLanguage":"en-GB"}]}},"_links":{"self":[{"href":"https:\/\/skyforce.pl\/en\/wp-json\/wp\/v2\/pages\/13087","targetHints":{"allow":["GET"]}}],"collection":[{"href":"https:\/\/skyforce.pl\/en\/wp-json\/wp\/v2\/pages"}],"about":[{"href":"https:\/\/skyforce.pl\/en\/wp-json\/wp\/v2\/types\/page"}],"author":[{"embeddable":true,"href":"https:\/\/skyforce.pl\/en\/wp-json\/wp\/v2\/users\/976449"}],"replies":[{"embeddable":true,"href":"https:\/\/skyforce.pl\/en\/wp-json\/wp\/v2\/comments?post=13087"}],"version-history":[{"count":15,"href":"https:\/\/skyforce.pl\/en\/wp-json\/wp\/v2\/pages\/13087\/revisions"}],"predecessor-version":[{"id":15706,"href":"https:\/\/skyforce.pl\/en\/wp-json\/wp\/v2\/pages\/13087\/revisions\/15706"}],"wp:attachment":[{"href":"https:\/\/skyforce.pl\/en\/wp-json\/wp\/v2\/media?parent=13087"}],"curies":[{"name":"wp","href":"https:\/\/api.w.org\/{rel}","templated":true}]}}