{"id":13510,"date":"2019-03-06T17:26:12","date_gmt":"2019-03-06T16:26:12","guid":{"rendered":"https:\/\/skyforce.pl?page_id=13510"},"modified":"2024-03-21T13:56:04","modified_gmt":"2024-03-21T12:56:04","slug":"eventy-firmowe","status":"publish","type":"page","link":"https:\/\/skyforce.pl\/en\/eventy-firmowe\/","title":{"rendered":"Corporate events"},"content":{"rendered":"<div class=\"wpb-content-wrapper\"><div class=\"vc_row wpb_row vc_row-fluid\"><div class=\"wpb_column vc_column_container vc_col-sm-12\" id=\"eventyfirmowe\"><div class=\"vc_column-inner\"><div class=\"wpb_wrapper\"><div id=\"1551905114326-aa868474-5742\" class=\"dt-sc-empty-space\"><\/div><div class='dt-sc-icon-box type7 aligncenter without-border no-icon' style='background-color: rgba(0,70,120,1);&lt;br \/&gt;color: #ffffff !important;'><div class=\"icon-content\"><h5>UNFORGETTABLE<\/h5><h4>CORPORATE EVENTS<\/h4><div class=\"introduction\">\n<p style=\"text-align: center;\">Wsp\u00f3lne skoki to niezapomniana zabawa i mo\u017cliwo\u015b\u0107 integracji ca\u0142ego zespo\u0142u. Tym bardziej, \u017ce nasz samolot SkyVan pomie\u015bci za jednym wylotem do 22 os\u00f3b. Z pewno\u015bci\u0105, nic tak nie jednoczy grupy jak wsp\u00f3lnie podj\u0119te wyzwanie.\nPomo\u017cemy Ci zorganizowa\u0107 niezapomniany evant dla Twojej firmy. Cechuje nas profesjonalizm i fachowe podej\u015bcie do klienta.\nWiemy gdzie mo\u017cna zam\u00f3wi\u0107 pyszny catering i zarezerwowa\u0107 hotel w pobli\u017cu, kt\u00f3ry sprosta wszystkim oczekiwaniom. Imprezy w <a href=\"https:\/\/skyforce.pl\/en\/\" target=\"_blank\" rel=\"noopener noreferrer\">SkyForce<\/a> mo\u017cliwe s\u0105 zar\u00f3wno w tygodniu, jak i w weekendy.<\/p>\n<p style=\"text-align: center;\"><strong>CO MO\u017bE OBEJMOWA\u0106 EVENT ?<\/strong><\/p>\n<ul style=\"text-align: center;\">\n<li>skoki tandemowe z wysoko\u015bci 4200m z filmowaniem;<\/li>\n<li>Sightseeing flights by airplane, helicopter, helicopter and glider;<\/li>\n<li>Catering, grill, food trucks;<\/li>\n<li>Integration games;<\/li>\n<li>Contests with prizes.<\/li>\n<\/ul>\n<p style=\"text-align: center;\"><strong>OUR INFRASTRUCTURE<\/strong>\nDzi\u0119ki du\u017cemu samolotowi, w ci\u0105gu jednego dnia mo\u017ce z nami skoczy\u0107 nawet 80 os\u00f3b. Atrakcjami imprezy, opr\u00f3cz skoku w tandemie mog\u0105 by\u0107 loty widokowy helikopterem, samolotem, balonem lub szybowcem. Lotnisko daje mo\u017cliwo\u015b\u0107 zorganizowania r\u00f3\u017cnego typu dodatkowych aktywno\u015bci.<\/p>\n<p style=\"text-align: center;\">DOGODNA LOKALIZACJA\nNasza strefa mie\u015bci si\u0119 w <a href=\"http:\/\/www.piotrkow.pl\/\" rel=\"noopener noreferrer\">Piotrkowie Trybunalskim<\/a>, a wi\u0119c centrum Polski. Zapewnia to wygodny i szybki dojazd z aglomeracji warszawskiej, \u0142\u00f3dzkiej, krakowskiej oraz \u015bl\u0105skiej.<\/p>\n<p style=\"text-align: center;\">Zapraszamy do kontaktu w celu szerszego om\u00f3wienia kompletnej oferty atrakcji oraz ew. innych pomys\u0142\u00f3w i sugestii z Pa\u0144stwa strony.<\/p>\n<\/div><\/div><\/div><div id=\"1551905752968-e4781ea3-0344\" class=\"dt-sc-empty-space\"><\/div><div id=\"1551905754873-4e4d4da5-2dca\" class=\"dt-sc-empty-space\"><\/div><\/div><\/div><\/div><\/div>\n<\/div>","protected":false},"excerpt":{"rendered":"NIEZAPOMNIANEIMPREZY FIRMOWE Wsp\u00f3lne skoki to niezapomniana zabawa i mo\u017cliwo\u015b\u0107 integracji ca\u0142ego zespo\u0142u. Tym bardziej, \u017ce nasz samolot SkyVan pomie\u015bci za jednym wylotem do 22 os\u00f3b. Z pewno\u015bci\u0105, nic tak nie jednoczy grupy jak wsp\u00f3lnie podj\u0119te wyzwanie. Pomo\u017cemy Ci zorganizowa\u0107 niezapomniany evant dla Twojej firmy. Cechuje nas profesjonalizm i fachowe podej\u015bcie do klienta. Wiemy gdzie mo\u017cna [...]","protected":false},"author":976449,"featured_media":0,"parent":0,"menu_order":0,"comment_status":"closed","ping_status":"closed","template":"","meta":{"footnotes":""},"class_list":["post-13510","page","type-page","status-publish","hentry"],"yoast_head":"<!-- This site is optimized with the Yoast SEO plugin v26.9 - https:\/\/yoast.com\/product\/yoast-seo-wordpress\/ -->\n<title>Eventy firmowe - Skyforce - Skoki spadochronowe Warszawa, \u0141\u00f3d\u017a<\/title>\n<meta name=\"description\" content=\"Prze\u017cyj podniebn\u0105 przygod\u0119 ze SkyForce. Oferujemy niezapomniane imprezy firmowe. W tym skoki spadochronowe, skoki w tandemie. Zapraszamy!\" \/>\n<meta name=\"robots\" content=\"index, follow, max-snippet:-1, max-image-preview:large, max-video-preview:-1\" \/>\n<link rel=\"canonical\" href=\"https:\/\/skyforce.pl\/en\/eventy-firmowe\/\" \/>\n<meta property=\"og:locale\" content=\"en_GB\" \/>\n<meta property=\"og:type\" content=\"article\" \/>\n<meta property=\"og:title\" content=\"Eventy firmowe - Skyforce - Skoki spadochronowe Warszawa, \u0141\u00f3d\u017a\" \/>\n<meta property=\"og:description\" content=\"Prze\u017cyj podniebn\u0105 przygod\u0119 ze SkyForce. Oferujemy niezapomniane imprezy firmowe. W tym skoki spadochronowe, skoki w tandemie. Zapraszamy!\" \/>\n<meta property=\"og:url\" content=\"https:\/\/skyforce.pl\/en\/eventy-firmowe\/\" \/>\n<meta property=\"og:site_name\" content=\"Skyforce - Skoki spadochronowe Warszawa, \u0141\u00f3d\u017a\" \/>\n<meta property=\"article:publisher\" content=\"https:\/\/www.facebook.com\/skyforcepl\/\" \/>\n<meta property=\"article:modified_time\" content=\"2024-03-21T12:56:04+00:00\" \/>\n<meta name=\"twitter:card\" content=\"summary_large_image\" \/>\n<meta name=\"twitter:label1\" content=\"Estimated reading time\" \/>\n\t<meta name=\"twitter:data1\" content=\"2 minutes\" \/>\n<script type=\"application\/ld+json\" class=\"yoast-schema-graph\">{\"@context\":\"https:\/\/schema.org\",\"@graph\":[{\"@type\":\"WebPage\",\"@id\":\"https:\/\/skyforce.pl\/eventy-firmowe\/\",\"url\":\"https:\/\/skyforce.pl\/eventy-firmowe\/\",\"name\":\"Eventy firmowe - Skyforce - Skoki spadochronowe Warszawa, \u0141\u00f3d\u017a\",\"isPartOf\":{\"@id\":\"https:\/\/skyforce.pl\/en\/#website\"},\"datePublished\":\"2019-03-06T16:26:12+00:00\",\"dateModified\":\"2024-03-21T12:56:04+00:00\",\"description\":\"Prze\u017cyj podniebn\u0105 przygod\u0119 ze SkyForce. Oferujemy niezapomniane imprezy firmowe. W tym skoki spadochronowe, skoki w tandemie. Zapraszamy!\",\"breadcrumb\":{\"@id\":\"https:\/\/skyforce.pl\/eventy-firmowe\/#breadcrumb\"},\"inLanguage\":\"en-GB\",\"potentialAction\":[{\"@type\":\"ReadAction\",\"target\":[\"https:\/\/skyforce.pl\/eventy-firmowe\/\"]}]},{\"@type\":\"BreadcrumbList\",\"@id\":\"https:\/\/skyforce.pl\/eventy-firmowe\/#breadcrumb\",\"itemListElement\":[{\"@type\":\"ListItem\",\"position\":1,\"name\":\"Strona g\u0142\u00f3wna\",\"item\":\"https:\/\/skyforce.pl\/en\/\"},{\"@type\":\"ListItem\",\"position\":2,\"name\":\"Eventy firmowe\"}]},{\"@type\":\"WebSite\",\"@id\":\"https:\/\/skyforce.pl\/en\/#website\",\"url\":\"https:\/\/skyforce.pl\/en\/\",\"name\":\"Skyforce - Skoki spadochronowe Warszawa, \u0141\u00f3d\u017a\",\"description\":\"Oferujemy skoki spadochronowe, skoki w tandemie, szkolenia spadochronowe AFF\",\"potentialAction\":[{\"@type\":\"SearchAction\",\"target\":{\"@type\":\"EntryPoint\",\"urlTemplate\":\"https:\/\/skyforce.pl\/en\/?s={search_term_string}\"},\"query-input\":{\"@type\":\"PropertyValueSpecification\",\"valueRequired\":true,\"valueName\":\"search_term_string\"}}],\"inLanguage\":\"en-GB\"}]}<\/script>\n<!-- \/ Yoast SEO plugin. -->","yoast_head_json":{"title":"Eventy firmowe - Skyforce - Skoki spadochronowe Warszawa, \u0141\u00f3d\u017a","description":"Prze\u017cyj podniebn\u0105 przygod\u0119 ze SkyForce. Oferujemy niezapomniane imprezy firmowe. W tym skoki spadochronowe, skoki w tandemie. Zapraszamy!","robots":{"index":"index","follow":"follow","max-snippet":"max-snippet:-1","max-image-preview":"max-image-preview:large","max-video-preview":"max-video-preview:-1"},"canonical":"https:\/\/skyforce.pl\/en\/eventy-firmowe\/","og_locale":"en_GB","og_type":"article","og_title":"Eventy firmowe - Skyforce - Skoki spadochronowe Warszawa, \u0141\u00f3d\u017a","og_description":"Prze\u017cyj podniebn\u0105 przygod\u0119 ze SkyForce. Oferujemy niezapomniane imprezy firmowe. W tym skoki spadochronowe, skoki w tandemie. Zapraszamy!","og_url":"https:\/\/skyforce.pl\/en\/eventy-firmowe\/","og_site_name":"Skyforce - Skoki spadochronowe Warszawa, \u0141\u00f3d\u017a","article_publisher":"https:\/\/www.facebook.com\/skyforcepl\/","article_modified_time":"2024-03-21T12:56:04+00:00","twitter_card":"summary_large_image","twitter_misc":{"Estimated reading time":"2 minutes"},"schema":{"@context":"https:\/\/schema.org","@graph":[{"@type":"WebPage","@id":"https:\/\/skyforce.pl\/eventy-firmowe\/","url":"https:\/\/skyforce.pl\/eventy-firmowe\/","name":"Eventy firmowe - Skyforce - Skoki spadochronowe Warszawa, \u0141\u00f3d\u017a","isPartOf":{"@id":"https:\/\/skyforce.pl\/en\/#website"},"datePublished":"2019-03-06T16:26:12+00:00","dateModified":"2024-03-21T12:56:04+00:00","description":"Prze\u017cyj podniebn\u0105 przygod\u0119 ze SkyForce. Oferujemy niezapomniane imprezy firmowe. W tym skoki spadochronowe, skoki w tandemie. Zapraszamy!","breadcrumb":{"@id":"https:\/\/skyforce.pl\/eventy-firmowe\/#breadcrumb"},"inLanguage":"en-GB","potentialAction":[{"@type":"ReadAction","target":["https:\/\/skyforce.pl\/eventy-firmowe\/"]}]},{"@type":"BreadcrumbList","@id":"https:\/\/skyforce.pl\/eventy-firmowe\/#breadcrumb","itemListElement":[{"@type":"ListItem","position":1,"name":"Strona g\u0142\u00f3wna","item":"https:\/\/skyforce.pl\/en\/"},{"@type":"ListItem","position":2,"name":"Eventy firmowe"}]},{"@type":"WebSite","@id":"https:\/\/skyforce.pl\/en\/#website","url":"https:\/\/skyforce.pl\/en\/","name":"Skyforce - Skoki spadochronowe Warszawa, \u0141\u00f3d\u017a","description":"Oferujemy skoki spadochronowe, skoki w tandemie, szkolenia spadochronowe AFF","potentialAction":[{"@type":"SearchAction","target":{"@type":"EntryPoint","urlTemplate":"https:\/\/skyforce.pl\/en\/?s={search_term_string}"},"query-input":{"@type":"PropertyValueSpecification","valueRequired":true,"valueName":"search_term_string"}}],"inLanguage":"en-GB"}]}},"_links":{"self":[{"href":"https:\/\/skyforce.pl\/en\/wp-json\/wp\/v2\/pages\/13510","targetHints":{"allow":["GET"]}}],"collection":[{"href":"https:\/\/skyforce.pl\/en\/wp-json\/wp\/v2\/pages"}],"about":[{"href":"https:\/\/skyforce.pl\/en\/wp-json\/wp\/v2\/types\/page"}],"author":[{"embeddable":true,"href":"https:\/\/skyforce.pl\/en\/wp-json\/wp\/v2\/users\/976449"}],"replies":[{"embeddable":true,"href":"https:\/\/skyforce.pl\/en\/wp-json\/wp\/v2\/comments?post=13510"}],"version-history":[{"count":9,"href":"https:\/\/skyforce.pl\/en\/wp-json\/wp\/v2\/pages\/13510\/revisions"}],"predecessor-version":[{"id":15604,"href":"https:\/\/skyforce.pl\/en\/wp-json\/wp\/v2\/pages\/13510\/revisions\/15604"}],"wp:attachment":[{"href":"https:\/\/skyforce.pl\/en\/wp-json\/wp\/v2\/media?parent=13510"}],"curies":[{"name":"wp","href":"https:\/\/api.w.org\/{rel}","templated":true}]}}