{"id":13512,"date":"2019-03-06T17:26:39","date_gmt":"2019-03-06T16:26:39","guid":{"rendered":"https:\/\/skyforce.pl?page_id=13512"},"modified":"2024-03-21T13:58:04","modified_gmt":"2024-03-21T12:58:04","slug":"vouchery-na-skok","status":"publish","type":"page","link":"https:\/\/skyforce.pl\/en\/vouchery-na-skok\/","title":{"rendered":"Tandem jump vouchers"},"content":{"rendered":"<div class=\"wpb-content-wrapper\"><div class=\"vc_row wpb_row vc_row-fluid\"><div class=\"wpb_column vc_column_container vc_col-sm-12\" id=\"vouchery\"><div class=\"vc_column-inner\"><div class=\"wpb_wrapper\"><div id=\"1551905114326-aa868474-5742\" class=\"dt-sc-empty-space\"><\/div><div class='dt-sc-icon-box type7 aligncenter without-border no-icon' style='background-color: rgba(0,70,120,1);&lt;br \/&gt;color: #ffffff !important;'><div class=\"icon-content\"><h5>A UNIQUE &amp; RARE PRIZE<\/h5><h4>TANDEM JUMP VOUCHERS<\/h4><div class=\"introduction\">\n<h4>Tandem is a assisted jump with an instructor, which main purpose is to have fun. It is the instructor who watches over the course of the entire jump, so jumps of this type are extremely safe, while ensuring unforgettable emotions. Such gift will be long remembered!<\/h4>\n<div class=\"text columns-1\">\n<p class=\"p1\"><span class=\"s1\">Our drop zone is located conveniently in the \"center of Poland\" which provides quick access from Warsaw, Lodz, Cracovian and Silesian agglomerations. In addition we have our professional, experienced instructor staff and an airplane well suited for skydiving.<\/span><\/p>\n<\/div>\n<h2>IMPORTANT INFORMATION:<\/h2>\n<div class=\"paragraph-right-container\"><\/div>\n<div class=\"text columns-1\">\n<ul>\n<li>We can provide vouchers in a electronic or traditional printed form;<\/li>\n<li>Each voucher can be personalized with a logo and company name;<\/li>\n<li>Each group receives as a gift a combined movie from all jumps (with music);<\/li>\n<li>Video can be branded with a company logo.<\/li>\n<\/ul>\n<p class=\"p1\"><span class=\"s1\">Each voucher is valid for one year. During this time, each person can arrange individually a jump at the date\/time of their choice.<\/span><\/p>\n<\/div>\n<\/div><\/div><\/div><div id=\"1551905752968-e4781ea3-0344\" class=\"dt-sc-empty-space\"><\/div><div id=\"1551905754873-4e4d4da5-2dca\" class=\"dt-sc-empty-space\"><\/div><\/div><\/div><\/div><\/div>\n<\/div>","protected":false},"excerpt":{"rendered":"NIEZWYK\u0141Y PREZENTVOUCHER NA SKOK Tandem to skok z instruktorem, kt\u00f3rego g\u0142\u00f3wnym celem jest \u015bwietna zabawa. To w\u0142a\u015bnie instruktor czuwa nad przebiegiem ca\u0142ego skoku, dlatego skoki tego typu s\u0105 niezwykle bezpieczne, zapewniaj\u0105c przy tym niezapomniane emocje. Taki prezent ka\u017cdy zapami\u0119ta na d\u0142ugo! Nasza strefa to przede wszystkim \u015bwietna lokalizacja, kt\u00f3ra zapewnia szybki dojazd z aglomeracji warszawskiej, [...]","protected":false},"author":976449,"featured_media":0,"parent":0,"menu_order":0,"comment_status":"closed","ping_status":"closed","template":"","meta":{"footnotes":""},"class_list":["post-13512","page","type-page","status-publish","hentry"],"yoast_head":"<!-- This site is optimized with the Yoast SEO plugin v26.9 - https:\/\/yoast.com\/product\/yoast-seo-wordpress\/ -->\n<title>Vouchery na skok - Skyforce - Skoki spadochronowe Warszawa, \u0141\u00f3d\u017a<\/title>\n<meta name=\"description\" content=\"Prze\u017cyj podniebn\u0105 przygod\u0119 ze SkyForce. Oferujemy skoki spadochronowe, skoki w tandemie, szkolenia spadochronowe AFF. Zapraszamy!\" \/>\n<meta name=\"robots\" content=\"index, follow, max-snippet:-1, max-image-preview:large, max-video-preview:-1\" \/>\n<link rel=\"canonical\" href=\"https:\/\/skyforce.pl\/en\/vouchery-na-skok\/\" \/>\n<meta property=\"og:locale\" content=\"en_GB\" \/>\n<meta property=\"og:type\" content=\"article\" \/>\n<meta property=\"og:title\" content=\"Vouchery na skok - Skyforce - Skoki spadochronowe Warszawa, \u0141\u00f3d\u017a\" \/>\n<meta property=\"og:description\" content=\"Prze\u017cyj podniebn\u0105 przygod\u0119 ze SkyForce. Oferujemy skoki spadochronowe, skoki w tandemie, szkolenia spadochronowe AFF. Zapraszamy!\" \/>\n<meta property=\"og:url\" content=\"https:\/\/skyforce.pl\/en\/vouchery-na-skok\/\" \/>\n<meta property=\"og:site_name\" content=\"Skyforce - Skoki spadochronowe Warszawa, \u0141\u00f3d\u017a\" \/>\n<meta property=\"article:publisher\" content=\"https:\/\/www.facebook.com\/skyforcepl\/\" \/>\n<meta property=\"article:modified_time\" content=\"2024-03-21T12:58:04+00:00\" \/>\n<meta name=\"twitter:card\" content=\"summary_large_image\" \/>\n<meta name=\"twitter:label1\" content=\"Estimated reading time\" \/>\n\t<meta name=\"twitter:data1\" content=\"1 minute\" \/>\n<script type=\"application\/ld+json\" class=\"yoast-schema-graph\">{\"@context\":\"https:\/\/schema.org\",\"@graph\":[{\"@type\":\"WebPage\",\"@id\":\"https:\/\/skyforce.pl\/vouchery-na-skok\/\",\"url\":\"https:\/\/skyforce.pl\/vouchery-na-skok\/\",\"name\":\"Vouchery na skok - Skyforce - Skoki spadochronowe Warszawa, \u0141\u00f3d\u017a\",\"isPartOf\":{\"@id\":\"https:\/\/skyforce.pl\/en\/#website\"},\"datePublished\":\"2019-03-06T16:26:39+00:00\",\"dateModified\":\"2024-03-21T12:58:04+00:00\",\"description\":\"Prze\u017cyj podniebn\u0105 przygod\u0119 ze SkyForce. Oferujemy skoki spadochronowe, skoki w tandemie, szkolenia spadochronowe AFF. Zapraszamy!\",\"breadcrumb\":{\"@id\":\"https:\/\/skyforce.pl\/vouchery-na-skok\/#breadcrumb\"},\"inLanguage\":\"en-GB\",\"potentialAction\":[{\"@type\":\"ReadAction\",\"target\":[\"https:\/\/skyforce.pl\/vouchery-na-skok\/\"]}]},{\"@type\":\"BreadcrumbList\",\"@id\":\"https:\/\/skyforce.pl\/vouchery-na-skok\/#breadcrumb\",\"itemListElement\":[{\"@type\":\"ListItem\",\"position\":1,\"name\":\"Strona g\u0142\u00f3wna\",\"item\":\"https:\/\/skyforce.pl\/en\/\"},{\"@type\":\"ListItem\",\"position\":2,\"name\":\"Vouchery na skok\"}]},{\"@type\":\"WebSite\",\"@id\":\"https:\/\/skyforce.pl\/en\/#website\",\"url\":\"https:\/\/skyforce.pl\/en\/\",\"name\":\"Skyforce - Skoki spadochronowe Warszawa, \u0141\u00f3d\u017a\",\"description\":\"Oferujemy skoki spadochronowe, skoki w tandemie, szkolenia spadochronowe AFF\",\"potentialAction\":[{\"@type\":\"SearchAction\",\"target\":{\"@type\":\"EntryPoint\",\"urlTemplate\":\"https:\/\/skyforce.pl\/en\/?s={search_term_string}\"},\"query-input\":{\"@type\":\"PropertyValueSpecification\",\"valueRequired\":true,\"valueName\":\"search_term_string\"}}],\"inLanguage\":\"en-GB\"}]}<\/script>\n<!-- \/ Yoast SEO plugin. -->","yoast_head_json":{"title":"Vouchery na skok - Skyforce - Skoki spadochronowe Warszawa, \u0141\u00f3d\u017a","description":"Prze\u017cyj podniebn\u0105 przygod\u0119 ze SkyForce. Oferujemy skoki spadochronowe, skoki w tandemie, szkolenia spadochronowe AFF. Zapraszamy!","robots":{"index":"index","follow":"follow","max-snippet":"max-snippet:-1","max-image-preview":"max-image-preview:large","max-video-preview":"max-video-preview:-1"},"canonical":"https:\/\/skyforce.pl\/en\/vouchery-na-skok\/","og_locale":"en_GB","og_type":"article","og_title":"Vouchery na skok - Skyforce - Skoki spadochronowe Warszawa, \u0141\u00f3d\u017a","og_description":"Prze\u017cyj podniebn\u0105 przygod\u0119 ze SkyForce. Oferujemy skoki spadochronowe, skoki w tandemie, szkolenia spadochronowe AFF. Zapraszamy!","og_url":"https:\/\/skyforce.pl\/en\/vouchery-na-skok\/","og_site_name":"Skyforce - Skoki spadochronowe Warszawa, \u0141\u00f3d\u017a","article_publisher":"https:\/\/www.facebook.com\/skyforcepl\/","article_modified_time":"2024-03-21T12:58:04+00:00","twitter_card":"summary_large_image","twitter_misc":{"Estimated reading time":"1 minute"},"schema":{"@context":"https:\/\/schema.org","@graph":[{"@type":"WebPage","@id":"https:\/\/skyforce.pl\/vouchery-na-skok\/","url":"https:\/\/skyforce.pl\/vouchery-na-skok\/","name":"Vouchery na skok - Skyforce - Skoki spadochronowe Warszawa, \u0141\u00f3d\u017a","isPartOf":{"@id":"https:\/\/skyforce.pl\/en\/#website"},"datePublished":"2019-03-06T16:26:39+00:00","dateModified":"2024-03-21T12:58:04+00:00","description":"Prze\u017cyj podniebn\u0105 przygod\u0119 ze SkyForce. Oferujemy skoki spadochronowe, skoki w tandemie, szkolenia spadochronowe AFF. Zapraszamy!","breadcrumb":{"@id":"https:\/\/skyforce.pl\/vouchery-na-skok\/#breadcrumb"},"inLanguage":"en-GB","potentialAction":[{"@type":"ReadAction","target":["https:\/\/skyforce.pl\/vouchery-na-skok\/"]}]},{"@type":"BreadcrumbList","@id":"https:\/\/skyforce.pl\/vouchery-na-skok\/#breadcrumb","itemListElement":[{"@type":"ListItem","position":1,"name":"Strona g\u0142\u00f3wna","item":"https:\/\/skyforce.pl\/en\/"},{"@type":"ListItem","position":2,"name":"Vouchery na skok"}]},{"@type":"WebSite","@id":"https:\/\/skyforce.pl\/en\/#website","url":"https:\/\/skyforce.pl\/en\/","name":"Skyforce - Skoki spadochronowe Warszawa, \u0141\u00f3d\u017a","description":"Oferujemy skoki spadochronowe, skoki w tandemie, szkolenia spadochronowe AFF","potentialAction":[{"@type":"SearchAction","target":{"@type":"EntryPoint","urlTemplate":"https:\/\/skyforce.pl\/en\/?s={search_term_string}"},"query-input":{"@type":"PropertyValueSpecification","valueRequired":true,"valueName":"search_term_string"}}],"inLanguage":"en-GB"}]}},"_links":{"self":[{"href":"https:\/\/skyforce.pl\/en\/wp-json\/wp\/v2\/pages\/13512","targetHints":{"allow":["GET"]}}],"collection":[{"href":"https:\/\/skyforce.pl\/en\/wp-json\/wp\/v2\/pages"}],"about":[{"href":"https:\/\/skyforce.pl\/en\/wp-json\/wp\/v2\/types\/page"}],"author":[{"embeddable":true,"href":"https:\/\/skyforce.pl\/en\/wp-json\/wp\/v2\/users\/976449"}],"replies":[{"embeddable":true,"href":"https:\/\/skyforce.pl\/en\/wp-json\/wp\/v2\/comments?post=13512"}],"version-history":[{"count":5,"href":"https:\/\/skyforce.pl\/en\/wp-json\/wp\/v2\/pages\/13512\/revisions"}],"predecessor-version":[{"id":13775,"href":"https:\/\/skyforce.pl\/en\/wp-json\/wp\/v2\/pages\/13512\/revisions\/13775"}],"wp:attachment":[{"href":"https:\/\/skyforce.pl\/en\/wp-json\/wp\/v2\/media?parent=13512"}],"curies":[{"name":"wp","href":"https:\/\/api.w.org\/{rel}","templated":true}]}}