{"id":13907,"date":"2019-03-26T14:11:56","date_gmt":"2019-03-26T13:11:56","guid":{"rendered":"https:\/\/skyforce.pl\/?page_id=13907"},"modified":"2024-03-21T13:53:35","modified_gmt":"2024-03-21T12:53:35","slug":"pliki-do-pobrania","status":"publish","type":"page","link":"https:\/\/skyforce.pl\/en\/pliki-do-pobrania\/","title":{"rendered":"Pliki do pobrania"},"content":{"rendered":"<div class=\"wpb-content-wrapper\"><div class=\"vc_row wpb_row vc_row-fluid\"><div class=\"wpb_column vc_column_container vc_col-sm-3\"><div class=\"vc_column-inner\" style=\" text-align:center; \"><div class=\"wpb_wrapper\"><div id=\"ultimate-heading-455169e314857a9b1\" class=\"uvc-heading ult-adjust-bottom-margin ultimate-heading-455169e314857a9b1 uvc-4731\" data-hspacer=\"no_spacer\"  data-halign=\"center\" style=\"text-align:center\"><div class=\"uvc-heading-spacer no_spacer\" style=\"top\"><\/div><div class=\"uvc-main-heading ult-responsive\"  data-ultimate-target='.uvc-heading.ultimate-heading-455169e314857a9b1 h4'  data-responsive-json-new='{\"font-size\":\"\",\"line-height\":\"\"}' ><h4 style=\"font-weight:normal;\">39\/LPL1<\/h4><\/div><div class=\"uvc-sub-heading ult-responsive\"  data-ultimate-target='.uvc-heading.ultimate-heading-455169e314857a9b1 .uvc-sub-heading '  data-responsive-json-new='{\"font-size\":\"\",\"line-height\":\"\"}'  style=\"font-weight:normal;\">Wniosek o wydanie \u015bwiadectwa<br \/>\nkwalifikacji PJ<\/div><\/div><div id=\"1554314962285-b179fe07-595c\" class=\"dt-sc-empty-space\"><\/div>\n\t<div  class=\"wpb_single_image wpb_content_element vc_align_center wpb_content_element\">\n\t\t\n\t\t<figure class=\"wpb_wrapper vc_figure\">\n\t\t\t<a href=\"http:\/\/www.ulc.gov.pl\/pl\/personel-lotniczy\/licencjonowanie-personelu-lotniczego\/wzory-wnioskow\/2045-39lpl1-wniosek-o-wydanie-wiadectwa-kwalifikacji-pj\" target=\"_blank\" class=\"vc_single_image-wrapper   vc_box_border_grey\"><img loading=\"lazy\" decoding=\"async\" width=\"150\" height=\"150\" src=\"https:\/\/skyforce.pl\/wp-content\/uploads\/2019\/03\/PDF-icon-150x150.png\" class=\"vc_single_image-img attachment-thumbnail\" alt=\"\" title=\"PDF-icon\" srcset=\"https:\/\/skyforce.pl\/wp-content\/uploads\/2019\/03\/PDF-icon-150x150.png 150w, https:\/\/skyforce.pl\/wp-content\/uploads\/2019\/03\/PDF-icon-100x100.png 100w, https:\/\/skyforce.pl\/wp-content\/uploads\/2019\/03\/PDF-icon-300x300.png 300w\" sizes=\"auto, (max-width: 150px) 100vw, 150px\" \/><\/a>\n\t\t<\/figure>\n\t<\/div>\n<div id=\"1554314957544-d43366a0-68ba\" class=\"dt-sc-empty-space\"><\/div><div id=\"1554315295928-9eae5d3e-b101\" class=\"dt-sc-empty-space\"><\/div><div id=\"1554315296922-2a267316-4f49\" class=\"dt-sc-empty-space\"><\/div><\/div><\/div><\/div><div class=\"wpb_column vc_column_container vc_col-sm-3\"><div class=\"vc_column-inner\"><div class=\"wpb_wrapper\"><div id=\"ultimate-heading-220569e314857b19e\" class=\"uvc-heading ult-adjust-bottom-margin ultimate-heading-220569e314857b19e uvc-2512\" data-hspacer=\"no_spacer\"  data-halign=\"center\" style=\"text-align:center\"><div class=\"uvc-heading-spacer no_spacer\" style=\"top\"><\/div><div class=\"uvc-main-heading ult-responsive\"  data-ultimate-target='.uvc-heading.ultimate-heading-220569e314857b19e h4'  data-responsive-json-new='{\"font-size\":\"\",\"line-height\":\"\"}' ><h4 style=\"font-weight:normal;\">47\/LPL1<\/h4><\/div><div class=\"uvc-sub-heading ult-responsive\"  data-ultimate-target='.uvc-heading.ultimate-heading-220569e314857b19e .uvc-sub-heading '  data-responsive-json-new='{\"font-size\":\"\",\"line-height\":\"\"}'  style=\"font-weight:normal;\">Wniosek o wymian\u0119 \u015bwiadectwa<br \/>\nkwalifikacji<\/div><\/div><div id=\"1554315019910-115e8adc-75ec\" class=\"dt-sc-empty-space\"><\/div>\n\t<div  class=\"wpb_single_image wpb_content_element vc_align_center wpb_content_element\">\n\t\t\n\t\t<figure class=\"wpb_wrapper vc_figure\">\n\t\t\t<a href=\"http:\/\/www.ulc.gov.pl\/pl\/personel-lotniczy\/licencjonowanie-personelu-lotniczego\/wzory-wnioskow\/2053-47lpl1-wniosek-o-wymian-wiadectwa-kwalifikacji\" target=\"_blank\" class=\"vc_single_image-wrapper   vc_box_border_grey\"><img loading=\"lazy\" decoding=\"async\" width=\"150\" height=\"150\" src=\"https:\/\/skyforce.pl\/wp-content\/uploads\/2019\/03\/PDF-icon-150x150.png\" class=\"vc_single_image-img attachment-thumbnail\" alt=\"\" title=\"PDF-icon\" srcset=\"https:\/\/skyforce.pl\/wp-content\/uploads\/2019\/03\/PDF-icon-150x150.png 150w, https:\/\/skyforce.pl\/wp-content\/uploads\/2019\/03\/PDF-icon-100x100.png 100w, https:\/\/skyforce.pl\/wp-content\/uploads\/2019\/03\/PDF-icon-300x300.png 300w\" sizes=\"auto, (max-width: 150px) 100vw, 150px\" \/><\/a>\n\t\t<\/figure>\n\t<\/div>\n<div id=\"1554315022974-cb90a9df-0356\" class=\"dt-sc-empty-space\"><\/div><div id=\"1554315298115-81836c5c-de2f\" class=\"dt-sc-empty-space\"><\/div><div id=\"1554315298813-e9c3f6c7-3831\" class=\"dt-sc-empty-space\"><\/div><\/div><\/div><\/div><div class=\"wpb_column vc_column_container vc_col-sm-3\"><div class=\"vc_column-inner\"><div class=\"wpb_wrapper\"><div id=\"ultimate-heading-826269e314857b57c\" class=\"uvc-heading ult-adjust-bottom-margin ultimate-heading-826269e314857b57c uvc-6255\" data-hspacer=\"no_spacer\"  data-halign=\"center\" style=\"text-align:center\"><div class=\"uvc-heading-spacer no_spacer\" style=\"top\"><\/div><div class=\"uvc-main-heading ult-responsive\"  data-ultimate-target='.uvc-heading.ultimate-heading-826269e314857b57c h4'  data-responsive-json-new='{\"font-size\":\"\",\"line-height\":\"\"}' ><h4 style=\"font-weight:normal;\">46\/LPL1<\/h4><\/div><div class=\"uvc-sub-heading ult-responsive\"  data-ultimate-target='.uvc-heading.ultimate-heading-826269e314857b57c .uvc-sub-heading '  data-responsive-json-new='{\"font-size\":\"\",\"line-height\":\"\"}'  style=\"font-weight:normal;\">Wniosek o wznowienie uprawnie\u0144 wpisanych do \u015bwiadectwa kwalifikacji<\/div><\/div><div id=\"1554315043103-5baa8ab8-6d31\" class=\"dt-sc-empty-space\"><\/div>\n\t<div  class=\"wpb_single_image wpb_content_element vc_align_center wpb_content_element\">\n\t\t\n\t\t<figure class=\"wpb_wrapper vc_figure\">\n\t\t\t<a href=\"http:\/\/www.ulc.gov.pl\/pl\/personel-lotniczy\/licencjonowanie-personelu-lotniczego\/wzory-wnioskow\/2052-46lpl1-wniosek-o-wznowienie-uprawnie-wpisanych-do-wiadectwa-kwalifikacji\" target=\"_blank\" class=\"vc_single_image-wrapper   vc_box_border_grey\"><img loading=\"lazy\" decoding=\"async\" width=\"150\" height=\"150\" src=\"https:\/\/skyforce.pl\/wp-content\/uploads\/2019\/03\/PDF-icon-150x150.png\" class=\"vc_single_image-img attachment-thumbnail\" alt=\"\" title=\"PDF-icon\" srcset=\"https:\/\/skyforce.pl\/wp-content\/uploads\/2019\/03\/PDF-icon-150x150.png 150w, https:\/\/skyforce.pl\/wp-content\/uploads\/2019\/03\/PDF-icon-100x100.png 100w, https:\/\/skyforce.pl\/wp-content\/uploads\/2019\/03\/PDF-icon-300x300.png 300w\" sizes=\"auto, (max-width: 150px) 100vw, 150px\" \/><\/a>\n\t\t<\/figure>\n\t<\/div>\n<div id=\"1554315046274-87e375c3-cba4\" class=\"dt-sc-empty-space\"><\/div><div id=\"1554315299600-451bf642-0123\" class=\"dt-sc-empty-space\"><\/div><div id=\"1554315300571-71b6e02d-4016\" class=\"dt-sc-empty-space\"><\/div><\/div><\/div><\/div><div class=\"wpb_column vc_column_container vc_col-sm-3\"><div class=\"vc_column-inner\"><div class=\"wpb_wrapper\"><div id=\"ultimate-heading-258469e314857b922\" class=\"uvc-heading ult-adjust-bottom-margin ultimate-heading-258469e314857b922 uvc-8642\" data-hspacer=\"no_spacer\"  data-halign=\"center\" style=\"text-align:center\"><div class=\"uvc-heading-spacer no_spacer\" style=\"top\"><\/div><div class=\"uvc-main-heading ult-responsive\"  data-ultimate-target='.uvc-heading.ultimate-heading-258469e314857b922 h4'  data-responsive-json-new='{\"font-size\":\"\",\"line-height\":\"\"}' ><h4 style=\"font-weight:normal;\">44\/LPL1<\/h4><\/div><div class=\"uvc-sub-heading ult-responsive\"  data-ultimate-target='.uvc-heading.ultimate-heading-258469e314857b922 .uvc-sub-heading '  data-responsive-json-new='{\"font-size\":\"\",\"line-height\":\"\"}'  style=\"font-weight:normal;\">Wniosek o wpis uprawnie\u0144 do \u015bwiadectwa kwalifikacji<\/div><\/div><div id=\"1554315049234-a6bd830e-006a\" class=\"dt-sc-empty-space\"><\/div>\n\t<div  class=\"wpb_single_image wpb_content_element vc_align_center wpb_content_element\">\n\t\t\n\t\t<figure class=\"wpb_wrapper vc_figure\">\n\t\t\t<a href=\"http:\/\/www.ulc.gov.pl\/pl\/personel-lotniczy\/licencjonowanie-personelu-lotniczego\/wzory-wnioskow\/2050-44lpl1-wniosek-o-wpis-uprawnie-do-wiadectwa-kwalifikacji\" target=\"_blank\" class=\"vc_single_image-wrapper   vc_box_border_grey\"><img loading=\"lazy\" decoding=\"async\" width=\"150\" height=\"150\" src=\"https:\/\/skyforce.pl\/wp-content\/uploads\/2019\/03\/PDF-icon-150x150.png\" class=\"vc_single_image-img attachment-thumbnail\" alt=\"\" title=\"PDF-icon\" srcset=\"https:\/\/skyforce.pl\/wp-content\/uploads\/2019\/03\/PDF-icon-150x150.png 150w, https:\/\/skyforce.pl\/wp-content\/uploads\/2019\/03\/PDF-icon-100x100.png 100w, https:\/\/skyforce.pl\/wp-content\/uploads\/2019\/03\/PDF-icon-300x300.png 300w\" sizes=\"auto, (max-width: 150px) 100vw, 150px\" \/><\/a>\n\t\t<\/figure>\n\t<\/div>\n<div id=\"1554315052050-fe4e042b-fd99\" class=\"dt-sc-empty-space\"><\/div><div id=\"1554315301530-f3da4cb1-d869\" class=\"dt-sc-empty-space\"><\/div><div id=\"1554315302296-7c3f3dec-b274\" class=\"dt-sc-empty-space\"><\/div><\/div><\/div><\/div><\/div><div class=\"vc_row wpb_row vc_row-fluid\"><div class=\"wpb_column vc_column_container vc_col-sm-4\"><div class=\"vc_column-inner\"><div class=\"wpb_wrapper\"><div id=\"ultimate-heading-769369e314857c2b9\" class=\"uvc-heading ult-adjust-bottom-margin ultimate-heading-769369e314857c2b9 uvc-9246\" data-hspacer=\"no_spacer\"  data-halign=\"center\" style=\"text-align:center\"><div class=\"uvc-heading-spacer no_spacer\" style=\"top\"><\/div><div class=\"uvc-main-heading ult-responsive\"  data-ultimate-target='.uvc-heading.ultimate-heading-769369e314857c2b9 h4'  data-responsive-json-new='{\"font-size\":\"\",\"line-height\":\"\"}' ><h4 style=\"font-weight:normal;\">za\u0142. nr 1<\/h4><\/div><div class=\"uvc-sub-heading ult-responsive\"  data-ultimate-target='.uvc-heading.ultimate-heading-769369e314857c2b9 .uvc-sub-heading '  data-responsive-json-new='{\"font-size\":\"\",\"line-height\":\"\"}'  style=\"font-weight:normal;\">Ankieta COVID 2020<\/div><\/div><div id=\"1590587856131-e35df1db-aa89\" class=\"dt-sc-empty-space\"><\/div>\n\t<div  class=\"wpb_single_image wpb_content_element vc_align_center wpb_content_element\">\n\t\t\n\t\t<figure class=\"wpb_wrapper vc_figure\">\n\t\t\t<a href=\"http:\/\/skyforce.pl\/wp-content\/uploads\/2020\/05\/za\u0142.-nr-1-Ankieta-COVID-2020.pdf\" target=\"_blank\" class=\"vc_single_image-wrapper   vc_box_border_grey\"><img loading=\"lazy\" decoding=\"async\" width=\"150\" height=\"150\" src=\"https:\/\/skyforce.pl\/wp-content\/uploads\/2019\/03\/PDF-icon-150x150.png\" class=\"vc_single_image-img attachment-thumbnail\" alt=\"\" title=\"PDF-icon\" srcset=\"https:\/\/skyforce.pl\/wp-content\/uploads\/2019\/03\/PDF-icon-150x150.png 150w, https:\/\/skyforce.pl\/wp-content\/uploads\/2019\/03\/PDF-icon-100x100.png 100w, https:\/\/skyforce.pl\/wp-content\/uploads\/2019\/03\/PDF-icon-300x300.png 300w\" sizes=\"auto, (max-width: 150px) 100vw, 150px\" \/><\/a>\n\t\t<\/figure>\n\t<\/div>\n<div id=\"1590587975561-e66f6ede-3dd6\" class=\"dt-sc-empty-space\"><\/div><\/div><\/div><\/div><div class=\"wpb_column vc_column_container vc_col-sm-4\"><div class=\"vc_column-inner\"><div class=\"wpb_wrapper\"><div id=\"ultimate-heading-245969e314857c850\" class=\"uvc-heading ult-adjust-bottom-margin ultimate-heading-245969e314857c850 uvc-1452\" data-hspacer=\"no_spacer\"  data-halign=\"center\" style=\"text-align:center\"><div class=\"uvc-heading-spacer no_spacer\" style=\"top\"><\/div><div class=\"uvc-main-heading ult-responsive\"  data-ultimate-target='.uvc-heading.ultimate-heading-245969e314857c850 h4'  data-responsive-json-new='{\"font-size\":\"\",\"line-height\":\"\"}' ><h4 style=\"font-weight:normal;\">za\u0142. nr 2<\/h4><\/div><div class=\"uvc-sub-heading ult-responsive\"  data-ultimate-target='.uvc-heading.ultimate-heading-245969e314857c850 .uvc-sub-heading '  data-responsive-json-new='{\"font-size\":\"\",\"line-height\":\"\"}'  style=\"font-weight:normal;\">O\u015bwiadczenie COVID 2020<\/div><\/div><div id=\"1590587867458-940ef632-9378\" class=\"dt-sc-empty-space\"><\/div>\n\t<div  class=\"wpb_single_image wpb_content_element vc_align_center wpb_content_element\">\n\t\t\n\t\t<figure class=\"wpb_wrapper vc_figure\">\n\t\t\t<a href=\"http:\/\/skyforce.pl\/wp-content\/uploads\/2020\/05\/za\u0142.-nr-2-O\u015bwiadczenie-COVID-2020.pdf\" target=\"_blank\" class=\"vc_single_image-wrapper   vc_box_border_grey\"><img loading=\"lazy\" decoding=\"async\" width=\"150\" height=\"150\" src=\"https:\/\/skyforce.pl\/wp-content\/uploads\/2019\/03\/PDF-icon-150x150.png\" class=\"vc_single_image-img attachment-thumbnail\" alt=\"\" title=\"PDF-icon\" srcset=\"https:\/\/skyforce.pl\/wp-content\/uploads\/2019\/03\/PDF-icon-150x150.png 150w, https:\/\/skyforce.pl\/wp-content\/uploads\/2019\/03\/PDF-icon-100x100.png 100w, https:\/\/skyforce.pl\/wp-content\/uploads\/2019\/03\/PDF-icon-300x300.png 300w\" sizes=\"auto, (max-width: 150px) 100vw, 150px\" \/><\/a>\n\t\t<\/figure>\n\t<\/div>\n<div id=\"1590587979150-d4fd1ca2-61e3\" class=\"dt-sc-empty-space\"><\/div><\/div><\/div><\/div><div class=\"wpb_column vc_column_container vc_col-sm-4\"><div class=\"vc_column-inner\"><div class=\"wpb_wrapper\"><div id=\"ultimate-heading-757969e314857cdad\" class=\"uvc-heading ult-adjust-bottom-margin ultimate-heading-757969e314857cdad uvc-8556\" data-hspacer=\"no_spacer\"  data-halign=\"center\" style=\"text-align:center\"><div class=\"uvc-heading-spacer no_spacer\" style=\"top\"><\/div><div class=\"uvc-main-heading ult-responsive\"  data-ultimate-target='.uvc-heading.ultimate-heading-757969e314857cdad h4'  data-responsive-json-new='{\"font-size\":\"\",\"line-height\":\"\"}' ><h4 style=\"font-weight:normal;\">za\u0142. nr 3<\/h4><\/div><div class=\"uvc-sub-heading ult-responsive\"  data-ultimate-target='.uvc-heading.ultimate-heading-757969e314857cdad .uvc-sub-heading '  data-responsive-json-new='{\"font-size\":\"\",\"line-height\":\"\"}'  style=\"font-weight:normal;\">Wytyczne-COVID-19-SF<\/div><\/div><div id=\"1590587952283-1fe30745-64be\" class=\"dt-sc-empty-space\"><\/div>\n\t<div  class=\"wpb_single_image wpb_content_element vc_align_center wpb_content_element\">\n\t\t\n\t\t<figure class=\"wpb_wrapper vc_figure\">\n\t\t\t<a href=\"http:\/\/skyforce.pl\/wp-content\/uploads\/2020\/05\/za\u0142-nr-3-Wytyczne-COVID-19-SF.pdf\" target=\"_blank\" class=\"vc_single_image-wrapper   vc_box_border_grey\"><img loading=\"lazy\" decoding=\"async\" width=\"150\" height=\"150\" src=\"https:\/\/skyforce.pl\/wp-content\/uploads\/2019\/03\/PDF-icon-150x150.png\" class=\"vc_single_image-img attachment-thumbnail\" alt=\"\" title=\"PDF-icon\" srcset=\"https:\/\/skyforce.pl\/wp-content\/uploads\/2019\/03\/PDF-icon-150x150.png 150w, https:\/\/skyforce.pl\/wp-content\/uploads\/2019\/03\/PDF-icon-100x100.png 100w, https:\/\/skyforce.pl\/wp-content\/uploads\/2019\/03\/PDF-icon-300x300.png 300w\" sizes=\"auto, (max-width: 150px) 100vw, 150px\" \/><\/a>\n\t\t<\/figure>\n\t<\/div>\n<div id=\"1590587981646-4b731b32-5e55\" class=\"dt-sc-empty-space\"><\/div><\/div><\/div><\/div><\/div>\n<\/div>","protected":false},"excerpt":{"rendered":"39\/LPL1Wniosek o wydanie \u015bwiadectwa kwalifikacji PJ 47\/LPL1Wniosek o wymian\u0119 \u015bwiadectwa kwalifikacji 46\/LPL1Wniosek o wznowienie uprawnie\u0144 wpisanych do \u015bwiadectwa kwalifikacji 44\/LPL1Wniosek o wpis uprawnie\u0144 do \u015bwiadectwa kwalifikacji za\u0142. nr 1Ankieta COVID 2020 za\u0142. nr 2O\u015bwiadczenie COVID 2020 za\u0142. nr 3Wytyczne-COVID-19-SF","protected":false},"author":976449,"featured_media":0,"parent":0,"menu_order":0,"comment_status":"closed","ping_status":"closed","template":"","meta":{"footnotes":""},"class_list":["post-13907","page","type-page","status-publish","hentry"],"yoast_head":"<!-- This site is optimized with the Yoast SEO plugin v26.9 - https:\/\/yoast.com\/product\/yoast-seo-wordpress\/ -->\n<title>Pliki do pobrania - Skyforce - Skoki spadochronowe Warszawa, \u0141\u00f3d\u017a<\/title>\n<meta name=\"description\" content=\"Prze\u017cyj podniebn\u0105 przygod\u0119 ze SkyForce. Oferujemy skoki spadochronowe, skoki w tandemie, szkolenia spadochronowe AFF. Zapraszamy!\" \/>\n<meta name=\"robots\" content=\"index, follow, max-snippet:-1, max-image-preview:large, max-video-preview:-1\" \/>\n<link rel=\"canonical\" href=\"https:\/\/skyforce.pl\/en\/pliki-do-pobrania\/\" \/>\n<meta property=\"og:locale\" content=\"en_GB\" \/>\n<meta property=\"og:type\" content=\"article\" \/>\n<meta property=\"og:title\" content=\"Pliki do pobrania - Skyforce - Skoki spadochronowe Warszawa, \u0141\u00f3d\u017a\" \/>\n<meta property=\"og:description\" content=\"Prze\u017cyj podniebn\u0105 przygod\u0119 ze SkyForce. Oferujemy skoki spadochronowe, skoki w tandemie, szkolenia spadochronowe AFF. Zapraszamy!\" \/>\n<meta property=\"og:url\" content=\"https:\/\/skyforce.pl\/en\/pliki-do-pobrania\/\" \/>\n<meta property=\"og:site_name\" content=\"Skyforce - Skoki spadochronowe Warszawa, \u0141\u00f3d\u017a\" \/>\n<meta property=\"article:publisher\" content=\"https:\/\/www.facebook.com\/skyforcepl\/\" \/>\n<meta property=\"article:modified_time\" content=\"2024-03-21T12:53:35+00:00\" \/>\n<meta name=\"twitter:card\" content=\"summary_large_image\" \/>\n<meta name=\"twitter:label1\" content=\"Estimated reading time\" \/>\n\t<meta name=\"twitter:data1\" content=\"2 minutes\" \/>\n<script type=\"application\/ld+json\" class=\"yoast-schema-graph\">{\"@context\":\"https:\/\/schema.org\",\"@graph\":[{\"@type\":\"WebPage\",\"@id\":\"https:\/\/skyforce.pl\/pliki-do-pobrania\/\",\"url\":\"https:\/\/skyforce.pl\/pliki-do-pobrania\/\",\"name\":\"Pliki do pobrania - Skyforce - Skoki spadochronowe Warszawa, \u0141\u00f3d\u017a\",\"isPartOf\":{\"@id\":\"https:\/\/skyforce.pl\/en\/#website\"},\"datePublished\":\"2019-03-26T13:11:56+00:00\",\"dateModified\":\"2024-03-21T12:53:35+00:00\",\"description\":\"Prze\u017cyj podniebn\u0105 przygod\u0119 ze SkyForce. Oferujemy skoki spadochronowe, skoki w tandemie, szkolenia spadochronowe AFF. Zapraszamy!\",\"breadcrumb\":{\"@id\":\"https:\/\/skyforce.pl\/pliki-do-pobrania\/#breadcrumb\"},\"inLanguage\":\"en-GB\",\"potentialAction\":[{\"@type\":\"ReadAction\",\"target\":[\"https:\/\/skyforce.pl\/pliki-do-pobrania\/\"]}]},{\"@type\":\"BreadcrumbList\",\"@id\":\"https:\/\/skyforce.pl\/pliki-do-pobrania\/#breadcrumb\",\"itemListElement\":[{\"@type\":\"ListItem\",\"position\":1,\"name\":\"Strona g\u0142\u00f3wna\",\"item\":\"https:\/\/skyforce.pl\/en\/\"},{\"@type\":\"ListItem\",\"position\":2,\"name\":\"Pliki do pobrania\"}]},{\"@type\":\"WebSite\",\"@id\":\"https:\/\/skyforce.pl\/en\/#website\",\"url\":\"https:\/\/skyforce.pl\/en\/\",\"name\":\"Skyforce - Skoki spadochronowe Warszawa, \u0141\u00f3d\u017a\",\"description\":\"Oferujemy skoki spadochronowe, skoki w tandemie, szkolenia spadochronowe AFF\",\"potentialAction\":[{\"@type\":\"SearchAction\",\"target\":{\"@type\":\"EntryPoint\",\"urlTemplate\":\"https:\/\/skyforce.pl\/en\/?s={search_term_string}\"},\"query-input\":{\"@type\":\"PropertyValueSpecification\",\"valueRequired\":true,\"valueName\":\"search_term_string\"}}],\"inLanguage\":\"en-GB\"}]}<\/script>\n<!-- \/ Yoast SEO plugin. -->","yoast_head_json":{"title":"Pliki do pobrania - Skyforce - Skoki spadochronowe Warszawa, \u0141\u00f3d\u017a","description":"Prze\u017cyj podniebn\u0105 przygod\u0119 ze SkyForce. Oferujemy skoki spadochronowe, skoki w tandemie, szkolenia spadochronowe AFF. Zapraszamy!","robots":{"index":"index","follow":"follow","max-snippet":"max-snippet:-1","max-image-preview":"max-image-preview:large","max-video-preview":"max-video-preview:-1"},"canonical":"https:\/\/skyforce.pl\/en\/pliki-do-pobrania\/","og_locale":"en_GB","og_type":"article","og_title":"Pliki do pobrania - Skyforce - Skoki spadochronowe Warszawa, \u0141\u00f3d\u017a","og_description":"Prze\u017cyj podniebn\u0105 przygod\u0119 ze SkyForce. Oferujemy skoki spadochronowe, skoki w tandemie, szkolenia spadochronowe AFF. Zapraszamy!","og_url":"https:\/\/skyforce.pl\/en\/pliki-do-pobrania\/","og_site_name":"Skyforce - Skoki spadochronowe Warszawa, \u0141\u00f3d\u017a","article_publisher":"https:\/\/www.facebook.com\/skyforcepl\/","article_modified_time":"2024-03-21T12:53:35+00:00","twitter_card":"summary_large_image","twitter_misc":{"Estimated reading time":"2 minutes"},"schema":{"@context":"https:\/\/schema.org","@graph":[{"@type":"WebPage","@id":"https:\/\/skyforce.pl\/pliki-do-pobrania\/","url":"https:\/\/skyforce.pl\/pliki-do-pobrania\/","name":"Pliki do pobrania - Skyforce - Skoki spadochronowe Warszawa, \u0141\u00f3d\u017a","isPartOf":{"@id":"https:\/\/skyforce.pl\/en\/#website"},"datePublished":"2019-03-26T13:11:56+00:00","dateModified":"2024-03-21T12:53:35+00:00","description":"Prze\u017cyj podniebn\u0105 przygod\u0119 ze SkyForce. Oferujemy skoki spadochronowe, skoki w tandemie, szkolenia spadochronowe AFF. Zapraszamy!","breadcrumb":{"@id":"https:\/\/skyforce.pl\/pliki-do-pobrania\/#breadcrumb"},"inLanguage":"en-GB","potentialAction":[{"@type":"ReadAction","target":["https:\/\/skyforce.pl\/pliki-do-pobrania\/"]}]},{"@type":"BreadcrumbList","@id":"https:\/\/skyforce.pl\/pliki-do-pobrania\/#breadcrumb","itemListElement":[{"@type":"ListItem","position":1,"name":"Strona g\u0142\u00f3wna","item":"https:\/\/skyforce.pl\/en\/"},{"@type":"ListItem","position":2,"name":"Pliki do pobrania"}]},{"@type":"WebSite","@id":"https:\/\/skyforce.pl\/en\/#website","url":"https:\/\/skyforce.pl\/en\/","name":"Skyforce - Skoki spadochronowe Warszawa, \u0141\u00f3d\u017a","description":"Oferujemy skoki spadochronowe, skoki w tandemie, szkolenia spadochronowe AFF","potentialAction":[{"@type":"SearchAction","target":{"@type":"EntryPoint","urlTemplate":"https:\/\/skyforce.pl\/en\/?s={search_term_string}"},"query-input":{"@type":"PropertyValueSpecification","valueRequired":true,"valueName":"search_term_string"}}],"inLanguage":"en-GB"}]}},"_links":{"self":[{"href":"https:\/\/skyforce.pl\/en\/wp-json\/wp\/v2\/pages\/13907","targetHints":{"allow":["GET"]}}],"collection":[{"href":"https:\/\/skyforce.pl\/en\/wp-json\/wp\/v2\/pages"}],"about":[{"href":"https:\/\/skyforce.pl\/en\/wp-json\/wp\/v2\/types\/page"}],"author":[{"embeddable":true,"href":"https:\/\/skyforce.pl\/en\/wp-json\/wp\/v2\/users\/976449"}],"replies":[{"embeddable":true,"href":"https:\/\/skyforce.pl\/en\/wp-json\/wp\/v2\/comments?post=13907"}],"version-history":[{"count":15,"href":"https:\/\/skyforce.pl\/en\/wp-json\/wp\/v2\/pages\/13907\/revisions"}],"predecessor-version":[{"id":16789,"href":"https:\/\/skyforce.pl\/en\/wp-json\/wp\/v2\/pages\/13907\/revisions\/16789"}],"wp:attachment":[{"href":"https:\/\/skyforce.pl\/en\/wp-json\/wp\/v2\/media?parent=13907"}],"curies":[{"name":"wp","href":"https:\/\/api.w.org\/{rel}","templated":true}]}}