{"id":15265,"date":"2020-03-09T13:57:18","date_gmt":"2020-03-09T12:57:18","guid":{"rendered":"https:\/\/skyforce.pl\/?page_id=15265"},"modified":"2024-03-21T14:02:21","modified_gmt":"2024-03-21T13:02:21","slug":"oferta","status":"publish","type":"page","link":"https:\/\/skyforce.pl\/en\/oferta\/","title":{"rendered":"Oferta"},"content":{"rendered":"<div class=\"wpb-content-wrapper\"><div class=\"vc_row wpb_row vc_row-fluid\"><div class=\"wpb_column vc_column_container vc_col-sm-12\"><div class=\"vc_column-inner\" style=\" text-align:center; \"><div class=\"wpb_wrapper\"><div id=\"1584608536774-41815fa2-79b7\" class=\"dt-sc-empty-space\"><\/div><div class='dt-sc-title with-two-color-stripe'><h3>Sprawimy, \u017ce z nami prze\u017cyjesz ogromne emocje, niesamowite wspomnienia i adrenalin\u0119 w czystej postaci.<\/h3><h2>Pomagamy prze\u0142amywa\u0107 Twoje s\u0142abo\u015bci, dzi\u0119ki nam mo\u017cesz <strong>poczu\u0107, \u017ce latasz!<\/h2><h5><\/h5><\/div><\/div><\/div><\/div><\/div><div data-vc-full-width=\"true\" data-vc-full-width-init=\"false\" data-vc-stretch-content=\"true\" class=\"vc_row wpb_row vc_row-fluid dt-sc-dark-bg move-to-top-small vc_row-no-padding\"><div class=\"wpb_column vc_column_container vc_col-sm-6 vc_col-has-fill\"><div class=\"vc_column-inner vc_custom_1584564346920\"><div class=\"wpb_wrapper\"><div class='dt-sc-icon-box type7 aligncenter without-border no-icon' style='background-color: rgba(0,70,120,0.7); height: 450px;'><div class=\"icon-content\"><h5>TW\u00d3J PIERWSZY KROK W \u015aWIECIE SPADOCHRONIARSTWA!<\/h5><h4>SKOKI TANDEM 4200<\/h4><p>Tandem to skok z instruktorem, kt\u00f3rego g\u0142\u00f3wnym celem jest \u015bwietna zabawa. To w\u0142a\u015bnie instruktor czuwa nad przebiegiem ca\u0142ego skoku, dlatego skoki tego typu s\u0105 niezwykle bezpieczne, zapewniaj\u0105c przy tym niezapomniane emocje.<\/strong><\/p>\n<p><a href='http:\/\/skyforce.pl\/en\/product-category\/skoki-tandemowe\/' target='_self' title='' class='dt-sc-button   large   filled rounded-corner'  data-hover='ZOBACZ OFERT\u0118'> ZOBACZ OFERT\u0118 <\/a><\/p><\/div><\/div><\/div><\/div><\/div><div class=\"wpb_column vc_column_container vc_col-sm-6 vc_col-has-fill\"><div class=\"vc_column-inner vc_custom_1584564390424\"><div class=\"wpb_wrapper\"><div class='dt-sc-icon-box type7 aligncenter without-border' style='background-color: rgba(0,70,120,0.7); height: 450px;'><div class=\"icon-content\"><h5>ZOSTA\u0143 SAMODZIELNYM SKOCZKIEM SPADOCHRONOWYM!<\/h5><h4>SZKOLENIA AFF<\/h4><p><p style=\"text-align: center;\">Kurs AFF to obecnie najszybsza, najbezpieczniejsza, a zarazem najbardziej efektywna metoda szkolenia na \u015bwiecie. Pozwala ona w szybki spos\u00f3b pozna\u0107 zasady skok\u00f3w ze spadochronem, opanowa\u0107 podstawowe umiej\u0119tno\u015bci sterowania cia\u0142em podczas swobodnego spadania oraz bezpiecznego l\u0105dowania.<\/p>\n<p><a href='http:\/\/skyforce.pl\/en\/product-category\/szkolenia-aff\/' target='_self' title='' class='dt-sc-button   large   filled rounded-corner'  data-hover='ZOBACZ OFERT\u0118'> ZOBACZ OFERT\u0118 <\/a><\/p><\/div><\/div><\/div><\/div><\/div><\/div><div class=\"vc_row-full-width vc_clearfix\"><\/div><div class=\"vc_row wpb_row vc_row-fluid\"><div class=\"wpb_column vc_column_container vc_col-sm-12\" id=\"contactshop\"><div class=\"vc_column-inner\" style=\" text-align:center; \"><div class=\"wpb_wrapper\"><div id=\"1584559087675-a93b843e-d9b1\" class=\"dt-sc-empty-space\"><\/div><div class='dt-sc-title with-two-color-stripe'><h3>Masz dodatkowe pytania lub specjalne \u017cyczenia?<\/h3><h2><strong>Skontaktuj si\u0119<\/strong> z nami bezpo\u015brednio.<\/h2><h5><\/h5><\/div><\/div><\/div><\/div><\/div>\n<\/div>","protected":false},"excerpt":{"rendered":"Sprawimy, \u017ce z nami prze\u017cyjesz ogromne emocje, niesamowite wspomnienia i adrenalin\u0119 w czystej postaci.Pomagamy prze\u0142amywa\u0107 Twoje s\u0142abo\u015bci, dzi\u0119ki nam mo\u017cesz poczu\u0107, \u017ce latasz!TW\u00d3J PIERWSZY KROK W \u015aWIECIE SPADOCHRONIARSTWA!SKOKI TANDEM 4200Tandem to skok z instruktorem, kt\u00f3rego g\u0142\u00f3wnym celem jest \u015bwietna zabawa. To w\u0142a\u015bnie instruktor czuwa nad przebiegiem ca\u0142ego skoku, dlatego skoki tego typu s\u0105 niezwykle bezpieczne, [...]","protected":false},"author":976449,"featured_media":0,"parent":0,"menu_order":0,"comment_status":"closed","ping_status":"closed","template":"","meta":{"footnotes":""},"class_list":["post-15265","page","type-page","status-publish","hentry"],"yoast_head":"<!-- This site is optimized with the Yoast SEO plugin v26.9 - https:\/\/yoast.com\/product\/yoast-seo-wordpress\/ -->\n<title>Oferta - Skyforce - Skoki spadochronowe Warszawa, \u0141\u00f3d\u017a<\/title>\n<meta name=\"robots\" content=\"index, follow, max-snippet:-1, max-image-preview:large, max-video-preview:-1\" \/>\n<link rel=\"canonical\" href=\"https:\/\/skyforce.pl\/en\/oferta\/\" \/>\n<meta property=\"og:locale\" content=\"en_GB\" \/>\n<meta property=\"og:type\" content=\"article\" \/>\n<meta property=\"og:title\" content=\"Oferta - Skyforce - Skoki spadochronowe Warszawa, \u0141\u00f3d\u017a\" \/>\n<meta property=\"og:url\" content=\"https:\/\/skyforce.pl\/en\/oferta\/\" \/>\n<meta property=\"og:site_name\" content=\"Skyforce - Skoki spadochronowe Warszawa, \u0141\u00f3d\u017a\" \/>\n<meta property=\"article:publisher\" content=\"https:\/\/www.facebook.com\/skyforcepl\/\" \/>\n<meta property=\"article:modified_time\" content=\"2024-03-21T13:02:21+00:00\" \/>\n<meta name=\"twitter:card\" content=\"summary_large_image\" \/>\n<meta name=\"twitter:label1\" content=\"Estimated reading time\" \/>\n\t<meta name=\"twitter:data1\" content=\"2 minutes\" \/>\n<script type=\"application\/ld+json\" class=\"yoast-schema-graph\">{\"@context\":\"https:\/\/schema.org\",\"@graph\":[{\"@type\":\"WebPage\",\"@id\":\"https:\/\/skyforce.pl\/oferta\/\",\"url\":\"https:\/\/skyforce.pl\/oferta\/\",\"name\":\"Oferta - Skyforce - Skoki spadochronowe Warszawa, \u0141\u00f3d\u017a\",\"isPartOf\":{\"@id\":\"https:\/\/skyforce.pl\/en\/#website\"},\"datePublished\":\"2020-03-09T12:57:18+00:00\",\"dateModified\":\"2024-03-21T13:02:21+00:00\",\"breadcrumb\":{\"@id\":\"https:\/\/skyforce.pl\/oferta\/#breadcrumb\"},\"inLanguage\":\"en-GB\",\"potentialAction\":[{\"@type\":\"ReadAction\",\"target\":[\"https:\/\/skyforce.pl\/oferta\/\"]}]},{\"@type\":\"BreadcrumbList\",\"@id\":\"https:\/\/skyforce.pl\/oferta\/#breadcrumb\",\"itemListElement\":[{\"@type\":\"ListItem\",\"position\":1,\"name\":\"Strona g\u0142\u00f3wna\",\"item\":\"https:\/\/skyforce.pl\/en\/\"},{\"@type\":\"ListItem\",\"position\":2,\"name\":\"Oferta\"}]},{\"@type\":\"WebSite\",\"@id\":\"https:\/\/skyforce.pl\/en\/#website\",\"url\":\"https:\/\/skyforce.pl\/en\/\",\"name\":\"Skyforce - Skoki spadochronowe Warszawa, \u0141\u00f3d\u017a\",\"description\":\"Oferujemy skoki spadochronowe, skoki w tandemie, szkolenia spadochronowe AFF\",\"potentialAction\":[{\"@type\":\"SearchAction\",\"target\":{\"@type\":\"EntryPoint\",\"urlTemplate\":\"https:\/\/skyforce.pl\/en\/?s={search_term_string}\"},\"query-input\":{\"@type\":\"PropertyValueSpecification\",\"valueRequired\":true,\"valueName\":\"search_term_string\"}}],\"inLanguage\":\"en-GB\"}]}<\/script>\n<!-- \/ Yoast SEO plugin. -->","yoast_head_json":{"title":"Oferta - Skyforce - Skoki spadochronowe Warszawa, \u0141\u00f3d\u017a","robots":{"index":"index","follow":"follow","max-snippet":"max-snippet:-1","max-image-preview":"max-image-preview:large","max-video-preview":"max-video-preview:-1"},"canonical":"https:\/\/skyforce.pl\/en\/oferta\/","og_locale":"en_GB","og_type":"article","og_title":"Oferta - Skyforce - Skoki spadochronowe Warszawa, \u0141\u00f3d\u017a","og_url":"https:\/\/skyforce.pl\/en\/oferta\/","og_site_name":"Skyforce - Skoki spadochronowe Warszawa, \u0141\u00f3d\u017a","article_publisher":"https:\/\/www.facebook.com\/skyforcepl\/","article_modified_time":"2024-03-21T13:02:21+00:00","twitter_card":"summary_large_image","twitter_misc":{"Estimated reading time":"2 minutes"},"schema":{"@context":"https:\/\/schema.org","@graph":[{"@type":"WebPage","@id":"https:\/\/skyforce.pl\/oferta\/","url":"https:\/\/skyforce.pl\/oferta\/","name":"Oferta - Skyforce - Skoki spadochronowe Warszawa, \u0141\u00f3d\u017a","isPartOf":{"@id":"https:\/\/skyforce.pl\/en\/#website"},"datePublished":"2020-03-09T12:57:18+00:00","dateModified":"2024-03-21T13:02:21+00:00","breadcrumb":{"@id":"https:\/\/skyforce.pl\/oferta\/#breadcrumb"},"inLanguage":"en-GB","potentialAction":[{"@type":"ReadAction","target":["https:\/\/skyforce.pl\/oferta\/"]}]},{"@type":"BreadcrumbList","@id":"https:\/\/skyforce.pl\/oferta\/#breadcrumb","itemListElement":[{"@type":"ListItem","position":1,"name":"Strona g\u0142\u00f3wna","item":"https:\/\/skyforce.pl\/en\/"},{"@type":"ListItem","position":2,"name":"Oferta"}]},{"@type":"WebSite","@id":"https:\/\/skyforce.pl\/en\/#website","url":"https:\/\/skyforce.pl\/en\/","name":"Skyforce - Skoki spadochronowe Warszawa, \u0141\u00f3d\u017a","description":"Oferujemy skoki spadochronowe, skoki w tandemie, szkolenia spadochronowe AFF","potentialAction":[{"@type":"SearchAction","target":{"@type":"EntryPoint","urlTemplate":"https:\/\/skyforce.pl\/en\/?s={search_term_string}"},"query-input":{"@type":"PropertyValueSpecification","valueRequired":true,"valueName":"search_term_string"}}],"inLanguage":"en-GB"}]}},"_links":{"self":[{"href":"https:\/\/skyforce.pl\/en\/wp-json\/wp\/v2\/pages\/15265","targetHints":{"allow":["GET"]}}],"collection":[{"href":"https:\/\/skyforce.pl\/en\/wp-json\/wp\/v2\/pages"}],"about":[{"href":"https:\/\/skyforce.pl\/en\/wp-json\/wp\/v2\/types\/page"}],"author":[{"embeddable":true,"href":"https:\/\/skyforce.pl\/en\/wp-json\/wp\/v2\/users\/976449"}],"replies":[{"embeddable":true,"href":"https:\/\/skyforce.pl\/en\/wp-json\/wp\/v2\/comments?post=15265"}],"version-history":[{"count":24,"href":"https:\/\/skyforce.pl\/en\/wp-json\/wp\/v2\/pages\/15265\/revisions"}],"predecessor-version":[{"id":15418,"href":"https:\/\/skyforce.pl\/en\/wp-json\/wp\/v2\/pages\/15265\/revisions\/15418"}],"wp:attachment":[{"href":"https:\/\/skyforce.pl\/en\/wp-json\/wp\/v2\/media?parent=15265"}],"curies":[{"name":"wp","href":"https:\/\/api.w.org\/{rel}","templated":true}]}}