{"id":15378,"date":"2020-03-18T21:59:17","date_gmt":"2020-03-18T20:59:17","guid":{"rendered":"https:\/\/skyforce.pl\/?post_type=product&#038;p=15378"},"modified":"2025-03-17T09:36:55","modified_gmt":"2025-03-17T08:36:55","slug":"szkolenie-aff-intro","status":"publish","type":"product","link":"https:\/\/skyforce.pl\/en\/product\/szkolenie-aff-intro\/","title":{"rendered":"SZKOLENIE SPADOCHRONOWE AFF INTRO"},"content":{"rendered":"<h3><strong>Jakie mo\u017cliwo\u015bci daje kurs AFF<\/strong>:<\/h3>\n<p>Po pomy\u015blnym uko\u0144czeniu kursu AFF, a wi\u0119c wykonaniu oko\u0142o 7 skok\u00f3w (wszystko zale\u017cy od indywidualnych post\u0119p\u00f3w w szkoleniu), stajesz si\u0119 uczniem-skoczkiem. Oznacza to, \u017ce mo\u017cesz kolejne skoki wykonywa\u0107 samodzielnie, pozostaj\u0105c pod naziemnym nadzorem instruktora. Przed ka\u017cdym skokiem sprawdzi on ciebie i tw\u00f3j sprz\u0119t. B\u0119dzie obserwowa\u0142 twoje l\u0105dowania i rozw\u00f3j. Ca\u0142y czas b\u0119dzie na lotnisku, gotowy rozwia\u0107 wszelkie twoje w\u0105tpliwo\u015bci i odpowiedzie\u0107 na wszystkie pytania.<\/p>\n<p>Kiedy liczba twoich skok\u00f3w przekroczy 50, mo\u017cesz przyst\u0105pi\u0107 do egzaminu na \u015awiadectwo Kwalifikacji. Po otrzymaniu go stajesz si\u0119 samodzielnym skoczkiem, posiadaj\u0105cym pa\u0144stwow\u0105 licencj\u0119 PJ(B) wydawan\u0105 przez ULC (Urz\u0105d Lotnictwa Cywilnego).W tym momencie ca\u0142y \u015bwiat spadochronowy staje przed tob\u0105 otworem. Mo\u017cesz wykonywa\u0107 skoki w grupach, rozwija\u0107 si\u0119 w dziedzinie, kt\u00f3ra najbardziej Ci si\u0119 podoba.<\/p>\n<p>Wi\u0119cej mo\u017cliwo\u015bci, kt\u00f3re daje SkyForce skoczkom znajdziesz\u00a0<strong><a href=\"https:\/\/skyforce.pl\/en\/skoczkowie\/\" target=\"_blank\" rel=\"noopener noreferrer\">GO HERE<\/a><\/strong><\/p>\n<h3><strong>Infrastruktura Sky Force do dyspozycji skoczk\u00f3w<\/strong>:<\/h3>\n<ul>\n<li>odp\u0142atna wypo\u017cyczalnia szerokiej gamy sprz\u0119t\u00f3w (od du\u017cych, szkolnych, przez przej\u015bciowe, a\u017c po mniejsze);<\/li>\n<li>Camps run by the best instructors in Poland and Europe (eg. canopy piloting, etc.);<\/li>\n<li>wygodna uk\u0142adalnia;<\/li>\n<li>Parachute laying courses;<\/li>\n<li>Accommodation;<\/li>\n<li>Toilets, showers;<\/li>\n<li>Bar at the airport.<\/li>\n<\/ul>\n<h3>Wa\u017cne informacje i warunki realizacji skoku:<\/h3>\n<ul>\n<li>Aby przyst\u0105pi\u0107 do kursu nale\u017cy wykupi\u0107 ubezpieczenie OC (cena ok. 270 z\u0142 &#8211; wa\u017cne przez rok);<\/li>\n<li>The weight of the student may not exceed\u00a0<strong>110 kg<\/strong>;<\/li>\n<li>Medical examinations are not necessary;<\/li>\n<li>The instructor should be informed of all illnesses and serious injuries;<\/li>\n<li>Do kursu mo\u017cna przyst\u0105pi\u0107 w wieku\u00a0<strong>min. 16 lat<\/strong>. Osoby niepe\u0142noletnie musz\u0105 posiada\u0107 zgod\u0119 obojga rodzic\u00f3w sporz\u0105dzon\u0105 u notariusza lub podpisan\u0105 na miejscu w strefie SkyForce.<\/li>\n<li><strong>Skoki realizowane s\u0105 w ka\u017cdy weekend<\/strong>\u00a0(okazyjnie r\u00f3wnie\u017c w tygodniu, wyloty bez wy\u0142\u0105czania)<strong>\u00a0przez ca\u0142y sezon<\/strong>\u00a0(trwaj\u0105cy od pocz\u0105tku kwietnia, a\u017c do ko\u0144ca\u00a0pa\u017adziernika).<\/li>\n<li>Skoki spadochronowe wykonywane s\u0105 tylko przy odpowiednich warunkach atmosferycznych. SkyForce nie ponosi odpowiedzialno\u015bci za brak odpowiedniej pogody i inne sytuacje losowe;<\/li>\n<li>W przypadku braku dobrej pogody, skok przek\u0142adany jest na inny, uzgodniony przez obie strony termin.<\/li>\n<\/ul>","protected":false},"excerpt":{"rendered":"<p><strong>Kurs na skoczka spadochronowego AFF INTRO zawiera:<\/strong><\/p>\n<ul>\n<li>szkolenie teoretyczne;<\/li>\n<li>\u0107wiczenia naziemne;<\/li>\n<li><strong>1 skok z 4200m\u00a0<\/strong>z samolotu SkyVan SC7 z dwoma instruktorami (oko\u0142o 55 sekund wolnego spadania i 5 minut lotu na czaszy);<\/li>\n<li>film ze skoku;<\/li>\n<li>om\u00f3wienie skoku;<\/li>\n<li>do u\u017cytku podczas kursu:\u00a0spadochron, gogle, kombinezon, kask, wysoko\u015bciomierz.<\/li>\n<\/ul>\n<p><strong>WA\u017bNE! W przypadku wyboru opcji zap\u0142aty &#8222;na miejscu przed skokiem&#8221; oraz &#8222;zaliczki 50%&#8221;,\u00a0 kwota zap\u0142aty wyliczana jest na podstawie aktualnie obowi\u0105zuj\u0105cych w dniu szkolenia cen. \ud83d\ude42<\/strong><\/p>\n<p>Je\u015bli po pierwszym skoku masz ochot\u0119 kontynuowa\u0107 szkolenie, kolejne skoki kosztuj\u0105: 1050 z\u0142 w przypadku skoku w asy\u015bcie dw\u00f3ch instruktor\u00f3w, 850 z\u0142 w przypadku skoku z jednym instruktorem.<\/p>","protected":false},"featured_media":15565,"comment_status":"open","ping_status":"closed","template":"","meta":[],"product_brand":[],"product_cat":[56],"product_tag":[78],"class_list":{"0":"post-15378","1":"product","2":"type-product","3":"status-publish","4":"has-post-thumbnail","6":"product_cat-szkolenia-aff","7":"product_tag-aff","9":"first","10":"instock","11":"sale","12":"shipping-taxable","13":"purchasable","14":"product-type-variable"},"yoast_head":"<!-- This site is optimized with the Yoast SEO plugin v26.9 - https:\/\/yoast.com\/product\/yoast-seo-wordpress\/ -->\n<title>SZKOLENIE SPADOCHRONOWE AFF INTRO - SKYFORCE<\/title>\n<meta name=\"robots\" content=\"index, follow, max-snippet:-1, max-image-preview:large, max-video-preview:-1\" \/>\n<link rel=\"canonical\" href=\"https:\/\/skyforce.pl\/en\/product\/szkolenie-aff-intro\/\" \/>\n<meta property=\"og:locale\" content=\"en_GB\" \/>\n<meta property=\"og:type\" content=\"article\" \/>\n<meta property=\"og:title\" content=\"SZKOLENIE SPADOCHRONOWE AFF INTRO - SKYFORCE\" \/>\n<meta property=\"og:description\" content=\"Kurs na skoczka spadochronowego AFF INTRO zawiera:   szkolenie teoretyczne;  \u0107wiczenia naziemne;  1 skok z 4200m\u00a0z samolotu SkyVan SC7 z dwoma instruktorami (oko\u0142o 55 sekund wolnego spadania i 5 minut lotu na czaszy);  film ze skoku;  om\u00f3wienie skoku;  do u\u017cytku podczas kursu:\u00a0spadochron, gogle, kombinezon, kask, wysoko\u015bciomierz.  WA\u017bNE! W przypadku wyboru opcji zap\u0142aty &quot;na miejscu przed skokiem&quot; oraz &quot;zaliczki 50%&quot;,\u00a0 kwota zap\u0142aty wyliczana jest na podstawie aktualnie obowi\u0105zuj\u0105cych w dniu szkolenia cen. :-)  Je\u015bli po pierwszym skoku masz ochot\u0119 kontynuowa\u0107 szkolenie, kolejne skoki kosztuj\u0105: 1050 z\u0142 w przypadku skoku w asy\u015bcie dw\u00f3ch instruktor\u00f3w, 850 z\u0142 w przypadku skoku z jednym instruktorem.\" \/>\n<meta property=\"og:url\" content=\"https:\/\/skyforce.pl\/en\/product\/szkolenie-aff-intro\/\" \/>\n<meta property=\"og:site_name\" content=\"Skyforce - Skoki spadochronowe Warszawa, \u0141\u00f3d\u017a\" \/>\n<meta property=\"article:publisher\" content=\"https:\/\/www.facebook.com\/skyforcepl\/\" \/>\n<meta property=\"article:modified_time\" content=\"2025-03-17T08:36:55+00:00\" \/>\n<meta property=\"og:image\" content=\"https:\/\/skyforce.pl\/wp-content\/uploads\/2020\/03\/szkolenie-spadochronowe-aff-intro.jpeg\" \/>\n\t<meta property=\"og:image:width\" content=\"1920\" \/>\n\t<meta property=\"og:image:height\" content=\"1280\" \/>\n\t<meta property=\"og:image:type\" content=\"image\/jpeg\" \/>\n<meta name=\"twitter:card\" content=\"summary_large_image\" \/>\n<meta name=\"twitter:label1\" content=\"Estimated reading time\" \/>\n\t<meta name=\"twitter:data1\" content=\"3 minutes\" \/>\n<script type=\"application\/ld+json\" class=\"yoast-schema-graph\">{\"@context\":\"https:\/\/schema.org\",\"@graph\":[{\"@type\":\"WebPage\",\"@id\":\"https:\/\/skyforce.pl\/produkt\/szkolenie-aff-intro\/\",\"url\":\"https:\/\/skyforce.pl\/produkt\/szkolenie-aff-intro\/\",\"name\":\"SZKOLENIE SPADOCHRONOWE AFF INTRO - SKYFORCE\",\"isPartOf\":{\"@id\":\"https:\/\/skyforce.pl\/en\/#website\"},\"primaryImageOfPage\":{\"@id\":\"https:\/\/skyforce.pl\/produkt\/szkolenie-aff-intro\/#primaryimage\"},\"image\":{\"@id\":\"https:\/\/skyforce.pl\/produkt\/szkolenie-aff-intro\/#primaryimage\"},\"thumbnailUrl\":\"https:\/\/skyforce.pl\/wp-content\/uploads\/2020\/03\/szkolenie-spadochronowe-aff-intro.jpeg\",\"datePublished\":\"2020-03-18T20:59:17+00:00\",\"dateModified\":\"2025-03-17T08:36:55+00:00\",\"breadcrumb\":{\"@id\":\"https:\/\/skyforce.pl\/produkt\/szkolenie-aff-intro\/#breadcrumb\"},\"inLanguage\":\"en-GB\",\"potentialAction\":[{\"@type\":\"ReadAction\",\"target\":[\"https:\/\/skyforce.pl\/produkt\/szkolenie-aff-intro\/\"]}]},{\"@type\":\"ImageObject\",\"inLanguage\":\"en-GB\",\"@id\":\"https:\/\/skyforce.pl\/produkt\/szkolenie-aff-intro\/#primaryimage\",\"url\":\"https:\/\/skyforce.pl\/wp-content\/uploads\/2020\/03\/szkolenie-spadochronowe-aff-intro.jpeg\",\"contentUrl\":\"https:\/\/skyforce.pl\/wp-content\/uploads\/2020\/03\/szkolenie-spadochronowe-aff-intro.jpeg\",\"width\":1920,\"height\":1280,\"caption\":\"00000000000000000000000000000000000000000000000000000000\"},{\"@type\":\"BreadcrumbList\",\"@id\":\"https:\/\/skyforce.pl\/produkt\/szkolenie-aff-intro\/#breadcrumb\",\"itemListElement\":[{\"@type\":\"ListItem\",\"position\":1,\"name\":\"Strona g\u0142\u00f3wna\",\"item\":\"https:\/\/skyforce.pl\/en\/\"},{\"@type\":\"ListItem\",\"position\":2,\"name\":\"Sklep\",\"item\":\"https:\/\/skyforce.pl\/sklep\/\"},{\"@type\":\"ListItem\",\"position\":3,\"name\":\"SZKOLENIE SPADOCHRONOWE AFF INTRO\"}]},{\"@type\":\"WebSite\",\"@id\":\"https:\/\/skyforce.pl\/en\/#website\",\"url\":\"https:\/\/skyforce.pl\/en\/\",\"name\":\"Skyforce - Skoki spadochronowe Warszawa, \u0141\u00f3d\u017a\",\"description\":\"Oferujemy skoki spadochronowe, skoki w tandemie, szkolenia spadochronowe AFF\",\"potentialAction\":[{\"@type\":\"SearchAction\",\"target\":{\"@type\":\"EntryPoint\",\"urlTemplate\":\"https:\/\/skyforce.pl\/en\/?s={search_term_string}\"},\"query-input\":{\"@type\":\"PropertyValueSpecification\",\"valueRequired\":true,\"valueName\":\"search_term_string\"}}],\"inLanguage\":\"en-GB\"}]}<\/script>\n<!-- \/ Yoast SEO plugin. -->","yoast_head_json":{"title":"SZKOLENIE SPADOCHRONOWE AFF INTRO - SKYFORCE","robots":{"index":"index","follow":"follow","max-snippet":"max-snippet:-1","max-image-preview":"max-image-preview:large","max-video-preview":"max-video-preview:-1"},"canonical":"https:\/\/skyforce.pl\/en\/product\/szkolenie-aff-intro\/","og_locale":"en_GB","og_type":"article","og_title":"SZKOLENIE SPADOCHRONOWE AFF INTRO - SKYFORCE","og_description":"Kurs na skoczka spadochronowego AFF INTRO zawiera:   szkolenie teoretyczne;  \u0107wiczenia naziemne;  1 skok z 4200m\u00a0z samolotu SkyVan SC7 z dwoma instruktorami (oko\u0142o 55 sekund wolnego spadania i 5 minut lotu na czaszy);  film ze skoku;  om\u00f3wienie skoku;  do u\u017cytku podczas kursu:\u00a0spadochron, gogle, kombinezon, kask, wysoko\u015bciomierz.  WA\u017bNE! W przypadku wyboru opcji zap\u0142aty \"na miejscu przed skokiem\" oraz \"zaliczki 50%\",\u00a0 kwota zap\u0142aty wyliczana jest na podstawie aktualnie obowi\u0105zuj\u0105cych w dniu szkolenia cen. :-)  Je\u015bli po pierwszym skoku masz ochot\u0119 kontynuowa\u0107 szkolenie, kolejne skoki kosztuj\u0105: 1050 z\u0142 w przypadku skoku w asy\u015bcie dw\u00f3ch instruktor\u00f3w, 850 z\u0142 w przypadku skoku z jednym instruktorem.","og_url":"https:\/\/skyforce.pl\/en\/product\/szkolenie-aff-intro\/","og_site_name":"Skyforce - Skoki spadochronowe Warszawa, \u0141\u00f3d\u017a","article_publisher":"https:\/\/www.facebook.com\/skyforcepl\/","article_modified_time":"2025-03-17T08:36:55+00:00","og_image":[{"width":1920,"height":1280,"url":"https:\/\/skyforce.pl\/wp-content\/uploads\/2020\/03\/szkolenie-spadochronowe-aff-intro.jpeg","type":"image\/jpeg"}],"twitter_card":"summary_large_image","twitter_misc":{"Estimated reading time":"3 minutes"},"schema":{"@context":"https:\/\/schema.org","@graph":[{"@type":"WebPage","@id":"https:\/\/skyforce.pl\/produkt\/szkolenie-aff-intro\/","url":"https:\/\/skyforce.pl\/produkt\/szkolenie-aff-intro\/","name":"SZKOLENIE SPADOCHRONOWE AFF INTRO - SKYFORCE","isPartOf":{"@id":"https:\/\/skyforce.pl\/en\/#website"},"primaryImageOfPage":{"@id":"https:\/\/skyforce.pl\/produkt\/szkolenie-aff-intro\/#primaryimage"},"image":{"@id":"https:\/\/skyforce.pl\/produkt\/szkolenie-aff-intro\/#primaryimage"},"thumbnailUrl":"https:\/\/skyforce.pl\/wp-content\/uploads\/2020\/03\/szkolenie-spadochronowe-aff-intro.jpeg","datePublished":"2020-03-18T20:59:17+00:00","dateModified":"2025-03-17T08:36:55+00:00","breadcrumb":{"@id":"https:\/\/skyforce.pl\/produkt\/szkolenie-aff-intro\/#breadcrumb"},"inLanguage":"en-GB","potentialAction":[{"@type":"ReadAction","target":["https:\/\/skyforce.pl\/produkt\/szkolenie-aff-intro\/"]}]},{"@type":"ImageObject","inLanguage":"en-GB","@id":"https:\/\/skyforce.pl\/produkt\/szkolenie-aff-intro\/#primaryimage","url":"https:\/\/skyforce.pl\/wp-content\/uploads\/2020\/03\/szkolenie-spadochronowe-aff-intro.jpeg","contentUrl":"https:\/\/skyforce.pl\/wp-content\/uploads\/2020\/03\/szkolenie-spadochronowe-aff-intro.jpeg","width":1920,"height":1280,"caption":"00000000000000000000000000000000000000000000000000000000"},{"@type":"BreadcrumbList","@id":"https:\/\/skyforce.pl\/produkt\/szkolenie-aff-intro\/#breadcrumb","itemListElement":[{"@type":"ListItem","position":1,"name":"Strona g\u0142\u00f3wna","item":"https:\/\/skyforce.pl\/en\/"},{"@type":"ListItem","position":2,"name":"Sklep","item":"https:\/\/skyforce.pl\/sklep\/"},{"@type":"ListItem","position":3,"name":"SZKOLENIE SPADOCHRONOWE AFF INTRO"}]},{"@type":"WebSite","@id":"https:\/\/skyforce.pl\/en\/#website","url":"https:\/\/skyforce.pl\/en\/","name":"Skyforce - Skoki spadochronowe Warszawa, \u0141\u00f3d\u017a","description":"Oferujemy skoki spadochronowe, skoki w tandemie, szkolenia spadochronowe AFF","potentialAction":[{"@type":"SearchAction","target":{"@type":"EntryPoint","urlTemplate":"https:\/\/skyforce.pl\/en\/?s={search_term_string}"},"query-input":{"@type":"PropertyValueSpecification","valueRequired":true,"valueName":"search_term_string"}}],"inLanguage":"en-GB"}]}},"_links":{"self":[{"href":"https:\/\/skyforce.pl\/en\/wp-json\/wp\/v2\/product\/15378","targetHints":{"allow":["GET"]}}],"collection":[{"href":"https:\/\/skyforce.pl\/en\/wp-json\/wp\/v2\/product"}],"about":[{"href":"https:\/\/skyforce.pl\/en\/wp-json\/wp\/v2\/types\/product"}],"replies":[{"embeddable":true,"href":"https:\/\/skyforce.pl\/en\/wp-json\/wp\/v2\/comments?post=15378"}],"wp:featuredmedia":[{"embeddable":true,"href":"https:\/\/skyforce.pl\/en\/wp-json\/wp\/v2\/media\/15565"}],"wp:attachment":[{"href":"https:\/\/skyforce.pl\/en\/wp-json\/wp\/v2\/media?parent=15378"}],"wp:term":[{"taxonomy":"product_brand","embeddable":true,"href":"https:\/\/skyforce.pl\/en\/wp-json\/wp\/v2\/product_brand?post=15378"},{"taxonomy":"product_cat","embeddable":true,"href":"https:\/\/skyforce.pl\/en\/wp-json\/wp\/v2\/product_cat?post=15378"},{"taxonomy":"product_tag","embeddable":true,"href":"https:\/\/skyforce.pl\/en\/wp-json\/wp\/v2\/product_tag?post=15378"}],"curies":[{"name":"wp","href":"https:\/\/api.w.org\/{rel}","templated":true}]}}